
{"id":1546,"date":"2016-12-15T17:22:53","date_gmt":"2016-12-15T17:22:53","guid":{"rendered":"http:\/\/martaberrocal.org\/es\/?page_id=1546"},"modified":"2018-02-22T19:43:52","modified_gmt":"2018-02-22T19:43:52","slug":"presentacion","status":"publish","type":"page","link":"https:\/\/martaberrocal.org\/es\/presentacion\/","title":{"rendered":"Me atraen los molinillos"},"content":{"rendered":"<h4 style=\"text-align: left;\"><\/h4>\n<p><strong>RETAZOS DE CIELO CON MOLINILLO<\/strong><\/p>\n<p><img loading=\"lazy\" decoding=\"async\" class=\"alignleft wp-image-1757\" src=\"https:\/\/martaberrocal.org\/es\/wp-content\/uploads\/2016\/12\/DSC_0515-Copiar-300x225.jpg\" width=\"193\" height=\"145\" \/><strong>Me atraen los molinillos de viento de una manera especial<\/strong>. Me fascina la capacidad que tienen de moverse sin ritmo fijo y tambi\u00e9n de permanecer en reposo. <strong>Me siento identificada con ellos.<\/strong><\/p>\n<p>A lo largo de los a\u00f1os he tenido much\u00edsimos, de formas y materiales diferentes, que han acabado estropeados por el viento, el sol y la lluvia.<\/p>\n<p><strong>El molinillo que aparece en las im\u00e1genes es un regalo de una amiga entra\u00f1able<\/strong>, que me trajo de Alemania. Consigui\u00f3 meterlo en una maleta de cabina junto a unos cuantos tarros de miel, tabletas de chocolate, un esqueje de avellano, bulbos de <em>Galanthus nivalis<\/em>, siemprevivas dentadas, alg\u00fan objeto personal\u00a0y algo de ropa.<\/p>\n<p><strong>El molinillo<\/strong> ocupa ahora un lugar privilegiado en casa, orientado hacia la salida del sol, frente al mar. Su silueta se recorta contra el cielo y capta mi atenci\u00f3n nada m\u00e1s empezar el d\u00eda, d\u00eda tras d\u00eda.\u00a0 Lo primero que hago al levantarme es salir al exterior, encuadrar el molinillo y atraparlo con un retazo de cielo. Luego comparto la imagen con personas queridas. Algunos d\u00edas una sola imagen, y otros d\u00edas, muchas m\u00e1s. Nunca s\u00e9 por adelantado cu\u00e1ntas, me dejo seducir por los colores del amanecer y a\u00a0menudo me olvido del tiempo&#8230;<\/p>\n<p><span style=\"color: #33cccc;\"><span style=\"color: #3366ff;\">Ir\u00e9is encontrando<\/span>\u00a0<\/span>algo m\u00e1s de informaci\u00f3n sobre m\u00ed, bajo algunos de\u00a0los siguientes retazos de cielo:<\/p>\n<p><a href=\"https:\/\/martaberrocal.org\/es\/wp-content\/uploads\/2016\/11\/Molinet-1.jpg\"><img loading=\"lazy\" decoding=\"async\" class=\"alignnone wp-image-1537\" src=\"https:\/\/martaberrocal.org\/es\/wp-content\/uploads\/2016\/11\/Molinet-1-300x300.jpg\" alt=\" \" width=\"140\" height=\"140\" srcset=\"https:\/\/martaberrocal.org\/es\/wp-content\/uploads\/2016\/11\/Molinet-1-300x300.jpg 300w, https:\/\/martaberrocal.org\/es\/wp-content\/uploads\/2016\/11\/Molinet-1-150x150.jpg 150w, https:\/\/martaberrocal.org\/es\/wp-content\/uploads\/2016\/11\/Molinet-1.jpg 600w\" sizes=\"auto, (max-width: 140px) 100vw, 140px\" \/><\/a><a href=\"https:\/\/martaberrocal.org\/es\/?page_id=1780\"><img loading=\"lazy\" decoding=\"async\" class=\"alignnone wp-image-1538\" src=\"https:\/\/martaberrocal.org\/es\/wp-content\/uploads\/2016\/11\/Molinet-2-300x300.jpg\" alt=\"molinet-2\" width=\"140\" height=\"140\" srcset=\"https:\/\/martaberrocal.org\/es\/wp-content\/uploads\/2016\/11\/Molinet-2-300x300.jpg 300w, https:\/\/martaberrocal.org\/es\/wp-content\/uploads\/2016\/11\/Molinet-2-150x150.jpg 150w, https:\/\/martaberrocal.org\/es\/wp-content\/uploads\/2016\/11\/Molinet-2.jpg 600w\" sizes=\"auto, (max-width: 140px) 100vw, 140px\" \/><\/a><a href=\"https:\/\/martaberrocal.org\/es\/wp-content\/uploads\/2016\/11\/Molinet-3.jpg\"><img loading=\"lazy\" decoding=\"async\" class=\"alignnone wp-image-1539\" src=\"https:\/\/martaberrocal.org\/es\/wp-content\/uploads\/2016\/11\/Molinet-3-300x300.jpg\" alt=\"molinet-3\" width=\"140\" height=\"140\" srcset=\"https:\/\/martaberrocal.org\/es\/wp-content\/uploads\/2016\/11\/Molinet-3-300x300.jpg 300w, https:\/\/martaberrocal.org\/es\/wp-content\/uploads\/2016\/11\/Molinet-3-150x150.jpg 150w, https:\/\/martaberrocal.org\/es\/wp-content\/uploads\/2016\/11\/Molinet-3.jpg 600w\" sizes=\"auto, (max-width: 140px) 100vw, 140px\" \/><\/a> <img loading=\"lazy\" decoding=\"async\" class=\"alignnone wp-image-1540\" src=\"https:\/\/martaberrocal.org\/es\/wp-content\/uploads\/2016\/11\/Molinet-4-300x300.jpg\" alt=\"molinet-4\" width=\"140\" height=\"140\" srcset=\"https:\/\/martaberrocal.org\/es\/wp-content\/uploads\/2016\/11\/Molinet-4-300x300.jpg 300w, https:\/\/martaberrocal.org\/es\/wp-content\/uploads\/2016\/11\/Molinet-4-150x150.jpg 150w, https:\/\/martaberrocal.org\/es\/wp-content\/uploads\/2016\/11\/Molinet-4.jpg 600w\" sizes=\"auto, (max-width: 140px) 100vw, 140px\" \/><a href=\"https:\/\/martaberrocal.org\/es\/wp-content\/uploads\/2016\/11\/Molinet-5.jpg\"><img loading=\"lazy\" decoding=\"async\" class=\"alignnone wp-image-1541\" src=\"https:\/\/martaberrocal.org\/es\/wp-content\/uploads\/2016\/11\/Molinet-5-300x300.jpg\" alt=\" Titulaci\u00f3 acad\u00e8mica -molinet-5\" width=\"140\" height=\"140\" srcset=\"https:\/\/martaberrocal.org\/es\/wp-content\/uploads\/2016\/11\/Molinet-5-300x300.jpg 300w, https:\/\/martaberrocal.org\/es\/wp-content\/uploads\/2016\/11\/Molinet-5-150x150.jpg 150w, https:\/\/martaberrocal.org\/es\/wp-content\/uploads\/2016\/11\/Molinet-5.jpg 600w\" sizes=\"auto, (max-width: 140px) 100vw, 140px\" \/><\/a><a href=\"https:\/\/martaberrocal.org\/es\/?page_id=1765\"><img loading=\"lazy\" decoding=\"async\" class=\"alignnone wp-image-1542\" src=\"https:\/\/martaberrocal.org\/es\/wp-content\/uploads\/2016\/11\/Molinet-6-300x300.jpg\" alt=\"molinet-6\" width=\"140\" height=\"140\" srcset=\"https:\/\/martaberrocal.org\/es\/wp-content\/uploads\/2016\/11\/Molinet-6-300x300.jpg 300w, https:\/\/martaberrocal.org\/es\/wp-content\/uploads\/2016\/11\/Molinet-6-150x150.jpg 150w, https:\/\/martaberrocal.org\/es\/wp-content\/uploads\/2016\/11\/Molinet-6.jpg 600w\" sizes=\"auto, (max-width: 140px) 100vw, 140px\" \/><\/a> <a href=\"https:\/\/martaberrocal.org\/es\/wp-content\/uploads\/2016\/11\/Molinet-7.jpg\"><img loading=\"lazy\" decoding=\"async\" class=\"alignnone wp-image-1543\" src=\"https:\/\/martaberrocal.org\/es\/wp-content\/uploads\/2016\/11\/Molinet-7-300x300.jpg\" alt=\"molinet-7\" width=\"140\" height=\"140\" srcset=\"https:\/\/martaberrocal.org\/es\/wp-content\/uploads\/2016\/11\/Molinet-7-300x300.jpg 300w, https:\/\/martaberrocal.org\/es\/wp-content\/uploads\/2016\/11\/Molinet-7-150x150.jpg 150w, https:\/\/martaberrocal.org\/es\/wp-content\/uploads\/2016\/11\/Molinet-7.jpg 600w\" sizes=\"auto, (max-width: 140px) 100vw, 140px\" \/><\/a><a href=\"https:\/\/martaberrocal.org\/es\/wp-content\/uploads\/2016\/11\/Molinet-8.jpg\"><img loading=\"lazy\" decoding=\"async\" class=\"alignnone wp-image-1544\" src=\"https:\/\/martaberrocal.org\/es\/wp-content\/uploads\/2016\/11\/Molinet-8-300x300.jpg\" alt=\"molinet-8\" width=\"140\" height=\"140\" srcset=\"https:\/\/martaberrocal.org\/es\/wp-content\/uploads\/2016\/11\/Molinet-8-300x300.jpg 300w, https:\/\/martaberrocal.org\/es\/wp-content\/uploads\/2016\/11\/Molinet-8-150x150.jpg 150w, https:\/\/martaberrocal.org\/es\/wp-content\/uploads\/2016\/11\/Molinet-8.jpg 600w\" sizes=\"auto, (max-width: 140px) 100vw, 140px\" \/><\/a><img loading=\"lazy\" decoding=\"async\" class=\"alignnone wp-image-1545\" src=\"https:\/\/martaberrocal.org\/es\/wp-content\/uploads\/2016\/11\/Molinet-9-300x300.jpg\" alt=\"molinet-9\" width=\"140\" height=\"140\" srcset=\"https:\/\/martaberrocal.org\/es\/wp-content\/uploads\/2016\/11\/Molinet-9-300x300.jpg 300w, https:\/\/martaberrocal.org\/es\/wp-content\/uploads\/2016\/11\/Molinet-9-150x150.jpg 150w, https:\/\/martaberrocal.org\/es\/wp-content\/uploads\/2016\/11\/Molinet-9.jpg 600w\" sizes=\"auto, (max-width: 140px) 100vw, 140px\" \/><\/p>\n<p>Pod\u00e9is seguir las salidas de sol diariamente a trav\u00e9s del <a href=\"https:\/\/martaberrocal.org\/es\/blog\/\"><strong>blog<\/strong> <\/a>y en la secci\u00f3n <a href=\"https:\/\/martaberrocal.org\/es\/fotografias\/\"><strong>Fotograf\u00edas<\/strong><\/a>, las encontrar\u00e9is agrupadas por a\u00f1os y meses.<\/p>\n<p>&nbsp;<\/p>\n","protected":false},"excerpt":{"rendered":"<p>RETAZOS DE CIELO CON MOLINILLO Me atraen los molinillos de viento de una manera especial. Me fascina la capacidad que tienen de moverse sin ritmo fijo y tambi\u00e9n de permanecer en reposo. Me siento identificada con ellos. A lo largo de los a\u00f1os he tenido much\u00edsimos, de formas y materiales diferentes, que han acabado estropeados &hellip; <a href=\"https:\/\/martaberrocal.org\/es\/presentacion\/\" class=\"more-link\">Seguir leyendo <span class=\"screen-reader-text\">Me atraen los molinillos<\/span> <span class=\"meta-nav\">&rarr;<\/span><\/a><\/p>\n","protected":false},"author":1,"featured_media":0,"parent":0,"menu_order":0,"comment_status":"closed","ping_status":"closed","template":"","meta":{"footnotes":""},"class_list":["post-1546","page","type-page","status-publish","hentry"],"_links":{"self":[{"href":"https:\/\/martaberrocal.org\/es\/wp-json\/wp\/v2\/pages\/1546","targetHints":{"allow":["GET"]}}],"collection":[{"href":"https:\/\/martaberrocal.org\/es\/wp-json\/wp\/v2\/pages"}],"about":[{"href":"https:\/\/martaberrocal.org\/es\/wp-json\/wp\/v2\/types\/page"}],"author":[{"embeddable":true,"href":"https:\/\/martaberrocal.org\/es\/wp-json\/wp\/v2\/users\/1"}],"replies":[{"embeddable":true,"href":"https:\/\/martaberrocal.org\/es\/wp-json\/wp\/v2\/comments?post=1546"}],"version-history":[{"count":31,"href":"https:\/\/martaberrocal.org\/es\/wp-json\/wp\/v2\/pages\/1546\/revisions"}],"predecessor-version":[{"id":4796,"href":"https:\/\/martaberrocal.org\/es\/wp-json\/wp\/v2\/pages\/1546\/revisions\/4796"}],"wp:attachment":[{"href":"https:\/\/martaberrocal.org\/es\/wp-json\/wp\/v2\/media?parent=1546"}],"curies":[{"name":"wp","href":"https:\/\/api.w.org\/{rel}","templated":true}]}}