
{"id":1765,"date":"2016-12-29T12:19:31","date_gmt":"2016-12-29T12:19:31","guid":{"rendered":"http:\/\/martaberrocal.org\/es\/?page_id=1765"},"modified":"2017-05-30T09:31:32","modified_gmt":"2017-05-30T09:31:32","slug":"1765-2","status":"publish","type":"page","link":"https:\/\/martaberrocal.org\/es\/1765-2\/","title":{"rendered":""},"content":{"rendered":"<h5>TITULACI\u00d3N ACAD\u00c9MICA<\/h5>\n<p>&nbsp;<\/p>\n<p><img loading=\"lazy\" decoding=\"async\" class=\"wp-image-1542 aligncenter\" src=\"https:\/\/martaberrocal.org\/es\/wp-content\/uploads\/2016\/11\/Molinet-6-300x300.jpg\" alt=\"\" width=\"140\" height=\"140\" srcset=\"https:\/\/martaberrocal.org\/es\/wp-content\/uploads\/2016\/11\/Molinet-6-300x300.jpg 300w, https:\/\/martaberrocal.org\/es\/wp-content\/uploads\/2016\/11\/Molinet-6-150x150.jpg 150w, https:\/\/martaberrocal.org\/es\/wp-content\/uploads\/2016\/11\/Molinet-6.jpg 600w\" sizes=\"auto, (max-width: 140px) 100vw, 140px\" \/><\/p>\n<ul>\n<li><strong>Diplomada en Profesorado de Educaci\u00f3n General B\u00e1sica<\/strong>, especialidad en Lengua Espa\u00f1ola e Idiomas Modernos (ingl\u00e9s). Universidad de Barcelona, 1986.<\/li>\n<li style=\"text-align: left;\"><strong>Maestra de Catal\u00e1n<\/strong>. Universidad de Barcelona, 1986.<\/li>\n<li style=\"text-align: left;\"><strong>Licenciada en Bellas Artes<\/strong>, especialidad de Escultura. Universidad de Barcelona, 1992.<\/li>\n<li style=\"text-align: left;\">Finalizo los <strong>cursos de doctorado en el Departamento de Escultura<\/strong> de la Facultad de Bellas Artes de la Universidad de Barcelona en 1995.<\/li>\n<li style=\"text-align: left;\"><strong>Diploma de Estudios Avanzados (DEA) del Programa de Doctorado: Desarrollo Profesional e Institucional para la Calidad Educativa<\/strong>, del Departamento de Did\u00e1ctica y Organizaci\u00f3n Educativa de la Universidad de Barcelona, 2001.<\/li>\n<\/ul>\n<p>&nbsp;<\/p>\n<p>No he querido incluir este apartado en primer t\u00e9rmino. No me parece especialmente trascendente dar a conocer los t\u00edtulos que una persona\u00a0ha acumulado. No dicen mucho desde mi punto de vista, solo acreditan haber superado pruebas y ex\u00e1menes.<\/p>\n<p>Conozco mucha gente inteligente, competente, eficaz y capaz, que no posee ni un solo t\u00edtulo. Por diversas razones no tuvieron oportunidad de hacerse con ellos y no por ello son menos profesionales que otros que s\u00ed los tienen.<\/p>\n<p>Adem\u00e1s, si pienso en lo que <a href=\"https:\/\/martaberrocal.org\/es\/?page_id=1780\">de mayor quiero ser <\/a>(uso el presente deliberadamente),\u00a0 los t\u00edtulos no me parecen demasiado importantes.<\/p>\n","protected":false},"excerpt":{"rendered":"<p>TITULACI\u00d3N ACAD\u00c9MICA &nbsp; Diplomada en Profesorado de Educaci\u00f3n General B\u00e1sica, especialidad en Lengua Espa\u00f1ola e Idiomas Modernos (ingl\u00e9s). Universidad de Barcelona, 1986. Maestra de Catal\u00e1n. Universidad de Barcelona, 1986. Licenciada en Bellas Artes, especialidad de Escultura. Universidad de Barcelona, 1992. Finalizo los cursos de doctorado en el Departamento de Escultura de la Facultad de Bellas &hellip; <a href=\"https:\/\/martaberrocal.org\/es\/1765-2\/\" class=\"more-link\">Seguir leyendo <span class=\"screen-reader-text\"><\/span> <span class=\"meta-nav\">&rarr;<\/span><\/a><\/p>\n","protected":false},"author":1,"featured_media":0,"parent":0,"menu_order":0,"comment_status":"closed","ping_status":"closed","template":"","meta":{"footnotes":""},"class_list":["post-1765","page","type-page","status-publish","hentry"],"_links":{"self":[{"href":"https:\/\/martaberrocal.org\/es\/wp-json\/wp\/v2\/pages\/1765","targetHints":{"allow":["GET"]}}],"collection":[{"href":"https:\/\/martaberrocal.org\/es\/wp-json\/wp\/v2\/pages"}],"about":[{"href":"https:\/\/martaberrocal.org\/es\/wp-json\/wp\/v2\/types\/page"}],"author":[{"embeddable":true,"href":"https:\/\/martaberrocal.org\/es\/wp-json\/wp\/v2\/users\/1"}],"replies":[{"embeddable":true,"href":"https:\/\/martaberrocal.org\/es\/wp-json\/wp\/v2\/comments?post=1765"}],"version-history":[{"count":10,"href":"https:\/\/martaberrocal.org\/es\/wp-json\/wp\/v2\/pages\/1765\/revisions"}],"predecessor-version":[{"id":3360,"href":"https:\/\/martaberrocal.org\/es\/wp-json\/wp\/v2\/pages\/1765\/revisions\/3360"}],"wp:attachment":[{"href":"https:\/\/martaberrocal.org\/es\/wp-json\/wp\/v2\/media?parent=1765"}],"curies":[{"name":"wp","href":"https:\/\/api.w.org\/{rel}","templated":true}]}}