
{"id":1780,"date":"2016-12-29T18:16:18","date_gmt":"2016-12-29T18:16:18","guid":{"rendered":"http:\/\/martaberrocal.org\/es\/?page_id=1780"},"modified":"2017-05-30T09:18:53","modified_gmt":"2017-05-30T09:18:53","slug":"1780-2","status":"publish","type":"page","link":"https:\/\/martaberrocal.org\/es\/1780-2\/","title":{"rendered":""},"content":{"rendered":"<h5>DE MAYOR QUIERO SER &#8230;<\/h5>\n<p>&nbsp;<\/p>\n<p><a href=\"https:\/\/martaberrocal.org\/es\/wp-content\/uploads\/2016\/11\/Molinet-2.jpg\"><img loading=\"lazy\" decoding=\"async\" class=\"aligncenter wp-image-1538\" src=\"https:\/\/martaberrocal.org\/es\/wp-content\/uploads\/2016\/11\/Molinet-2-300x300.jpg\" width=\"140\" height=\"140\" srcset=\"https:\/\/martaberrocal.org\/es\/wp-content\/uploads\/2016\/11\/Molinet-2-300x300.jpg 300w, https:\/\/martaberrocal.org\/es\/wp-content\/uploads\/2016\/11\/Molinet-2-150x150.jpg 150w, https:\/\/martaberrocal.org\/es\/wp-content\/uploads\/2016\/11\/Molinet-2.jpg 600w\" sizes=\"auto, (max-width: 140px) 100vw, 140px\" \/><\/a><\/p>\n<p>Son tantas las cosas que siempre me han interesado que a lo largo de mi vida he deseado \u201cser\u201d muchas cosas. Confieso que <strong>pasados los 50, todav\u00eda sigo pregunt\u00e1ndome qu\u00e9 quiero ser de mayor<\/strong> <strong>y he confeccionado una lista <\/strong>que no sigue un orden cronol\u00f3gico, con todo lo que he pensado hasta ahora, no de forma puntual, sino recurrente. Tengo la impresi\u00f3n de que ir\u00e1 creciendo.<\/p>\n<p>Advierto que algunas profesiones merecen explicaciones adicionales, que ya vendr\u00e1n. De momento, aqu\u00ed est\u00e1 la lista:<\/p>\n<ul>\n<li>Arquitecta<\/li>\n<li>Ladrona de bancos<\/li>\n<li>Exploradora y\u00a0aventurera<\/li>\n<li>Marino mercante<\/li>\n<li>Dise\u00f1adora de juguetes interesantes<\/li>\n<li>Dise\u00f1adora de jardines y jardinera<\/li>\n<li>Escritora<\/li>\n<li>Cartera<\/li>\n<li>Bi\u00f3loga bot\u00e1nica investigadora<\/li>\n<li>Maestra<\/li>\n<\/ul>\n<p>Si consult\u00e1is mi <a href=\"https:\/\/martaberrocal.org\/es\/?page_id=1765\">titulaci\u00f3n acad\u00e9mica\u00a0<\/a>ver\u00e9is que no acaba de encajar\u00a0con esta lista, y sin embargo, ahora que la repaso, tengo la impresi\u00f3n que tal vez haya conseguido hasta ahora, \u00abser\u00bb un poco de casi todas las cosas que he deseado y me siento s\u00fabitamente feliz mientras escribo esto.<\/p>\n<p>Tengo pendiente el tema bancos\u2026<\/p>\n","protected":false},"excerpt":{"rendered":"<p>DE MAYOR QUIERO SER &#8230; &nbsp; Son tantas las cosas que siempre me han interesado que a lo largo de mi vida he deseado \u201cser\u201d muchas cosas. Confieso que pasados los 50, todav\u00eda sigo pregunt\u00e1ndome qu\u00e9 quiero ser de mayor y he confeccionado una lista que no sigue un orden cronol\u00f3gico, con todo lo que &hellip; <a href=\"https:\/\/martaberrocal.org\/es\/1780-2\/\" class=\"more-link\">Seguir leyendo <span class=\"screen-reader-text\"><\/span> <span class=\"meta-nav\">&rarr;<\/span><\/a><\/p>\n","protected":false},"author":1,"featured_media":0,"parent":0,"menu_order":0,"comment_status":"closed","ping_status":"closed","template":"","meta":{"footnotes":""},"class_list":["post-1780","page","type-page","status-publish","hentry"],"_links":{"self":[{"href":"https:\/\/martaberrocal.org\/es\/wp-json\/wp\/v2\/pages\/1780","targetHints":{"allow":["GET"]}}],"collection":[{"href":"https:\/\/martaberrocal.org\/es\/wp-json\/wp\/v2\/pages"}],"about":[{"href":"https:\/\/martaberrocal.org\/es\/wp-json\/wp\/v2\/types\/page"}],"author":[{"embeddable":true,"href":"https:\/\/martaberrocal.org\/es\/wp-json\/wp\/v2\/users\/1"}],"replies":[{"embeddable":true,"href":"https:\/\/martaberrocal.org\/es\/wp-json\/wp\/v2\/comments?post=1780"}],"version-history":[{"count":7,"href":"https:\/\/martaberrocal.org\/es\/wp-json\/wp\/v2\/pages\/1780\/revisions"}],"predecessor-version":[{"id":3357,"href":"https:\/\/martaberrocal.org\/es\/wp-json\/wp\/v2\/pages\/1780\/revisions\/3357"}],"wp:attachment":[{"href":"https:\/\/martaberrocal.org\/es\/wp-json\/wp\/v2\/media?parent=1780"}],"curies":[{"name":"wp","href":"https:\/\/api.w.org\/{rel}","templated":true}]}}