
{"id":1977,"date":"2017-01-27T10:04:46","date_gmt":"2017-01-27T10:04:46","guid":{"rendered":"http:\/\/martaberrocal.org\/es\/?page_id=1977"},"modified":"2017-05-30T09:30:28","modified_gmt":"2017-05-30T09:30:28","slug":"1977-2","status":"publish","type":"page","link":"https:\/\/martaberrocal.org\/es\/","title":{"rendered":""},"content":{"rendered":"<p>&nbsp;<\/p>\n<p><a href=\"https:\/\/martaberrocal.org\/es\/?page_id=1546\"><img loading=\"lazy\" decoding=\"async\" class=\"alignleft wp-image-1978\" src=\"https:\/\/martaberrocal.org\/es\/wp-content\/uploads\/IMG_20160403_164720-Copiar-184x300.jpg\" width=\"78\" height=\"127\" srcset=\"https:\/\/martaberrocal.org\/es\/wp-content\/uploads\/IMG_20160403_164720-Copiar-184x300.jpg 184w, https:\/\/martaberrocal.org\/es\/wp-content\/uploads\/IMG_20160403_164720-Copiar.jpg 294w\" sizes=\"auto, (max-width: 78px) 100vw, 78px\" \/><\/a><\/p>\n<p>Pienso que la <strong>educaci\u00f3n<\/strong>, para estar <strong>viva<\/strong>, debe estar en <strong>constante cambio y movimiento<\/strong> y ello implica <strong>innovaci\u00f3n<\/strong><\/p>\n<p style=\"text-align: left;\"><strong>Arte y educaci\u00f3n<\/strong> son un binomio inseparable en mi trabajo<\/p>\n<p style=\"text-align: left;\">Me mueve la <strong>pasi\u00f3n<\/strong> por lo que hago<\/p>\n<figure id=\"attachment_1692\" aria-describedby=\"caption-attachment-1692\" style=\"width: 100px\" class=\"wp-caption alignright\"><img loading=\"lazy\" decoding=\"async\" class=\"wp-image-1692\" src=\"https:\/\/martaberrocal.org\/es\/wp-content\/uploads\/2016\/12\/RT-DSC_3393-Copiar-150x150.jpg\" width=\"100\" height=\"100\" srcset=\"https:\/\/martaberrocal.org\/es\/wp-content\/uploads\/2016\/12\/RT-DSC_3393-Copiar-150x150.jpg 150w, https:\/\/martaberrocal.org\/es\/wp-content\/uploads\/2016\/12\/RT-DSC_3393-Copiar-300x300.jpg 300w, https:\/\/martaberrocal.org\/es\/wp-content\/uploads\/2016\/12\/RT-DSC_3393-Copiar.jpg 377w\" sizes=\"auto, (max-width: 100px) 100vw, 100px\" \/><figcaption id=\"caption-attachment-1692\" class=\"wp-caption-text\">Esta soy yo<\/figcaption><\/figure>\n<p>Creo en las <strong>capacidades<\/strong> de aprendizaje de todas las personas, sin excepci\u00f3n,\u00a0y tambi\u00e9n en su <strong>potencial creativo<\/strong><\/p>\n<p>Me esfuerzo en generar <strong>propuestas que puedan desarrollar todas las personas<\/strong>, sin excluir a nadie, <strong>de manera satisfactoria \u00fanica y particular<\/strong>, partiendo de sus capacidades y habilidades. Este es el punto de partida que da impulso a la mayor parte de mis Proyectos<\/p>\n<p><span lang=\"ES\">Pienso que la educaci\u00f3n deber\u00eda ayudar a hacer emerger <strong>lo mejor de cada persona\u00a0<\/strong>y\u00a0contribuir a\u00a0que todas se sientan <strong>competentes y capaces<\/strong>, a la vez que <strong>respetadas y queridas<\/strong><\/span><\/p>\n<p style=\"text-align: left;\" align=\"center\"><span lang=\"ES\">Me interesan las <strong>ideas sencillas<\/strong> que al desplegarse son capaces de generar infinitas <strong>combinaciones<\/strong> <\/span><\/p>\n<div id='gallery-1' class='gallery galleryid-1977 gallery-columns-5 gallery-size-thumbnail'><figure class='gallery-item'>\n\t\t\t<div class='gallery-icon landscape'>\n\t\t\t\t<img loading=\"lazy\" decoding=\"async\" width=\"150\" height=\"150\" src=\"https:\/\/martaberrocal.org\/es\/wp-content\/uploads\/nas7-Copiar-150x150.jpg\" class=\"attachment-thumbnail size-thumbnail\" alt=\"\" srcset=\"https:\/\/martaberrocal.org\/es\/wp-content\/uploads\/nas7-Copiar-150x150.jpg 150w, https:\/\/martaberrocal.org\/es\/wp-content\/uploads\/nas7-Copiar-300x300.jpg 300w, https:\/\/martaberrocal.org\/es\/wp-content\/uploads\/nas7-Copiar.jpg 600w\" sizes=\"auto, (max-width: 150px) 100vw, 150px\" \/>\n\t\t\t<\/div><\/figure><figure class='gallery-item'>\n\t\t\t<div class='gallery-icon landscape'>\n\t\t\t\t<img loading=\"lazy\" decoding=\"async\" width=\"150\" height=\"150\" src=\"https:\/\/martaberrocal.org\/es\/wp-content\/uploads\/nas2-copia-Copiar-150x150.jpg\" class=\"attachment-thumbnail size-thumbnail\" alt=\"\" srcset=\"https:\/\/martaberrocal.org\/es\/wp-content\/uploads\/nas2-copia-Copiar-150x150.jpg 150w, https:\/\/martaberrocal.org\/es\/wp-content\/uploads\/nas2-copia-Copiar-300x300.jpg 300w, https:\/\/martaberrocal.org\/es\/wp-content\/uploads\/nas2-copia-Copiar.jpg 600w\" sizes=\"auto, (max-width: 150px) 100vw, 150px\" \/>\n\t\t\t<\/div><\/figure><figure class='gallery-item'>\n\t\t\t<div class='gallery-icon landscape'>\n\t\t\t\t<img loading=\"lazy\" decoding=\"async\" width=\"150\" height=\"150\" src=\"https:\/\/martaberrocal.org\/es\/wp-content\/uploads\/nas13-Copiar-150x150.jpg\" class=\"attachment-thumbnail size-thumbnail\" alt=\"\" srcset=\"https:\/\/martaberrocal.org\/es\/wp-content\/uploads\/nas13-Copiar-150x150.jpg 150w, https:\/\/martaberrocal.org\/es\/wp-content\/uploads\/nas13-Copiar-300x300.jpg 300w, https:\/\/martaberrocal.org\/es\/wp-content\/uploads\/nas13-Copiar.jpg 600w\" sizes=\"auto, (max-width: 150px) 100vw, 150px\" \/>\n\t\t\t<\/div><\/figure><figure class='gallery-item'>\n\t\t\t<div class='gallery-icon landscape'>\n\t\t\t\t<img loading=\"lazy\" decoding=\"async\" width=\"150\" height=\"150\" src=\"https:\/\/martaberrocal.org\/es\/wp-content\/uploads\/nas15-Copiar-150x150.jpg\" class=\"attachment-thumbnail size-thumbnail\" alt=\"\" srcset=\"https:\/\/martaberrocal.org\/es\/wp-content\/uploads\/nas15-Copiar-150x150.jpg 150w, https:\/\/martaberrocal.org\/es\/wp-content\/uploads\/nas15-Copiar-300x300.jpg 300w, https:\/\/martaberrocal.org\/es\/wp-content\/uploads\/nas15-Copiar.jpg 600w\" sizes=\"auto, (max-width: 150px) 100vw, 150px\" \/>\n\t\t\t<\/div><\/figure><figure class='gallery-item'>\n\t\t\t<div class='gallery-icon landscape'>\n\t\t\t\t<img loading=\"lazy\" decoding=\"async\" width=\"150\" height=\"150\" src=\"https:\/\/martaberrocal.org\/es\/wp-content\/uploads\/nas18-Copiar-150x150.jpg\" class=\"attachment-thumbnail size-thumbnail\" alt=\"\" srcset=\"https:\/\/martaberrocal.org\/es\/wp-content\/uploads\/nas18-Copiar-150x150.jpg 150w, https:\/\/martaberrocal.org\/es\/wp-content\/uploads\/nas18-Copiar-300x300.jpg 300w, https:\/\/martaberrocal.org\/es\/wp-content\/uploads\/nas18-Copiar.jpg 600w\" sizes=\"auto, (max-width: 150px) 100vw, 150px\" \/>\n\t\t\t<\/div><\/figure>\n\t\t<\/div>\n\n","protected":false},"excerpt":{"rendered":"<p>&nbsp; Pienso que la educaci\u00f3n, para estar viva, debe estar en constante cambio y movimiento y ello implica innovaci\u00f3n Arte y educaci\u00f3n son un binomio inseparable en mi trabajo Me mueve la pasi\u00f3n por lo que hago Creo en las capacidades de aprendizaje de todas las personas, sin excepci\u00f3n,\u00a0y tambi\u00e9n en su potencial creativo Me &hellip; <a href=\"https:\/\/martaberrocal.org\/es\/\" class=\"more-link\">Seguir leyendo <span class=\"screen-reader-text\"><\/span> <span class=\"meta-nav\">&rarr;<\/span><\/a><\/p>\n","protected":false},"author":1,"featured_media":0,"parent":0,"menu_order":0,"comment_status":"closed","ping_status":"closed","template":"","meta":{"footnotes":""},"class_list":["post-1977","page","type-page","status-publish","hentry"],"_links":{"self":[{"href":"https:\/\/martaberrocal.org\/es\/wp-json\/wp\/v2\/pages\/1977","targetHints":{"allow":["GET"]}}],"collection":[{"href":"https:\/\/martaberrocal.org\/es\/wp-json\/wp\/v2\/pages"}],"about":[{"href":"https:\/\/martaberrocal.org\/es\/wp-json\/wp\/v2\/types\/page"}],"author":[{"embeddable":true,"href":"https:\/\/martaberrocal.org\/es\/wp-json\/wp\/v2\/users\/1"}],"replies":[{"embeddable":true,"href":"https:\/\/martaberrocal.org\/es\/wp-json\/wp\/v2\/comments?post=1977"}],"version-history":[{"count":11,"href":"https:\/\/martaberrocal.org\/es\/wp-json\/wp\/v2\/pages\/1977\/revisions"}],"predecessor-version":[{"id":3359,"href":"https:\/\/martaberrocal.org\/es\/wp-json\/wp\/v2\/pages\/1977\/revisions\/3359"}],"wp:attachment":[{"href":"https:\/\/martaberrocal.org\/es\/wp-json\/wp\/v2\/media?parent=1977"}],"curies":[{"name":"wp","href":"https:\/\/api.w.org\/{rel}","templated":true}]}}