
{"id":20,"date":"2016-05-05T09:44:22","date_gmt":"2016-05-05T09:44:22","guid":{"rendered":"http:\/\/marta.ecoresiduos.es\/?page_id=20"},"modified":"2017-03-09T13:10:48","modified_gmt":"2017-03-09T13:10:48","slug":"expressart-museo-portatil","status":"publish","type":"page","link":"https:\/\/martaberrocal.org\/es\/expressart-museo-portatil\/","title":{"rendered":"ExpressArt. Museo port\u00e1til"},"content":{"rendered":"<p>&nbsp;<\/p>\n<figure id=\"attachment_22\" aria-describedby=\"caption-attachment-22\" style=\"width: 218px\" class=\"wp-caption alignleft\"><img loading=\"lazy\" decoding=\"async\" class=\"wp-image-22 \" src=\"https:\/\/martaberrocal.org\/es\/wp-content\/uploads\/2016\/05\/MARTA-Copiar-e1464191353100-300x266.jpg\" alt=\"Caja de objetos del proyecto ExpressArt Museo port\u00e1til\" width=\"218\" height=\"193\" srcset=\"https:\/\/martaberrocal.org\/es\/wp-content\/uploads\/2016\/05\/MARTA-Copiar-e1464191353100-300x266.jpg 300w, https:\/\/martaberrocal.org\/es\/wp-content\/uploads\/2016\/05\/MARTA-Copiar-e1464191353100.jpg 400w\" sizes=\"auto, (max-width: 218px) 100vw, 218px\" \/><figcaption id=\"caption-attachment-22\" class=\"wp-caption-text\">Caja de objetos del proyecto ExpressArt Museo port\u00e1til<\/figcaption><\/figure>\n<p><a href=\"http:\/\/www.macba.cat\/es\/expressart-primaria-2015\" target=\"_blank\"><strong>ExpressArt. <\/strong><strong>Museo port\u00e1til<\/strong><\/a> es un proyecto realizado\u00a0 para el MACBA.<\/p>\n<p><strong>ExpressArt<\/strong> naci\u00f3 en el a\u00f1o 2005 fruto de un encargo espec\u00edfico del departamento de educaci\u00f3n del MACBA, para producir un material que permitiera a alumnos y profesores entrar en contacto con el arte contempor\u00e1neo en la escuela, antes de ir de visita al museo. Dos a\u00f1os despu\u00e9s, el proyecto creci\u00f3 exponencialmente fruto de un acuerdo con el Departament d\u2019Educaci\u00f3 de la Generalitat de Catalunya y el Ayuntamiento de Barcelona y el patrocinio de Caixa Pened\u00e8s.<\/p>\n<p><a href=\"https:\/\/martaberrocal.org\/es\/wp-content\/uploads\/2016\/05\/R-DSC04816-Copiar.jpg\"><img loading=\"lazy\" decoding=\"async\" class=\"alignnone wp-image-1328 size-medium\" src=\"https:\/\/martaberrocal.org\/es\/wp-content\/uploads\/2016\/05\/R-DSC04816-Copiar-300x245.jpg\" alt=\" \" width=\"300\" height=\"245\" srcset=\"https:\/\/martaberrocal.org\/es\/wp-content\/uploads\/2016\/05\/R-DSC04816-Copiar-300x245.jpg 300w, https:\/\/martaberrocal.org\/es\/wp-content\/uploads\/2016\/05\/R-DSC04816-Copiar.jpg 736w\" sizes=\"auto, (max-width: 300px) 100vw, 300px\" \/><\/a><\/p>\n<p><a href=\"https:\/\/martaberrocal.org\/es\/wp-content\/uploads\/2016\/05\/RT-DSC04818-Copiar.jpg\"><img loading=\"lazy\" decoding=\"async\" class=\"alignnone wp-image-1329 size-medium\" src=\"https:\/\/martaberrocal.org\/es\/wp-content\/uploads\/2016\/05\/RT-DSC04818-Copiar-300x269.jpg\" alt=\" \" width=\"300\" height=\"269\" srcset=\"https:\/\/martaberrocal.org\/es\/wp-content\/uploads\/2016\/05\/RT-DSC04818-Copiar-300x269.jpg 300w, https:\/\/martaberrocal.org\/es\/wp-content\/uploads\/2016\/05\/RT-DSC04818-Copiar.jpg 668w\" sizes=\"auto, (max-width: 300px) 100vw, 300px\" \/><\/a><\/p>\n<p>El proyecto se ha convertido a lo largo de los 11 a\u00f1os que en este momento lleva en marcha, en un generador de eventos, experiencias, recursos, etc. que he desglosado en los siguientes apartados:<\/p>\n<ul>\n<li><a href=\"https:\/\/martaberrocal.org\/es\/?page_id=1308\">Descripci\u00f3n del Proyecto ExpressArt<\/a><\/li>\n<li><a href=\"https:\/\/martaberrocal.org\/es\/?page_id=1311\">Cursos ExpressArt<\/a><\/li>\n<li><a href=\"https:\/\/martaberrocal.org\/es\/?page_id=1314\">Jornadas ExpressArt<\/a><\/li>\n<li><a href=\"https:\/\/martaberrocal.org\/es\/?page_id=1322\">Experiencias ExpressArt<\/a><\/li>\n<li><a href=\"https:\/\/martaberrocal.org\/es\/?page_id=1325\">Noticias ExpressArt<\/a><\/li>\n<li><a href=\"https:\/\/martaberrocal.org\/es\/?page_id=1319\">Recursos descargables web MACBA<\/a><\/li>\n<\/ul>\n","protected":false},"excerpt":{"rendered":"<p>&nbsp; ExpressArt. Museo port\u00e1til es un proyecto realizado\u00a0 para el MACBA. ExpressArt naci\u00f3 en el a\u00f1o 2005 fruto de un encargo espec\u00edfico del departamento de educaci\u00f3n del MACBA, para producir un material que permitiera a alumnos y profesores entrar en contacto con el arte contempor\u00e1neo en la escuela, antes de ir de visita al museo. &hellip; <a href=\"https:\/\/martaberrocal.org\/es\/expressart-museo-portatil\/\" class=\"more-link\">Seguir leyendo <span class=\"screen-reader-text\">ExpressArt. Museo port\u00e1til<\/span> <span class=\"meta-nav\">&rarr;<\/span><\/a><\/p>\n","protected":false},"author":1,"featured_media":0,"parent":0,"menu_order":0,"comment_status":"closed","ping_status":"closed","template":"","meta":{"footnotes":""},"class_list":["post-20","page","type-page","status-publish","hentry"],"_links":{"self":[{"href":"https:\/\/martaberrocal.org\/es\/wp-json\/wp\/v2\/pages\/20","targetHints":{"allow":["GET"]}}],"collection":[{"href":"https:\/\/martaberrocal.org\/es\/wp-json\/wp\/v2\/pages"}],"about":[{"href":"https:\/\/martaberrocal.org\/es\/wp-json\/wp\/v2\/types\/page"}],"author":[{"embeddable":true,"href":"https:\/\/martaberrocal.org\/es\/wp-json\/wp\/v2\/users\/1"}],"replies":[{"embeddable":true,"href":"https:\/\/martaberrocal.org\/es\/wp-json\/wp\/v2\/comments?post=20"}],"version-history":[{"count":9,"href":"https:\/\/martaberrocal.org\/es\/wp-json\/wp\/v2\/pages\/20\/revisions"}],"predecessor-version":[{"id":2598,"href":"https:\/\/martaberrocal.org\/es\/wp-json\/wp\/v2\/pages\/20\/revisions\/2598"}],"wp:attachment":[{"href":"https:\/\/martaberrocal.org\/es\/wp-json\/wp\/v2\/media?parent=20"}],"curies":[{"name":"wp","href":"https:\/\/api.w.org\/{rel}","templated":true}]}}