
{"id":237,"date":"2016-05-20T16:21:03","date_gmt":"2016-05-20T16:21:03","guid":{"rendered":"http:\/\/marta.ecoresiduos.es\/es\/?page_id=237"},"modified":"2017-02-01T08:05:01","modified_gmt":"2017-02-01T08:05:01","slug":"publicaciones-articulos","status":"publish","type":"page","link":"https:\/\/martaberrocal.org\/es\/publicaciones-articulos\/","title":{"rendered":"Art\u00edculos"},"content":{"rendered":"<p>&nbsp;<\/p>\n<ul>\n<li><strong>Darwinisme educatiu. Pot la creativitat contribuir a suprimir-lo? <\/strong>Comunicaci\u00f3n presentada al Congreso Internacional<em> Nuevas Perspectivas Cr\u00edticas en Educaci\u00f3n<\/em>. Publicado por la Universidad de Barcelona y la Fundaci\u00f3 Bosch i Gimpera. Barcelona, julio de 1994.<\/li>\n<li><strong>Pl\u00e0stica interdisciplin\u00e0ria: la construcci\u00f3 d&#8217;un poblat amaz\u00f2nic.<\/strong> A: GUIX. Noviembre 1994. N\u00ba 205. Barcelona.<\/li>\n<li><strong>Pl\u00e0stica interdisciplin\u00e0ria: aprenem hist\u00f2ria de Roma<\/strong><em>. <\/em>A: GUIX. Marzo 1995. N\u00ba 209. Barcelona<\/li>\n<li>\u00a0Desde julio de 1995 colaboraciones peri\u00f3dicas con la revista Guix, con una serie de art\u00edculos titulados <strong>Com fer&#8230;<\/strong> N\u00ba213, N\u00ba 215, N\u00ba217, N\u00ba221, N\u00ba225-226, N\u00ba228 y N\u00ba233.<\/li>\n<li><strong>Art i metacognici\u00f3. Estrat\u00e8gies d&#8217;aprenentatge i creaci\u00f3\u00a0 escult\u00f2rica. <\/strong>Resumen de la comunicaci\u00f3n presentada al Simposio Internacional: <em>L&#8217;Educaci\u00f3: el repte del tercer mil\u00b7leni<\/em>.\u00a0 Publicado por l&#8217;Instituci\u00f3 Familiar d&#8217;Educaci\u00f3. Barcelona 1995.<\/li>\n<li><strong>Hem llegit DADA, la revista d&#8217;Art per a nens i nenes de 6 a 106\u00a0\u00a0 anys<\/strong><em>.<\/em> A: GUIX. Abril 1996. N\u00ba222. Barcelona.<\/li>\n<li>Coautora del art\u00edculo: <strong><em>Materials per a l&#8217;educaci\u00f3 visual i pl\u00e0stica<\/em><\/strong><em>.<\/em> A: GUIX.\u00a0 Julio 1999. N\u00ba256. Barcelona.<\/li>\n<li>\u00a0<strong>Modelar y trabajar con conceptos: una propuesta multidimensional<\/strong>. A: Aula de Innovaci\u00f3n Educativa. Enero 2000. N\u00ba 88. Barcelona.<\/li>\n<li><strong>L\u2019Euro a l\u2019educaci\u00f3 visual i pl\u00e0stica.<\/strong> A: Guix. Noviembre 2001. N\u00ba 279. Barcelona.<\/li>\n<li><strong>C\u00f3-ctel de g-ambas<\/strong> A: Aula de Innovaci\u00f3n Educativa. Febrero 2004. N\u00ba 128<\/li>\n<li><strong>Limita i possibilita: una proposta per a desenvolupar la creativitat en nens i nenes.<\/strong> A: Revista RE. Abril 2004. N\u00ba 38. Barcelona.<\/li>\n<li><strong>La mirada de: Fem del grafisme un treball creatiu<\/strong>. A: Guix D\u2019Infantil N\u00ba21. Septiembre 2004. Barcelona<\/li>\n<li><strong>C\u00f2-ctel de gambes<\/strong>. A:\u00a0 GUIX, n\u00ba 308. Octubre 2004. Barcelona<\/li>\n<li><strong>Lengua y expresi\u00f3n pl\u00e1stica: una reflexi\u00f3n sobre complicidades y desequilibrios.<\/strong> A: Aula de Innovaci\u00f3n Educativa, n\u00ba 161. Mayo 2007. Barcelona<\/li>\n<\/ul>\n","protected":false},"excerpt":{"rendered":"<p>&nbsp; Darwinisme educatiu. Pot la creativitat contribuir a suprimir-lo? Comunicaci\u00f3n presentada al Congreso Internacional Nuevas Perspectivas Cr\u00edticas en Educaci\u00f3n. Publicado por la Universidad de Barcelona y la Fundaci\u00f3 Bosch i Gimpera. Barcelona, julio de 1994. Pl\u00e0stica interdisciplin\u00e0ria: la construcci\u00f3 d&#8217;un poblat amaz\u00f2nic. A: GUIX. Noviembre 1994. N\u00ba 205. Barcelona. Pl\u00e0stica interdisciplin\u00e0ria: aprenem hist\u00f2ria de Roma. &hellip; <a href=\"https:\/\/martaberrocal.org\/es\/publicaciones-articulos\/\" class=\"more-link\">Seguir leyendo <span class=\"screen-reader-text\">Art\u00edculos<\/span> <span class=\"meta-nav\">&rarr;<\/span><\/a><\/p>\n","protected":false},"author":1,"featured_media":0,"parent":0,"menu_order":0,"comment_status":"closed","ping_status":"closed","template":"","meta":{"footnotes":""},"class_list":["post-237","page","type-page","status-publish","hentry"],"_links":{"self":[{"href":"https:\/\/martaberrocal.org\/es\/wp-json\/wp\/v2\/pages\/237","targetHints":{"allow":["GET"]}}],"collection":[{"href":"https:\/\/martaberrocal.org\/es\/wp-json\/wp\/v2\/pages"}],"about":[{"href":"https:\/\/martaberrocal.org\/es\/wp-json\/wp\/v2\/types\/page"}],"author":[{"embeddable":true,"href":"https:\/\/martaberrocal.org\/es\/wp-json\/wp\/v2\/users\/1"}],"replies":[{"embeddable":true,"href":"https:\/\/martaberrocal.org\/es\/wp-json\/wp\/v2\/comments?post=237"}],"version-history":[{"count":3,"href":"https:\/\/martaberrocal.org\/es\/wp-json\/wp\/v2\/pages\/237\/revisions"}],"predecessor-version":[{"id":1961,"href":"https:\/\/martaberrocal.org\/es\/wp-json\/wp\/v2\/pages\/237\/revisions\/1961"}],"wp:attachment":[{"href":"https:\/\/martaberrocal.org\/es\/wp-json\/wp\/v2\/media?parent=237"}],"curies":[{"name":"wp","href":"https:\/\/api.w.org\/{rel}","templated":true}]}}