
{"id":271,"date":"2016-05-20T17:36:40","date_gmt":"2016-05-20T17:36:40","guid":{"rendered":"http:\/\/marta.ecoresiduos.es\/es\/?page_id=271"},"modified":"2017-02-01T08:06:23","modified_gmt":"2017-02-01T08:06:23","slug":"publicaciones","status":"publish","type":"page","link":"https:\/\/martaberrocal.org\/es\/publicaciones\/","title":{"rendered":"Publicaciones"},"content":{"rendered":"<p>Este bloque est\u00e1 organizado en cuatro apartados:<\/p>\n<ul>\n<li><a href=\"https:\/\/martaberrocal.org\/es\/?page_id=90\">Libros<\/a><\/li>\n<li><a href=\"https:\/\/martaberrocal.org\/es\/?page_id=242\">Materiales did\u00e1cticos<\/a><\/li>\n<li><a href=\"https:\/\/martaberrocal.org\/es\/?page_id=237\">Art\u00edculos<\/a><\/li>\n<li><a href=\"https:\/\/martaberrocal.org\/es\/?page_id=523\">Fotograf\u00edas<\/a><\/li>\n<\/ul>\n","protected":false},"excerpt":{"rendered":"<p>Este bloque est\u00e1 organizado en cuatro apartados: Libros Materiales did\u00e1cticos Art\u00edculos Fotograf\u00edas<\/p>\n","protected":false},"author":1,"featured_media":0,"parent":0,"menu_order":0,"comment_status":"closed","ping_status":"closed","template":"","meta":{"footnotes":""},"class_list":["post-271","page","type-page","status-publish","hentry"],"_links":{"self":[{"href":"https:\/\/martaberrocal.org\/es\/wp-json\/wp\/v2\/pages\/271","targetHints":{"allow":["GET"]}}],"collection":[{"href":"https:\/\/martaberrocal.org\/es\/wp-json\/wp\/v2\/pages"}],"about":[{"href":"https:\/\/martaberrocal.org\/es\/wp-json\/wp\/v2\/types\/page"}],"author":[{"embeddable":true,"href":"https:\/\/martaberrocal.org\/es\/wp-json\/wp\/v2\/users\/1"}],"replies":[{"embeddable":true,"href":"https:\/\/martaberrocal.org\/es\/wp-json\/wp\/v2\/comments?post=271"}],"version-history":[{"count":2,"href":"https:\/\/martaberrocal.org\/es\/wp-json\/wp\/v2\/pages\/271\/revisions"}],"predecessor-version":[{"id":1586,"href":"https:\/\/martaberrocal.org\/es\/wp-json\/wp\/v2\/pages\/271\/revisions\/1586"}],"wp:attachment":[{"href":"https:\/\/martaberrocal.org\/es\/wp-json\/wp\/v2\/media?parent=271"}],"curies":[{"name":"wp","href":"https:\/\/api.w.org\/{rel}","templated":true}]}}