
{"id":280,"date":"2016-05-20T17:52:50","date_gmt":"2016-05-20T17:52:50","guid":{"rendered":"http:\/\/marta.ecoresiduos.es\/es\/?page_id=280"},"modified":"2017-02-24T09:12:06","modified_gmt":"2017-02-24T09:12:06","slug":"conferencias","status":"publish","type":"page","link":"https:\/\/martaberrocal.org\/es\/conferencias\/","title":{"rendered":"Programa Apropa Cultura. Educa amb l&#8217;art"},"content":{"rendered":"<p>&nbsp;<\/p>\n<p>&nbsp;<\/p>\n<p><span style=\"color: #008000;\"><img loading=\"lazy\" decoding=\"async\" class=\"size-full wp-image-427 alignleft\" src=\"https:\/\/martaberrocal.org\/es\/wp-content\/uploads\/2016\/05\/logo-apropa-cultura.gif\" alt=\"logo apropa cultura\" width=\"293\" height=\"72\" \/><\/span><\/p>\n<p><span style=\"color: #008000;\">\u00a0<\/span><\/p>\n<p>&nbsp;<\/p>\n<p>&nbsp;<\/p>\n<p>&nbsp;<\/p>\n<p><span style=\"color: #008000;\"><span style=\"color: #000000;\">En el marco del programa <a href=\"http:\/\/www.apropacultura.cat\/que_es.aspx\" target=\"_blank\">Apropa Cultura<\/a><\/span><\/span>, <a href=\"http:\/\/www.apropacultura.cat\/formacio.aspx\" target=\"_blank\"><strong>Educa amb l&#8217;art <\/strong><\/a>organiza cursos en artes esc\u00e9nicas, m\u00fasica, artes pl\u00e1sticas y visuales, dirigidos a <strong>educadores sociales, terapeutas, integradores, coordinadores, t\u00e9cnicos, monitores y cuidadores<\/strong> <strong>sin conocimientos espec\u00edficos en artes<\/strong>, con el objetivo de proporcionarles las herramientas necesarias para poder llevar a cabo iniciativas art\u00edsticas en sus centros.<\/p>\n<p>He participado en dos ocasiones en este programa. La primera durante el curso escolar 2013-14, conduciendo una jornada que tuvo lugar en noviembre de 2013 en el\u00a0Museu d&#8217;Art Contemporani de Barcelona (MACBA). Se inici\u00f3 con una conferencia, seguida de la presentaci\u00f3n de una experiencia y concluy\u00f3 con una visita al museo.\u00a0 La conferencia fue grabada y se puede acceder a ella a trav\u00e9s del siguiente enlace:<\/p>\n<ul>\n<li><a href=\"http:\/\/www.apropacultura.cat\/formacio-mediatecaFitxa.aspx?id=50\" target=\"_blank\"><strong>Com comunicar-nos amb l&#8217;art contemporani?\u00a0 <\/strong><\/a>| Educa amb l&#8217;Art 13\/14<\/li>\n<\/ul>\n<p>En marzo de 2015 particip\u00e9 de nuevo en el programa Educa amb l&#8217;Art,\u00a0 con una conferencia que fue seguida de un taller\u00a0 pr\u00e1ctico.\u00a0 Ambas actividades fueron grabadas y pueden visualizarse a trav\u00e9s del siguiente enlace:<\/p>\n<ul>\n<li><script src=\"https:\/\/apis.google.com\/_\/scs\/abc-static\/_\/js\/k=gapi.gapi.en.CqFrPIKIxF4.O\/m=gapi_iframes_style_slide_menu\/exm=card,gapi_iframes\/rt=j\/sv=1\/d=1\/ed=1\/rs=AHpOoo_SqGYjlKSpzsbc2UGyTC5n3Z0ZtQ\/cb=gapi.loaded_1\" async=\"\"><\/script><script src=\"https:\/\/apis.google.com\/_\/scs\/abc-static\/_\/js\/k=gapi.gapi.en.CqFrPIKIxF4.O\/m=card,gapi_iframes\/rt=j\/sv=1\/d=1\/ed=1\/rs=AHpOoo_SqGYjlKSpzsbc2UGyTC5n3Z0ZtQ\/cb=gapi.loaded_0\" async=\"\"><\/script><script>\/\/ <![CDATA[ if (document.fonts &#038;&#038; document.fonts.load) {document.fonts.load(\"400 10pt Roboto\", \"E\");document.fonts.load(\"500 10pt Roboto\", \"E\");} \/\/ ]]><\/script><script>\/\/ <![CDATA[ __yt_experimental_now = __spf_experimental_now = true; \/\/ ]]><\/script><script>\/\/ <![CDATA[ var ytcsi = {gt: function(n) {n = (n || '') + 'data_';return ytcsi[n] || (ytcsi[n] = {tick: {},span: {},info: {}});},now: window.performance &#038;&#038; window.performance.timing &#038;&#038;window.performance.now &#038;&#038; window['__yt_experimental_now'] ? function() {return window.performance.timing.navigationStart + window.performance.now();} : function() {return (new Date()).getTime();},tick: function(l, t, n) {ytcsi.gt(n).tick[l] = t || ytcsi.now();},span: function(l, s, e, n) {ytcsi.gt(n).span[l] = (e ? e : ytcsi.now()) - ytcsi.gt(n).tick[s];},setSpan: function(l, s, n) {ytcsi.gt(n).span[l] = s;},info: function(k, v, n) {ytcsi.gt(n).info[k] = v;},setStart: function(s, t, n) {ytcsi.info('yt_sts', s, n);ytcsi.tick('_start', t, n);}};(function(w, d) {ytcsi.setStart('dhs', w.performance ? w.performance.timing.responseStart : null);var isPrerender = (d.visibilityState || d.webkitVisibilityState) == 'prerender';var vName = d.webkitVisibilityState ? 'webkitvisibilitychange' : 'visibilitychange';if (isPrerender) {ytcsi.info('prerender', 1);var startTick = function() {ytcsi.setStart('dhs');d.removeEventListener(vName, startTick);};d.addEventListener(vName, startTick, false);}if (d.addEventListener) {d.addEventListener(vName, function() {ytcsi.tick('vc');}, false);}})(window, document); \/\/ ]]><\/script><script>\/\/ <![CDATA[ var ytcfg = {d: function() {return (window.yt &#038;&#038; yt.config_) || ytcfg.data_ || (ytcfg.data_ = {});},get: function(k, o) {return (k in ytcfg.d()) ? ytcfg.d()[k] : o;},set: function() {var a = arguments;if (a.length > 1) {ytcfg.d()[a[0]] = a[1];} else {for (var k in a[0]) {ytcfg.d()[k] = a[0][k];}}}};\n\/\/ ]]><\/script><script>\/\/ <![CDATA[ ytcfg.set(\"ST_SHORT\", true); ytcfg.set(\"ST_BASE36\", true); \/\/ ]]><\/script><script>\/\/ <![CDATA[\n(function(){var b={a:\"content-snap-width-1\",b:\"content-snap-width-2\",c:\"content-snap-width-3\"};function f(){var a=[],c;for(c in b)a.push(b[c]);return a}\nfunction g(a){var c=f().concat([\"guide-pinned\",\"show-guide\"]),d=c.length,e=[];a.replace(\/S+\/g,function(a){for(var k=0;k<d;k++)if(a==c[k])return;e.push(a)});\nreturn e}\n;function l(a,c,d){var e=document.getElementsByTagName(\"html\")[0],h=g(e.className);a&#038;&#038;1251<=(window.innerWidth||document.documentElement.clientWidth)&#038;&#038;(h.push(\"guide-pinned\"),c&#038;&#038;h.push(\"show-guide\"));d&#038;&#038;(d=(window.innerWidth||document.documentElement.clientWidth)-21-50,1251<=(window.innerWidth||document.documentElement.clientWidth)&#038;&#038;a&#038;&#038;c&#038;&#038;(d-=230),h.push(1262<=d?\"content-snap-width-3\":1056<=d?\"content-snap-width-2\":\"content-snap-width-1\"));e.className=h.join(\" \")} var m=[\"yt\",\"www\",\"masthead\",\"sizing\",\"runBeforeBodyIsReady\"],n=this;m[0]in n||!n.execScript||n.execScript(\"var \"+m[0]);for(var p;m.length&#038;&#038;(p=m.shift());)m.length||void 0===l?n[p]?n=n[p]:n=n[p]={}:n[p]=l;})(); try {window.ytbuffer = {};ytbuffer.handleClick = function(e) {var element = e.target || e.srcElement;while (element.parentElement) {if (\/(^| )yt-can-buffer( |$)\/.test(element.className)) {window.ytbuffer = {bufferedClick: e};element.className += ' yt-is-buffered';break;}element = element.parentElement;}};if (document.addEventListener) {document.addEventListener('click', ytbuffer.handleClick);} else {document.attachEvent('onclick', ytbuffer.handleClick);}} catch(e) {} yt.www.masthead.sizing.runBeforeBodyIsReady(true,true,true); \/\/ ]]><\/script><script class=\"js-httpssytimgcomytsjsbinschedulervflYwPpuzschedulerjs\" src=\"\/\/s.ytimg.com\/yts\/jsbin\/scheduler-vflYwPpuz\/scheduler.js\" type=\"text\/javascript\"><\/script><strong><a href=\"https:\/\/www.youtube.com\/playlist?list=PLwZ-bv08RLDXhRonzSi1uGY9tHIvUMR2L\" target=\"_blank\">L&#8217;Art contemporani com a generador de felicitat<\/a><\/strong> | Educa amb l&#8217;Art 14\/15<\/li>\n<\/ul>\n<p>A continuaci\u00f3n, hay algunas im\u00e1genes que hizo el equipo de profesionales de <strong>Apropa Cultura<\/strong> durante la conferencia y el taller pr\u00e1ctico. Invit\u00e9 a los participantes a elaborar con emoci\u00f3n y pasi\u00f3n un elixir po\u00e9tico de la felicidad, destinado a ser regalado a otra persona.<\/p>\n<div id='gallery-1' class='gallery galleryid-280 gallery-columns-5 gallery-size-thumbnail'><figure class='gallery-item'>\n\t\t\t<div class='gallery-icon landscape'>\n\t\t\t\t<a href='https:\/\/martaberrocal.org\/es\/wp-content\/uploads\/2016\/11\/0.Ampolles-Copiar.jpg'><img loading=\"lazy\" decoding=\"async\" width=\"150\" height=\"150\" src=\"https:\/\/martaberrocal.org\/es\/wp-content\/uploads\/2016\/11\/0.Ampolles-Copiar-150x150.jpg\" class=\"attachment-thumbnail size-thumbnail\" alt=\"\" \/><\/a>\n\t\t\t<\/div><\/figure><figure class='gallery-item'>\n\t\t\t<div class='gallery-icon landscape'>\n\t\t\t\t<a href='https:\/\/martaberrocal.org\/es\/wp-content\/uploads\/2016\/11\/1.Atencio-Copiar.jpg'><img loading=\"lazy\" decoding=\"async\" width=\"150\" height=\"150\" src=\"https:\/\/martaberrocal.org\/es\/wp-content\/uploads\/2016\/11\/1.Atencio-Copiar-150x150.jpg\" class=\"attachment-thumbnail size-thumbnail\" alt=\"\" \/><\/a>\n\t\t\t<\/div><\/figure><figure class='gallery-item'>\n\t\t\t<div class='gallery-icon portrait'>\n\t\t\t\t<a href='https:\/\/martaberrocal.org\/es\/wp-content\/uploads\/2016\/11\/3.Felicitat-Copiar.jpg'><img loading=\"lazy\" decoding=\"async\" width=\"150\" height=\"150\" src=\"https:\/\/martaberrocal.org\/es\/wp-content\/uploads\/2016\/11\/3.Felicitat-Copiar-150x150.jpg\" class=\"attachment-thumbnail size-thumbnail\" alt=\"\" \/><\/a>\n\t\t\t<\/div><\/figure><figure class='gallery-item'>\n\t\t\t<div class='gallery-icon portrait'>\n\t\t\t\t<a href='https:\/\/martaberrocal.org\/es\/wp-content\/uploads\/2016\/11\/4.Marta-Copiar.jpg'><img loading=\"lazy\" decoding=\"async\" width=\"150\" height=\"150\" src=\"https:\/\/martaberrocal.org\/es\/wp-content\/uploads\/2016\/11\/4.Marta-Copiar-150x150.jpg\" class=\"attachment-thumbnail size-thumbnail\" alt=\"\" \/><\/a>\n\t\t\t<\/div><\/figure><figure class='gallery-item'>\n\t\t\t<div class='gallery-icon landscape'>\n\t\t\t\t<a href='https:\/\/martaberrocal.org\/es\/wp-content\/uploads\/2016\/11\/8.Escrivint-Copiar.jpg'><img loading=\"lazy\" decoding=\"async\" width=\"150\" height=\"150\" src=\"https:\/\/martaberrocal.org\/es\/wp-content\/uploads\/2016\/11\/8.Escrivint-Copiar-150x150.jpg\" class=\"attachment-thumbnail size-thumbnail\" alt=\"\" \/><\/a>\n\t\t\t<\/div><\/figure><figure class='gallery-item'>\n\t\t\t<div class='gallery-icon landscape'>\n\t\t\t\t<a href='https:\/\/martaberrocal.org\/es\/wp-content\/uploads\/2016\/11\/9.-Caixeta-Copiar.jpg'><img loading=\"lazy\" decoding=\"async\" width=\"150\" height=\"150\" src=\"https:\/\/martaberrocal.org\/es\/wp-content\/uploads\/2016\/11\/9.-Caixeta-Copiar-150x150.jpg\" class=\"attachment-thumbnail size-thumbnail\" alt=\"\" \/><\/a>\n\t\t\t<\/div><\/figure><figure class='gallery-item'>\n\t\t\t<div class='gallery-icon portrait'>\n\t\t\t\t<a href='https:\/\/martaberrocal.org\/es\/wp-content\/uploads\/2016\/11\/16.Treballant-Copiar.jpg'><img loading=\"lazy\" decoding=\"async\" width=\"150\" height=\"150\" src=\"https:\/\/martaberrocal.org\/es\/wp-content\/uploads\/2016\/11\/16.Treballant-Copiar-150x150.jpg\" class=\"attachment-thumbnail size-thumbnail\" alt=\"\" \/><\/a>\n\t\t\t<\/div><\/figure><figure class='gallery-item'>\n\t\t\t<div class='gallery-icon portrait'>\n\t\t\t\t<a href='https:\/\/martaberrocal.org\/es\/wp-content\/uploads\/2016\/11\/18.Materials-Copiar.jpg'><img loading=\"lazy\" decoding=\"async\" width=\"150\" height=\"150\" src=\"https:\/\/martaberrocal.org\/es\/wp-content\/uploads\/2016\/11\/18.Materials-Copiar-150x150.jpg\" class=\"attachment-thumbnail size-thumbnail\" alt=\"\" \/><\/a>\n\t\t\t<\/div><\/figure><figure class='gallery-item'>\n\t\t\t<div class='gallery-icon portrait'>\n\t\t\t\t<a href='https:\/\/martaberrocal.org\/es\/wp-content\/uploads\/2016\/11\/20.Recepta-Copiar.jpg'><img loading=\"lazy\" decoding=\"async\" width=\"150\" height=\"150\" src=\"https:\/\/martaberrocal.org\/es\/wp-content\/uploads\/2016\/11\/20.Recepta-Copiar-150x150.jpg\" class=\"attachment-thumbnail size-thumbnail\" alt=\"\" \/><\/a>\n\t\t\t<\/div><\/figure><figure class='gallery-item'>\n\t\t\t<div class='gallery-icon landscape'>\n\t\t\t\t<a href='https:\/\/martaberrocal.org\/es\/wp-content\/uploads\/2016\/11\/21.Comiat-Copiar.jpg'><img loading=\"lazy\" decoding=\"async\" width=\"150\" height=\"150\" src=\"https:\/\/martaberrocal.org\/es\/wp-content\/uploads\/2016\/11\/21.Comiat-Copiar-150x150.jpg\" class=\"attachment-thumbnail size-thumbnail\" alt=\"\" \/><\/a>\n\t\t\t<\/div><\/figure>\n\t\t<\/div>\n\n<p>Cada participante se llev\u00f3 de recuerdo un elixir elaborado por otro asistente y m\u00e1s tarde compartimos mediante un dossier con fotograf\u00edas todos los elixires elaborados (aproximadamente unos 50) y sus correspondientes instrucciones de uso.<\/p>\n<p>La fotograf\u00eda que aparece a continuaci\u00f3n y el texto que le sigue, corresponden a uno de los elixires elaborados por una de las personas que participaron en el taller. No s\u00e9 su nombre. Espero que me disculpe y no tenga inconveniente en que comparta su elixir con todo aquel que visite esta p\u00e1gina.<\/p>\n<p style=\"text-align: center;\"><span style=\"color: #ff00ff;\"><img loading=\"lazy\" decoding=\"async\" class=\"alignnone wp-image-1632\" src=\"https:\/\/martaberrocal.org\/es\/wp-content\/uploads\/2016\/11\/elixir-06bis-copia-209x300.png\" alt=\"elixir-06bis-copia\" width=\"200\" height=\"287\" srcset=\"https:\/\/martaberrocal.org\/es\/wp-content\/uploads\/2016\/11\/elixir-06bis-copia-209x300.png 209w, https:\/\/martaberrocal.org\/es\/wp-content\/uploads\/2016\/11\/elixir-06bis-copia.png 273w\" sizes=\"auto, (max-width: 200px) 100vw, 200px\" \/>\u00a0\u00a0<\/span><\/p>\n<p style=\"padding-left: 30px;\"><strong>Cachito de cielo<\/strong><\/p>\n<p style=\"padding-left: 60px;\">Cierra los ojos y aprieta fuertemente la ampolla contra ti.<\/p>\n<p style=\"padding-left: 60px;\">A continuaci\u00f3n, siente como te vas elevando poco a poco hacia las nubes y te vas alejando del suelo.<\/p>\n<p style=\"padding-left: 60px;\">El\u00e9vate hasta llegar al s\u00e9ptimo cielo y qu\u00e9date all\u00ed el rato que necesites.<\/p>\n<p style=\"padding-left: 60px;\">Una vez lleno de j\u00fabilo, ves volviendo a la Tierra intentando mantenerte en ese estado todo el tiempo que te sea posible.<\/p>\n<p style=\"padding-left: 60px;\">Repite los pasos anteriores siempre que desees.<\/p>\n<p style=\"padding-left: 90px;\">P.D: Disfruta de las peque\u00f1as cosas y de los peque\u00f1os momentos, son fuente inagotable de felicidad.<\/p>\n","protected":false},"excerpt":{"rendered":"<p>&nbsp; &nbsp; \u00a0 &nbsp; &nbsp; &nbsp; En el marco del programa Apropa Cultura, Educa amb l&#8217;art organiza cursos en artes esc\u00e9nicas, m\u00fasica, artes pl\u00e1sticas y visuales, dirigidos a educadores sociales, terapeutas, integradores, coordinadores, t\u00e9cnicos, monitores y cuidadores sin conocimientos espec\u00edficos en artes, con el objetivo de proporcionarles las herramientas necesarias para poder llevar a cabo &hellip; <a href=\"https:\/\/martaberrocal.org\/es\/conferencias\/\" class=\"more-link\">Seguir leyendo <span class=\"screen-reader-text\">Programa Apropa Cultura. Educa amb l&#8217;art<\/span> <span class=\"meta-nav\">&rarr;<\/span><\/a><\/p>\n","protected":false},"author":1,"featured_media":0,"parent":0,"menu_order":0,"comment_status":"closed","ping_status":"closed","template":"","meta":{"footnotes":""},"class_list":["post-280","page","type-page","status-publish","hentry"],"_links":{"self":[{"href":"https:\/\/martaberrocal.org\/es\/wp-json\/wp\/v2\/pages\/280","targetHints":{"allow":["GET"]}}],"collection":[{"href":"https:\/\/martaberrocal.org\/es\/wp-json\/wp\/v2\/pages"}],"about":[{"href":"https:\/\/martaberrocal.org\/es\/wp-json\/wp\/v2\/types\/page"}],"author":[{"embeddable":true,"href":"https:\/\/martaberrocal.org\/es\/wp-json\/wp\/v2\/users\/1"}],"replies":[{"embeddable":true,"href":"https:\/\/martaberrocal.org\/es\/wp-json\/wp\/v2\/comments?post=280"}],"version-history":[{"count":15,"href":"https:\/\/martaberrocal.org\/es\/wp-json\/wp\/v2\/pages\/280\/revisions"}],"predecessor-version":[{"id":2445,"href":"https:\/\/martaberrocal.org\/es\/wp-json\/wp\/v2\/pages\/280\/revisions\/2445"}],"wp:attachment":[{"href":"https:\/\/martaberrocal.org\/es\/wp-json\/wp\/v2\/media?parent=280"}],"curies":[{"name":"wp","href":"https:\/\/api.w.org\/{rel}","templated":true}]}}