
{"id":296,"date":"2016-05-20T18:34:19","date_gmt":"2016-05-20T18:34:19","guid":{"rendered":"http:\/\/marta.ecoresiduos.es\/es\/?page_id=296"},"modified":"2017-05-30T09:51:18","modified_gmt":"2017-05-30T09:51:18","slug":"soja-transgenica","status":"publish","type":"page","link":"https:\/\/martaberrocal.org\/es\/soja-transgenica\/","title":{"rendered":"Soja transg\u00e9nica"},"content":{"rendered":"<p><img loading=\"lazy\" decoding=\"async\" class=\"wp-image-297 alignright\" src=\"https:\/\/martaberrocal.org\/es\/wp-content\/uploads\/2016\/05\/Portada-copia-Copiar-212x300.jpg\" alt=\"Portada copia (Copiar)\" width=\"99\" height=\"140\" srcset=\"https:\/\/martaberrocal.org\/es\/wp-content\/uploads\/2016\/05\/Portada-copia-Copiar-212x300.jpg 212w, https:\/\/martaberrocal.org\/es\/wp-content\/uploads\/2016\/05\/Portada-copia-Copiar.jpg 339w\" sizes=\"auto, (max-width: 99px) 100vw, 99px\" \/><\/p>\n<p><strong>Soja transg\u00e8nica <\/strong>es un proyecto realizado en 2008 para la <a href=\"https:\/\/vsf.org.es\/\">ONG Veterinarios sin fronteras<\/a>, con el soporte de la Agencia Espa\u00f1ola de Cooperaci\u00f3n Internacional (AECI). Los materiales escritos se editaron inicialmente en castellano, catal\u00e1n y gallego. En 2009 se revisaron y se tradujeron tambi\u00e9n al euskera.<\/p>\n<p>El encargo consisti\u00f3 en la conceptualizaci\u00f3n, dise\u00f1o y elaboraci\u00f3n de los materiales did\u00e1cticos de soporte del taller: <strong>\u201cSoja transg\u00e9nica\u201d<\/strong>. \u00a0Est\u00e1 dirigido a alumnos de educaci\u00f3n primaria, con el objetivo de abordar temas de soberan\u00eda alimentaria y espec\u00edficamente sobre las implicaciones y repercusiones de los cultivos latifundistas con cereales transg\u00e9nicos en los pa\u00edses subdesarrollados del hemisferio sur.<\/p>\n<p><img loading=\"lazy\" decoding=\"async\" class=\"size-medium wp-image-298 alignleft\" src=\"https:\/\/martaberrocal.org\/es\/wp-content\/uploads\/2016\/05\/portada-castellano-e1463769237868-182x300.png\" alt=\"portada castellano\" width=\"182\" height=\"300\" srcset=\"https:\/\/martaberrocal.org\/es\/wp-content\/uploads\/2016\/05\/portada-castellano-e1463769237868-182x300.png 182w, https:\/\/martaberrocal.org\/es\/wp-content\/uploads\/2016\/05\/portada-castellano-e1463769237868.png 373w\" sizes=\"auto, (max-width: 182px) 100vw, 182px\" \/><\/p>\n<p>El taller se desarrolla en torno a una historia: <strong>La soja. Para saber lo que se cuece cuando algo se enriquece<\/strong>. Est\u00e1 protagonizada por personajes de ambos hemisferios que asumen papeles y roles distintos cuyo parecido con la realidad no es pura coincidencia. Intervienen trabajadores de multinacionales, consumidores, periodistas, ganaderos, m\u00e9dicos, campesinos, latifundistas, etc.<\/p>\n<p>Los ni\u00f1os que participan en el taller asumen los roles de los personajes y entre todos escenifican la narraci\u00f3n, que transcurre entre ambos hemisferios. \u00a0Una vez finalizada la teatralizaci\u00f3n se invita a los ni\u00f1os a participar en un debate en torno a los temas que la historia pone de relieve, que incluye tambi\u00e9n aspectos \u00e9ticos y de valores.<\/p>\n<figure id=\"attachment_1418\" aria-describedby=\"caption-attachment-1418\" style=\"width: 207px\" class=\"wp-caption aligncenter\"><a href=\"https:\/\/martaberrocal.org\/es\/wp-content\/uploads\/2016\/05\/color-jpg1.jpg\"><img loading=\"lazy\" decoding=\"async\" class=\"wp-image-1418 size-medium\" src=\"https:\/\/martaberrocal.org\/es\/wp-content\/uploads\/2016\/05\/color-jpg1-207x300.jpg\" alt=\"color-jpg1\" width=\"207\" height=\"300\" srcset=\"https:\/\/martaberrocal.org\/es\/wp-content\/uploads\/2016\/05\/color-jpg1-207x300.jpg 207w, https:\/\/martaberrocal.org\/es\/wp-content\/uploads\/2016\/05\/color-jpg1-768x1112.jpg 768w, https:\/\/martaberrocal.org\/es\/wp-content\/uploads\/2016\/05\/color-jpg1-707x1024.jpg 707w, https:\/\/martaberrocal.org\/es\/wp-content\/uploads\/2016\/05\/color-jpg1.jpg 1713w\" sizes=\"auto, (max-width: 207px) 100vw, 207px\" \/><\/a><figcaption id=\"caption-attachment-1418\" class=\"wp-caption-text\">Personajes que protagonizan la narraci\u00f3n: <strong>La soja. Para saber lo que se cuece cuando alguien se enriquece<\/strong><\/figcaption><\/figure>\n<p>Las ilustraciones del proyecto son obra de <span style=\"color: #000000;\"><strong>Serafina Balasch<\/strong><\/span><\/p>\n","protected":false},"excerpt":{"rendered":"<p>Soja transg\u00e8nica es un proyecto realizado en 2008 para la ONG Veterinarios sin fronteras, con el soporte de la Agencia Espa\u00f1ola de Cooperaci\u00f3n Internacional (AECI). Los materiales escritos se editaron inicialmente en castellano, catal\u00e1n y gallego. En 2009 se revisaron y se tradujeron tambi\u00e9n al euskera. El encargo consisti\u00f3 en la conceptualizaci\u00f3n, dise\u00f1o y elaboraci\u00f3n &hellip; <a href=\"https:\/\/martaberrocal.org\/es\/soja-transgenica\/\" class=\"more-link\">Seguir leyendo <span class=\"screen-reader-text\">Soja transg\u00e9nica<\/span> <span class=\"meta-nav\">&rarr;<\/span><\/a><\/p>\n","protected":false},"author":1,"featured_media":0,"parent":0,"menu_order":0,"comment_status":"closed","ping_status":"closed","template":"","meta":{"footnotes":""},"class_list":["post-296","page","type-page","status-publish","hentry"],"_links":{"self":[{"href":"https:\/\/martaberrocal.org\/es\/wp-json\/wp\/v2\/pages\/296","targetHints":{"allow":["GET"]}}],"collection":[{"href":"https:\/\/martaberrocal.org\/es\/wp-json\/wp\/v2\/pages"}],"about":[{"href":"https:\/\/martaberrocal.org\/es\/wp-json\/wp\/v2\/types\/page"}],"author":[{"embeddable":true,"href":"https:\/\/martaberrocal.org\/es\/wp-json\/wp\/v2\/users\/1"}],"replies":[{"embeddable":true,"href":"https:\/\/martaberrocal.org\/es\/wp-json\/wp\/v2\/comments?post=296"}],"version-history":[{"count":6,"href":"https:\/\/martaberrocal.org\/es\/wp-json\/wp\/v2\/pages\/296\/revisions"}],"predecessor-version":[{"id":3362,"href":"https:\/\/martaberrocal.org\/es\/wp-json\/wp\/v2\/pages\/296\/revisions\/3362"}],"wp:attachment":[{"href":"https:\/\/martaberrocal.org\/es\/wp-json\/wp\/v2\/media?parent=296"}],"curies":[{"name":"wp","href":"https:\/\/api.w.org\/{rel}","templated":true}]}}