
{"id":315,"date":"2016-05-23T10:47:42","date_gmt":"2016-05-23T10:47:42","guid":{"rendered":"http:\/\/marta.ecoresiduos.es\/es\/?page_id=315"},"modified":"2016-11-09T15:14:12","modified_gmt":"2016-11-09T15:14:12","slug":"relacionados-con-el-arte","status":"publish","type":"page","link":"https:\/\/martaberrocal.org\/es\/relacionados-con-el-arte\/","title":{"rendered":"Educaci\u00f3n art\u00edstica"},"content":{"rendered":"<p>El arte es el punto de partida de muchos de mis proyectos.\u00a0 Siempre me proporciona conexiones inesperadas e inspiraci\u00f3n para abordar cualquier tema que se me interponga o se me proponga.<\/p>\n<p>Las hibridaciones a las que me he referido en el apartado de \u00abDocencia\u00bb son a\u00fan m\u00e1s evidentes en este subapartado. Se hace dif\u00edcil establecer l\u00edmites claros entre temas.<\/p>\n<p>De momento, he decidido organizarlos as\u00ed:<\/p>\n<ul>\n<li><a href=\"https:\/\/martaberrocal.org\/es\/?page_id=831\">Arte contempor\u00e1neo<\/a><\/li>\n<li><a href=\"https:\/\/martaberrocal.org\/es\/?page_id=643\">Arte y ciencias<\/a><\/li>\n<li><a href=\"https:\/\/martaberrocal.org\/es\/?page_id=182\">Arte y curr\u00edculum es<\/a><a href=\"https:\/\/martaberrocal.org\/es\/?page_id=182\">colar<\/a><\/li>\n<li><a href=\"https:\/\/martaberrocal.org\/es\/?page_id=823\">Arte y educaci\u00f3n especial<\/a><\/li>\n<li><a href=\"https:\/\/martaberrocal.org\/es\/?page_id=953\">Arte y alzh\u00e9imer<\/a><\/li>\n<li><a href=\"https:\/\/martaberrocal.org\/es\/?page_id=1138\">Arte y emociones <\/a><\/li>\n<li><a href=\"https:\/\/martaberrocal.org\/es\/?page_id=1141\">Arte y creatividad<\/a><\/li>\n<li><a href=\"https:\/\/martaberrocal.org\/es\/?page_id=536\">Arte y pensamie<\/a><a href=\"https:\/\/martaberrocal.org\/es\/?page_id=536\">nto<\/a><\/li>\n<li><a href=\"https:\/\/martaberrocal.org\/es\/?page_id=533\">Arte y sexualidad<\/a><\/li>\n<li><a href=\"https:\/\/martaberrocal.org\/es\/?page_id=1068\">Arte, cocina y mercado<\/a><\/li>\n<li><a href=\"https:\/\/martaberrocal.org\/es\/?page_id=828\">Arte, museos y exposiciones<\/a><\/li>\n<li><a href=\"https:\/\/martaberrocal.org\/es\/?page_id=834\">Educadores de museos<\/a><\/li>\n<\/ul>\n","protected":false},"excerpt":{"rendered":"<p>El arte es el punto de partida de muchos de mis proyectos.\u00a0 Siempre me proporciona conexiones inesperadas e inspiraci\u00f3n para abordar cualquier tema que se me interponga o se me proponga. Las hibridaciones a las que me he referido en el apartado de \u00abDocencia\u00bb son a\u00fan m\u00e1s evidentes en este subapartado. Se hace dif\u00edcil establecer &hellip; <a href=\"https:\/\/martaberrocal.org\/es\/relacionados-con-el-arte\/\" class=\"more-link\">Seguir leyendo <span class=\"screen-reader-text\">Educaci\u00f3n art\u00edstica<\/span> <span class=\"meta-nav\">&rarr;<\/span><\/a><\/p>\n","protected":false},"author":1,"featured_media":0,"parent":0,"menu_order":0,"comment_status":"closed","ping_status":"closed","template":"","meta":{"footnotes":""},"class_list":["post-315","page","type-page","status-publish","hentry"],"_links":{"self":[{"href":"https:\/\/martaberrocal.org\/es\/wp-json\/wp\/v2\/pages\/315","targetHints":{"allow":["GET"]}}],"collection":[{"href":"https:\/\/martaberrocal.org\/es\/wp-json\/wp\/v2\/pages"}],"about":[{"href":"https:\/\/martaberrocal.org\/es\/wp-json\/wp\/v2\/types\/page"}],"author":[{"embeddable":true,"href":"https:\/\/martaberrocal.org\/es\/wp-json\/wp\/v2\/users\/1"}],"replies":[{"embeddable":true,"href":"https:\/\/martaberrocal.org\/es\/wp-json\/wp\/v2\/comments?post=315"}],"version-history":[{"count":15,"href":"https:\/\/martaberrocal.org\/es\/wp-json\/wp\/v2\/pages\/315\/revisions"}],"predecessor-version":[{"id":1521,"href":"https:\/\/martaberrocal.org\/es\/wp-json\/wp\/v2\/pages\/315\/revisions\/1521"}],"wp:attachment":[{"href":"https:\/\/martaberrocal.org\/es\/wp-json\/wp\/v2\/media?parent=315"}],"curies":[{"name":"wp","href":"https:\/\/api.w.org\/{rel}","templated":true}]}}