
{"id":323,"date":"2016-05-23T10:50:01","date_gmt":"2016-05-23T10:50:01","guid":{"rendered":"http:\/\/marta.ecoresiduos.es\/es\/?page_id=323"},"modified":"2016-11-07T17:59:52","modified_gmt":"2016-11-07T17:59:52","slug":"kitscaixa-valores","status":"publish","type":"page","link":"https:\/\/martaberrocal.org\/es\/kitscaixa-valores\/","title":{"rendered":"KITSCAIXA VALORES Y KITSCAIXA VALORES compacto"},"content":{"rendered":"<p><img loading=\"lazy\" decoding=\"async\" class=\"wp-image-348 \" src=\"https:\/\/martaberrocal.org\/es\/wp-content\/uploads\/2016\/05\/moble-kitcaixa-valors-Copiar-187x300.jpg\" alt=\"moble kitcaixa valors (Copiar)\" width=\"171\" height=\"274\" srcset=\"https:\/\/martaberrocal.org\/es\/wp-content\/uploads\/2016\/05\/moble-kitcaixa-valors-Copiar-187x300.jpg 187w, https:\/\/martaberrocal.org\/es\/wp-content\/uploads\/2016\/05\/moble-kitcaixa-valors-Copiar.jpg 299w\" sizes=\"auto, (max-width: 171px) 100vw, 171px\" \/><\/p>\n<p>Proyecto <strong>KITSCAIXA VALORES<\/strong>. Obra Social \u201cla Caixa\u201d<\/p>\n<p>Participo en este proyecto colaborando en la redacci\u00f3n de la gu\u00eda de uso de los materiales del kit, en 2007. El responsable de su conceptualizaci\u00f3n es Toni Cirera y su equipo de colaboradores.<\/p>\n<p>Mi trabajo consiste b\u00e1sicamente en dar forma al texto y en homogeneizar los contenidos, previamente consensuados. Trabajar en la redacci\u00f3n de la gu\u00eda me ofrece la oportunidad de conocer a fondo el proyecto, sus objetivos, los materiales, su estructura, etc. Tambi\u00e9n me permite aportar alguna sugerencia metodol\u00f3gica sobre las actividades que se proponen. \u00a0Durante los a\u00f1os siguientes a su producci\u00f3n me encargo de realizar sesiones de <a href=\"https:\/\/martaberrocal.org\/es\/?page_id=1162\">presentaci\u00f3n y formaci\u00f3n<\/a>, al profesorado de las diferentes comunidades aut\u00f3nomas donde se distribuye el Kit.<\/p>\n<p><strong>KITSCAIXA VALORES<\/strong> facilita herramientas para trabajar la educaci\u00f3n de los valores \u00e9ticos y sociales. Su principal objetivo es proporcionar recursos atractivos, motivadores y sencillos para que maestros y alumnos se animen a desarrollar diferentes actividades que potencien su <strong>crecimiento socioemocional y en valores<\/strong>. Las actividades se ordenan a trav\u00e9s de tres kits independientes que contienen materiales pensados para ayudar a dinamizar propuestas bien definidas y f\u00e1ciles de aplicar en un grupo clase.<\/p>\n<p>Los tres kits y sus principales objetivos son:<\/p>\n<ul>\n<li><strong>Identidad<\/strong>: mejorar el conocimiento que los ni\u00f1os tienen de ellos mismos e incrementar su autoestima.<\/li>\n<li><strong>Convivencia<\/strong>: mejorar la conexi\u00f3n y la comprensi\u00f3n de los dem\u00e1s.<\/li>\n<li><strong>Responsabilidad<\/strong>: ayudar a los alumnos a tomar decisiones de forma responsable y coherente con los valores que tienen.<\/li>\n<\/ul>\n<p>En 2009 Toni Cirera y su equipo trabaja en la adaptaci\u00f3n del KitsCaixa Valores para producir un nuevo kit de tama\u00f1o m\u00e1s reducido, que incorpora elementos de los tres kits originales, destinado a \u00e1mbitos educativos no formales. Recibe el nombre de <strong>KITSCAIXA VALORES\u00a0compacto<\/strong>.<\/p>\n<p><img loading=\"lazy\" decoding=\"async\" class=\"wp-image-364 alignleft\" src=\"https:\/\/martaberrocal.org\/es\/wp-content\/uploads\/2016\/05\/valores-cmpacto-250x300.png\" alt=\"valores cmpacto\" width=\"195\" height=\"234\" srcset=\"https:\/\/martaberrocal.org\/es\/wp-content\/uploads\/2016\/05\/valores-cmpacto-250x300.png 250w, https:\/\/martaberrocal.org\/es\/wp-content\/uploads\/2016\/05\/valores-cmpacto.png 285w\" sizes=\"auto, (max-width: 195px) 100vw, 195px\" \/><\/p>\n<p><img loading=\"lazy\" decoding=\"async\" class=\"wp-image-346 alignright\" src=\"https:\/\/martaberrocal.org\/es\/wp-content\/uploads\/2016\/05\/guia-kitsvalors-Copiar-212x300.png\" alt=\"guia kitsvalors (Copiar)\" width=\"117\" height=\"166\" srcset=\"https:\/\/martaberrocal.org\/es\/wp-content\/uploads\/2016\/05\/guia-kitsvalors-Copiar-212x300.png 212w, https:\/\/martaberrocal.org\/es\/wp-content\/uploads\/2016\/05\/guia-kitsvalors-Copiar.png 339w\" sizes=\"auto, (max-width: 117px) 100vw, 117px\" \/><\/p>\n<p>Mi relaci\u00f3n con este proyecto se establece a trav\u00e9s de la gu\u00eda de uso, dado que la nueva gu\u00eda constituye una adaptaci\u00f3n de la anterior. No intervengo en el proceso de selecci\u00f3n de contenidos. Sin embargo, m\u00e1s adelante tengo ocasi\u00f3n de realizar diferentes sesiones de <a href=\"https:\/\/martaberrocal.org\/es\/?page_id=1165\">presentaci\u00f3n y formaci\u00f3n<\/a> para dar a conocer los materiales y sus posibilidades en entornos de educaci\u00f3n no formal. Tambi\u00e9n me encargo de conceptualizar y coordinar el <a href=\"https:\/\/martaberrocal.org\/es\/?page_id=1347\">1er Concurso \u201cConstruyendo Valores\u201d<\/a> con el objetivo de incentivar el uso del nuevo kit y de los valores que promueve, entre entidades sociales que participan en programas de atenci\u00f3n a la infancia de la Obra Social \u201cla Caixa\u201d.<\/p>\n<p>&nbsp;<\/p>\n<p>&nbsp;<\/p>\n<p>&nbsp;<\/p>\n<p>&nbsp;<\/p>\n","protected":false},"excerpt":{"rendered":"<p>Proyecto KITSCAIXA VALORES. Obra Social \u201cla Caixa\u201d Participo en este proyecto colaborando en la redacci\u00f3n de la gu\u00eda de uso de los materiales del kit, en 2007. El responsable de su conceptualizaci\u00f3n es Toni Cirera y su equipo de colaboradores. Mi trabajo consiste b\u00e1sicamente en dar forma al texto y en homogeneizar los contenidos, previamente &hellip; <a href=\"https:\/\/martaberrocal.org\/es\/kitscaixa-valores\/\" class=\"more-link\">Seguir leyendo <span class=\"screen-reader-text\">KITSCAIXA VALORES Y KITSCAIXA VALORES compacto<\/span> <span class=\"meta-nav\">&rarr;<\/span><\/a><\/p>\n","protected":false},"author":1,"featured_media":0,"parent":0,"menu_order":0,"comment_status":"closed","ping_status":"closed","template":"","meta":{"footnotes":""},"class_list":["post-323","page","type-page","status-publish","hentry"],"_links":{"self":[{"href":"https:\/\/martaberrocal.org\/es\/wp-json\/wp\/v2\/pages\/323","targetHints":{"allow":["GET"]}}],"collection":[{"href":"https:\/\/martaberrocal.org\/es\/wp-json\/wp\/v2\/pages"}],"about":[{"href":"https:\/\/martaberrocal.org\/es\/wp-json\/wp\/v2\/types\/page"}],"author":[{"embeddable":true,"href":"https:\/\/martaberrocal.org\/es\/wp-json\/wp\/v2\/users\/1"}],"replies":[{"embeddable":true,"href":"https:\/\/martaberrocal.org\/es\/wp-json\/wp\/v2\/comments?post=323"}],"version-history":[{"count":4,"href":"https:\/\/martaberrocal.org\/es\/wp-json\/wp\/v2\/pages\/323\/revisions"}],"predecessor-version":[{"id":1518,"href":"https:\/\/martaberrocal.org\/es\/wp-json\/wp\/v2\/pages\/323\/revisions\/1518"}],"wp:attachment":[{"href":"https:\/\/martaberrocal.org\/es\/wp-json\/wp\/v2\/media?parent=323"}],"curies":[{"name":"wp","href":"https:\/\/api.w.org\/{rel}","templated":true}]}}