
{"id":523,"date":"2016-05-26T16:51:18","date_gmt":"2016-05-26T16:51:18","guid":{"rendered":"http:\/\/marta.ecoresiduos.es\/es\/?page_id=523"},"modified":"2017-02-01T08:05:51","modified_gmt":"2017-02-01T08:05:51","slug":"publicaciones-fotografias","status":"publish","type":"page","link":"https:\/\/martaberrocal.org\/es\/publicaciones-fotografias\/","title":{"rendered":"Fotograf\u00edas"},"content":{"rendered":"<p>&nbsp;<\/p>\n<p><img loading=\"lazy\" decoding=\"async\" class=\"alignnone wp-image-1186\" src=\"https:\/\/martaberrocal.org\/es\/wp-content\/uploads\/2016\/05\/Cataleg-arquitectes-266x300.jpg\" alt=\"Cataleg arquitectes\" width=\"202\" height=\"228\" srcset=\"https:\/\/martaberrocal.org\/es\/wp-content\/uploads\/2016\/05\/Cataleg-arquitectes-266x300.jpg 266w, https:\/\/martaberrocal.org\/es\/wp-content\/uploads\/2016\/05\/Cataleg-arquitectes.jpg 443w\" sizes=\"auto, (max-width: 202px) 100vw, 202px\" \/><\/p>\n<p>Cat\u00e1logo editado por el MCNB en 2003 con motivo de la exposici\u00f3n \u00ab<strong>Los otros arquitectos<\/strong>\u00ab.<\/p>\n<p>Aport\u00e9 a este cat\u00e1logo una fotograf\u00eda de la p\u00e9rgola construida por un p\u00e1jaro pergolero australiano, que tuve el placer de descubrir durante un paseo por el bosque en Kangaroo Valley en Nueva Gales del Sur, Australia.<\/p>\n<p><a href=\"https:\/\/martaberrocal.org\/es\/wp-content\/uploads\/2016\/05\/kangaroo-023-Copiar.jpg\"><img loading=\"lazy\" decoding=\"async\" class=\"alignnone wp-image-1194 size-medium\" src=\"https:\/\/martaberrocal.org\/es\/wp-content\/uploads\/2016\/05\/kangaroo-023-Copiar-199x300.jpg\" alt=\"kangaroo Valley. P\u00e9rgola \" width=\"199\" height=\"300\" srcset=\"https:\/\/martaberrocal.org\/es\/wp-content\/uploads\/2016\/05\/kangaroo-023-Copiar-199x300.jpg 199w, https:\/\/martaberrocal.org\/es\/wp-content\/uploads\/2016\/05\/kangaroo-023-Copiar.jpg 398w\" sizes=\"auto, (max-width: 199px) 100vw, 199px\" \/><\/a><\/p>\n<p>Esta es la foto publicada. Se pudo incluir a \u00faltima hora, cuando el cat\u00e1logo estaba ya en fase de revisi\u00f3n de galeradas.<\/p>\n<p>A continuaci\u00f3n, encontrareis otras fotos de la p\u00e9rgola y sus alrededores, que hice el mismo d\u00eda. El macho de este p\u00e1jaro autraliano, perteneciente a la familia <em><a href=\"https:\/\/es.wikipedia.org\/wiki\/Ptilonorhynchidae\" target=\"_blank\">Ptilonorhynchidae<\/a>,<\/em> construye una p\u00e9rgola con palitos que recoge del suelo y luego decora los alrededores con objetos de color azul, con el objetivo de atraer y conquistar a su pareja. La mayor parte son materiales humanos, como tapones y otros objetos de pl\u00e1stico, pero tambi\u00e9n hay plumas.<\/p>\n<div id='gallery-1' class='gallery galleryid-523 gallery-columns-3 gallery-size-thumbnail'><figure class='gallery-item'>\n\t\t\t<div class='gallery-icon landscape'>\n\t\t\t\t<a href='https:\/\/martaberrocal.org\/es\/wp-content\/uploads\/2016\/05\/kangaroo-026-Copiar.jpg'><img loading=\"lazy\" decoding=\"async\" width=\"150\" height=\"150\" src=\"https:\/\/martaberrocal.org\/es\/wp-content\/uploads\/2016\/05\/kangaroo-026-Copiar-150x150.jpg\" class=\"attachment-thumbnail size-thumbnail\" alt=\"\" aria-describedby=\"gallery-1-1196\" \/><\/a>\n\t\t\t<\/div>\n\t\t\t\t<figcaption class='wp-caption-text gallery-caption' id='gallery-1-1196'>\n\t\t\t\tKangaroo Valley 1\n\t\t\t\t<\/figcaption><\/figure><figure class='gallery-item'>\n\t\t\t<div class='gallery-icon portrait'>\n\t\t\t\t<a href='https:\/\/martaberrocal.org\/es\/wp-content\/uploads\/2016\/05\/kangaroo-024-Copiar.jpg'><img loading=\"lazy\" decoding=\"async\" width=\"150\" height=\"150\" src=\"https:\/\/martaberrocal.org\/es\/wp-content\/uploads\/2016\/05\/kangaroo-024-Copiar-150x150.jpg\" class=\"attachment-thumbnail size-thumbnail\" alt=\"\" aria-describedby=\"gallery-1-1195\" \/><\/a>\n\t\t\t<\/div>\n\t\t\t\t<figcaption class='wp-caption-text gallery-caption' id='gallery-1-1195'>\n\t\t\t\tKangaroo Valley 2\n\t\t\t\t<\/figcaption><\/figure><figure class='gallery-item'>\n\t\t\t<div class='gallery-icon portrait'>\n\t\t\t\t<a href='https:\/\/martaberrocal.org\/es\/wp-content\/uploads\/2016\/05\/kangaroo-046-Copiar.jpg'><img loading=\"lazy\" decoding=\"async\" width=\"150\" height=\"150\" src=\"https:\/\/martaberrocal.org\/es\/wp-content\/uploads\/2016\/05\/kangaroo-046-Copiar-150x150.jpg\" class=\"attachment-thumbnail size-thumbnail\" alt=\"\" aria-describedby=\"gallery-1-1200\" \/><\/a>\n\t\t\t<\/div>\n\t\t\t\t<figcaption class='wp-caption-text gallery-caption' id='gallery-1-1200'>\n\t\t\t\tKangaroo Valley 3\n\t\t\t\t<\/figcaption><\/figure><figure class='gallery-item'>\n\t\t\t<div class='gallery-icon landscape'>\n\t\t\t\t<a href='https:\/\/martaberrocal.org\/es\/wp-content\/uploads\/2016\/05\/kangaroo-044-Copiar.jpg'><img loading=\"lazy\" decoding=\"async\" width=\"150\" height=\"150\" src=\"https:\/\/martaberrocal.org\/es\/wp-content\/uploads\/2016\/05\/kangaroo-044-Copiar-150x150.jpg\" class=\"attachment-thumbnail size-thumbnail\" alt=\"\" aria-describedby=\"gallery-1-1198\" \/><\/a>\n\t\t\t<\/div>\n\t\t\t\t<figcaption class='wp-caption-text gallery-caption' id='gallery-1-1198'>\n\t\t\t\tKangaroo Valley 4\n\t\t\t\t<\/figcaption><\/figure><figure class='gallery-item'>\n\t\t\t<div class='gallery-icon portrait'>\n\t\t\t\t<a href='https:\/\/martaberrocal.org\/es\/wp-content\/uploads\/2016\/05\/kangaroo-045-Copiar.jpg'><img loading=\"lazy\" decoding=\"async\" width=\"150\" height=\"150\" src=\"https:\/\/martaberrocal.org\/es\/wp-content\/uploads\/2016\/05\/kangaroo-045-Copiar-150x150.jpg\" class=\"attachment-thumbnail size-thumbnail\" alt=\"\" aria-describedby=\"gallery-1-1199\" \/><\/a>\n\t\t\t<\/div>\n\t\t\t\t<figcaption class='wp-caption-text gallery-caption' id='gallery-1-1199'>\n\t\t\t\tKangaroo Valley 5\n\t\t\t\t<\/figcaption><\/figure><figure class='gallery-item'>\n\t\t\t<div class='gallery-icon portrait'>\n\t\t\t\t<a href='https:\/\/martaberrocal.org\/es\/wp-content\/uploads\/2016\/05\/kangaroo-043-Copiar.jpg'><img loading=\"lazy\" decoding=\"async\" width=\"150\" height=\"150\" src=\"https:\/\/martaberrocal.org\/es\/wp-content\/uploads\/2016\/05\/kangaroo-043-Copiar-150x150.jpg\" class=\"attachment-thumbnail size-thumbnail\" alt=\"\" aria-describedby=\"gallery-1-1197\" \/><\/a>\n\t\t\t<\/div>\n\t\t\t\t<figcaption class='wp-caption-text gallery-caption' id='gallery-1-1197'>\n\t\t\t\tKangaroo Valley 6\n\t\t\t\t<\/figcaption><\/figure>\n\t\t<\/div>\n\n<p><a href=\"https:\/\/martaberrocal.org\/es\/wp-content\/uploads\/2016\/05\/Kangaroo-Valley.jpg\"><img loading=\"lazy\" decoding=\"async\" class=\"alignnone wp-image-1190\" src=\"https:\/\/martaberrocal.org\/es\/wp-content\/uploads\/2016\/05\/Kangaroo-Valley-300x253.jpg\" alt=\"Kangaroo Valley\" width=\"212\" height=\"179\" srcset=\"https:\/\/martaberrocal.org\/es\/wp-content\/uploads\/2016\/05\/Kangaroo-Valley-300x253.jpg 300w, https:\/\/martaberrocal.org\/es\/wp-content\/uploads\/2016\/05\/Kangaroo-Valley.jpg 729w\" sizes=\"auto, (max-width: 212px) 100vw, 212px\" \/><\/a><\/p>\n<p>Mapa de localizaci\u00f3n de Kangaroo Valley<\/p>\n<hr \/>\n<p>Bolet\u00edn de contacto del <em>Institut Catal\u00e0 d&#8217;Ornitologia <\/em>Primavera\/verano 2008<\/p>\n<p><a href=\"https:\/\/martaberrocal.org\/es\/wp-content\/uploads\/2016\/05\/Ornitologia.jpg\"><img loading=\"lazy\" decoding=\"async\" class=\"alignnone wp-image-1192 size-medium\" src=\"https:\/\/martaberrocal.org\/es\/wp-content\/uploads\/2016\/05\/Ornitologia-216x300.jpg\" alt=\"Ornitologia\" width=\"216\" height=\"300\" srcset=\"https:\/\/martaberrocal.org\/es\/wp-content\/uploads\/2016\/05\/Ornitologia-216x300.jpg 216w, https:\/\/martaberrocal.org\/es\/wp-content\/uploads\/2016\/05\/Ornitologia.jpg 520w\" sizes=\"auto, (max-width: 216px) 100vw, 216px\" \/><\/a><\/p>\n<p>Los investigadores Joan Carles Senar, Llu\u00efsa Arroyo y Oriol Clarabuch publican un art\u00edculo con los resultados de sus investigaciones sobre el color del plumaje como indicador de la calidad ambiental.<\/p>\n<p>El art\u00edculo incorpora dos fotograf\u00cdas de un carbonero com\u00fan (<em>Parus major<\/em>), que tom\u00e9 en casa.<\/p>\n<p>&nbsp;<\/p>\n<p>Esta otra aparece en el <a href=\"http:\/\/www.blogmuseuciencies.org\/2015\/11\/lexposicio-als-metalls-pesants-fa-que-siguis-menys-atractiu\/\" target=\"_blank\">blog <\/a>del Museo de Ciencias Naturales,\u00a0 ilustrando un art\u00edculo de Joan Carles Senar sobre la influencia de los metales pesados en la coloraci\u00f3n del plumaje de las aves.<\/p>\n<p><img loading=\"lazy\" decoding=\"async\" class=\"alignnone size-medium wp-image-1230\" src=\"https:\/\/martaberrocal.org\/es\/wp-content\/uploads\/2016\/05\/Mallerenga-carbonera-300x118.jpg\" alt=\"Mallerenga carbonera\" width=\"300\" height=\"118\" srcset=\"https:\/\/martaberrocal.org\/es\/wp-content\/uploads\/2016\/05\/Mallerenga-carbonera-300x118.jpg 300w, https:\/\/martaberrocal.org\/es\/wp-content\/uploads\/2016\/05\/Mallerenga-carbonera.jpg 767w\" sizes=\"auto, (max-width: 300px) 100vw, 300px\" \/><\/p>\n<p>&nbsp;<\/p>\n","protected":false},"excerpt":{"rendered":"<p>&nbsp; Cat\u00e1logo editado por el MCNB en 2003 con motivo de la exposici\u00f3n \u00abLos otros arquitectos\u00ab. Aport\u00e9 a este cat\u00e1logo una fotograf\u00eda de la p\u00e9rgola construida por un p\u00e1jaro pergolero australiano, que tuve el placer de descubrir durante un paseo por el bosque en Kangaroo Valley en Nueva Gales del Sur, Australia. Esta es la &hellip; <a href=\"https:\/\/martaberrocal.org\/es\/publicaciones-fotografias\/\" class=\"more-link\">Seguir leyendo <span class=\"screen-reader-text\">Fotograf\u00edas<\/span> <span class=\"meta-nav\">&rarr;<\/span><\/a><\/p>\n","protected":false},"author":1,"featured_media":0,"parent":0,"menu_order":0,"comment_status":"closed","ping_status":"closed","template":"","meta":{"footnotes":""},"class_list":["post-523","page","type-page","status-publish","hentry"],"_links":{"self":[{"href":"https:\/\/martaberrocal.org\/es\/wp-json\/wp\/v2\/pages\/523","targetHints":{"allow":["GET"]}}],"collection":[{"href":"https:\/\/martaberrocal.org\/es\/wp-json\/wp\/v2\/pages"}],"about":[{"href":"https:\/\/martaberrocal.org\/es\/wp-json\/wp\/v2\/types\/page"}],"author":[{"embeddable":true,"href":"https:\/\/martaberrocal.org\/es\/wp-json\/wp\/v2\/users\/1"}],"replies":[{"embeddable":true,"href":"https:\/\/martaberrocal.org\/es\/wp-json\/wp\/v2\/comments?post=523"}],"version-history":[{"count":12,"href":"https:\/\/martaberrocal.org\/es\/wp-json\/wp\/v2\/pages\/523\/revisions"}],"predecessor-version":[{"id":1504,"href":"https:\/\/martaberrocal.org\/es\/wp-json\/wp\/v2\/pages\/523\/revisions\/1504"}],"wp:attachment":[{"href":"https:\/\/martaberrocal.org\/es\/wp-json\/wp\/v2\/media?parent=523"}],"curies":[{"name":"wp","href":"https:\/\/api.w.org\/{rel}","templated":true}]}}