
{"id":533,"date":"2016-05-26T17:06:29","date_gmt":"2016-05-26T17:06:29","guid":{"rendered":"http:\/\/marta.ecoresiduos.es\/es\/?page_id=533"},"modified":"2016-11-04T15:59:16","modified_gmt":"2016-11-04T15:59:16","slug":"asesoramientos","status":"publish","type":"page","link":"https:\/\/martaberrocal.org\/es\/asesoramientos\/","title":{"rendered":"Arte y sexualidad"},"content":{"rendered":"<p>Durante tres a\u00f1os consecutivos: 2000, 2001 y 2002, me invitan a participar en Barcelona en el curso de Posgrado: <strong>Sexualidad y Salud reproductiva, <\/strong>organizado por l\u2019<em>Associaci\u00f3 Catalana de Llevadores<\/em> en colaboraci\u00f3n con el <em>Institut d\u2019Estudis de la Salut de la Generalitat de Catalunya<\/em>.<\/p>\n<ul>\n<li>Construyo e imparto una conferencia con el t\u00edtulo: <strong>Arte y sexualidad.\u00a0 <\/strong><\/li>\n<\/ul>\n<div id='gallery-1' class='gallery galleryid-533 gallery-columns-3 gallery-size-thumbnail'><figure class='gallery-item'>\n\t\t\t<div class='gallery-icon portrait'>\n\t\t\t\t<a href='https:\/\/martaberrocal.org\/es\/wp-content\/uploads\/2016\/05\/Brancusi.El-beso.jpg'><img loading=\"lazy\" decoding=\"async\" width=\"150\" height=\"150\" src=\"https:\/\/martaberrocal.org\/es\/wp-content\/uploads\/2016\/05\/Brancusi.El-beso-150x150.jpg\" class=\"attachment-thumbnail size-thumbnail\" alt=\"\" aria-describedby=\"gallery-1-887\" \/><\/a>\n\t\t\t<\/div>\n\t\t\t\t<figcaption class='wp-caption-text gallery-caption' id='gallery-1-887'>\n\t\t\t\tBrancusi. El beso\n\t\t\t\t<\/figcaption><\/figure><figure class='gallery-item'>\n\t\t\t<div class='gallery-icon portrait'>\n\t\t\t\t<a href='https:\/\/martaberrocal.org\/es\/wp-content\/uploads\/2016\/05\/Klimt-El-beso.jpg'><img loading=\"lazy\" decoding=\"async\" width=\"150\" height=\"150\" src=\"https:\/\/martaberrocal.org\/es\/wp-content\/uploads\/2016\/05\/Klimt-El-beso-150x150.jpg\" class=\"attachment-thumbnail size-thumbnail\" alt=\"\" aria-describedby=\"gallery-1-888\" \/><\/a>\n\t\t\t<\/div>\n\t\t\t\t<figcaption class='wp-caption-text gallery-caption' id='gallery-1-888'>\n\t\t\t\tKlimt. El beso\n\t\t\t\t<\/figcaption><\/figure><figure class='gallery-item'>\n\t\t\t<div class='gallery-icon portrait'>\n\t\t\t\t<a href='https:\/\/martaberrocal.org\/es\/wp-content\/uploads\/2016\/05\/Rodin.El-beso.jpg'><img loading=\"lazy\" decoding=\"async\" width=\"150\" height=\"150\" src=\"https:\/\/martaberrocal.org\/es\/wp-content\/uploads\/2016\/05\/Rodin.El-beso-150x150.jpg\" class=\"attachment-thumbnail size-thumbnail\" alt=\"\" aria-describedby=\"gallery-1-889\" \/><\/a>\n\t\t\t<\/div>\n\t\t\t\t<figcaption class='wp-caption-text gallery-caption' id='gallery-1-889'>\n\t\t\t\tRodin. El beso\n\t\t\t\t<\/figcaption><\/figure>\n\t\t<\/div>\n\n<p>Estas tres obras, pertenecientes a Brancusi, Klimt y Rodin, comparten t\u00edtulo: El beso. A partir de ellas realizamos algunas actividades con el objetivo de ver de qu\u00e9 maneras se puede abordar creativamente un tema relacionado con la educaci\u00f3n sexual.<\/p>\n<p>En 2006 me invitan a impartir un taller dentro del curso: <strong>Actualizaci\u00f3n en Salud sexual y reproductiva<\/strong>, organizado por l\u2019<em>Associaci\u00f3 Catalana de\u00a0 Llevadores<\/em> en colaboraci\u00f3n con el <em>Institut d\u2019Estudis de la Salut de la Generalitat de Catalunya.<\/em><\/p>\n<ul>\n<li>Invento e imparto un taller con el t\u00edtulo: <strong>El uso de im\u00e1genes en educaci\u00f3n sexual. Estrategias did\u00e1cticas y metodol\u00f3gicas. <\/strong>Est\u00e1 dirigido a comadronas que llevan a cabo acciones educativas con adolescentes, embarazadas y mujeres menop\u00e1usicas. Exploramos las posibilidades de desarrollar metodolog\u00edas innovadoras, trabajando a partir de im\u00e1genes art\u00edsticas de diferente \u00edndole, con el objetivo de facilitar la comunicaci\u00f3n con diferentes grupos de personas, al abordar temas relacionados con su salud sexual y reproductiva.<\/li>\n<\/ul>\n<div id='gallery-2' class='gallery galleryid-533 gallery-columns-3 gallery-size-thumbnail'><figure class='gallery-item'>\n\t\t\t<div class='gallery-icon portrait'>\n\t\t\t\t<a href='https:\/\/martaberrocal.org\/es\/wp-content\/uploads\/2016\/05\/M-23-gener-095-R.jpg'><img loading=\"lazy\" decoding=\"async\" width=\"150\" height=\"150\" src=\"https:\/\/martaberrocal.org\/es\/wp-content\/uploads\/2016\/05\/M-23-gener-095-R-150x150.jpg\" class=\"attachment-thumbnail size-thumbnail\" alt=\"\" \/><\/a>\n\t\t\t<\/div><\/figure><figure class='gallery-item'>\n\t\t\t<div class='gallery-icon portrait'>\n\t\t\t\t<a href='https:\/\/martaberrocal.org\/es\/wp-content\/uploads\/2016\/05\/M-23-gener-097-R.jpg'><img loading=\"lazy\" decoding=\"async\" width=\"150\" height=\"150\" src=\"https:\/\/martaberrocal.org\/es\/wp-content\/uploads\/2016\/05\/M-23-gener-097-R-150x150.jpg\" class=\"attachment-thumbnail size-thumbnail\" alt=\"\" \/><\/a>\n\t\t\t<\/div><\/figure><figure class='gallery-item'>\n\t\t\t<div class='gallery-icon portrait'>\n\t\t\t\t<a href='https:\/\/martaberrocal.org\/es\/wp-content\/uploads\/2016\/05\/M-23-gener-099.jpg'><img loading=\"lazy\" decoding=\"async\" width=\"150\" height=\"150\" src=\"https:\/\/martaberrocal.org\/es\/wp-content\/uploads\/2016\/05\/M-23-gener-099-150x150.jpg\" class=\"attachment-thumbnail size-thumbnail\" alt=\"\" \/><\/a>\n\t\t\t<\/div><\/figure>\n\t\t<\/div>\n\n<p>Estas son algunas de las im\u00e1genes con las que estuvimos trabajando, que dieron pie a hablar de prejuicios y estereotipos.<\/p>\n","protected":false},"excerpt":{"rendered":"<p>Durante tres a\u00f1os consecutivos: 2000, 2001 y 2002, me invitan a participar en Barcelona en el curso de Posgrado: Sexualidad y Salud reproductiva, organizado por l\u2019Associaci\u00f3 Catalana de Llevadores en colaboraci\u00f3n con el Institut d\u2019Estudis de la Salut de la Generalitat de Catalunya. Construyo e imparto una conferencia con el t\u00edtulo: Arte y sexualidad.\u00a0 Estas &hellip; <a href=\"https:\/\/martaberrocal.org\/es\/asesoramientos\/\" class=\"more-link\">Seguir leyendo <span class=\"screen-reader-text\">Arte y sexualidad<\/span> <span class=\"meta-nav\">&rarr;<\/span><\/a><\/p>\n","protected":false},"author":1,"featured_media":0,"parent":0,"menu_order":0,"comment_status":"closed","ping_status":"closed","template":"","meta":{"footnotes":""},"class_list":["post-533","page","type-page","status-publish","hentry"],"_links":{"self":[{"href":"https:\/\/martaberrocal.org\/es\/wp-json\/wp\/v2\/pages\/533","targetHints":{"allow":["GET"]}}],"collection":[{"href":"https:\/\/martaberrocal.org\/es\/wp-json\/wp\/v2\/pages"}],"about":[{"href":"https:\/\/martaberrocal.org\/es\/wp-json\/wp\/v2\/types\/page"}],"author":[{"embeddable":true,"href":"https:\/\/martaberrocal.org\/es\/wp-json\/wp\/v2\/users\/1"}],"replies":[{"embeddable":true,"href":"https:\/\/martaberrocal.org\/es\/wp-json\/wp\/v2\/comments?post=533"}],"version-history":[{"count":12,"href":"https:\/\/martaberrocal.org\/es\/wp-json\/wp\/v2\/pages\/533\/revisions"}],"predecessor-version":[{"id":1481,"href":"https:\/\/martaberrocal.org\/es\/wp-json\/wp\/v2\/pages\/533\/revisions\/1481"}],"wp:attachment":[{"href":"https:\/\/martaberrocal.org\/es\/wp-json\/wp\/v2\/media?parent=533"}],"curies":[{"name":"wp","href":"https:\/\/api.w.org\/{rel}","templated":true}]}}