
{"id":536,"date":"2016-05-26T17:07:06","date_gmt":"2016-05-26T17:07:06","guid":{"rendered":"http:\/\/marta.ecoresiduos.es\/es\/?page_id=536"},"modified":"2016-11-24T11:30:04","modified_gmt":"2016-11-24T11:30:04","slug":"presentaciones","status":"publish","type":"page","link":"https:\/\/martaberrocal.org\/es\/presentaciones\/","title":{"rendered":"Arte y pensamiento"},"content":{"rendered":"<p>&nbsp;<\/p>\n<ul>\n<li>Participo como formadora en el Seminario \u00ab<em><strong>Aprender a pensar\u00bb<\/strong> <\/em>organizado por el <em>\u00c0mbit d\u2019Investigaci\u00f3 i Difusi\u00f3 Maria del Corral<\/em> presentando la comunicaci\u00f3n: <a href=\"https:\/\/martaberrocal.org\/es\/?page_id=90\"><strong><em>Crear pensamiento desde la educaci\u00f3n art\u00edstica<\/em><\/strong>.<\/a> Barcelona,17 noviembre 2003.<\/li>\n<\/ul>\n<p>&nbsp;<\/p>\n<ul>\n<li>Imparto docencia en el Seminario: <em><strong>Pensamiento visual y aprendizaje. Seminario sobre la dinamizaci\u00f3n de los procesos mentales<\/strong>. <\/em>Organizado por el <em>Col\u00b7legi oficial de doctors i llicenciats en belles arts i professors de dibuix de Catalunya<\/em>. Barcelona, julio 2003.<\/li>\n<\/ul>\n<p><strong>\u00a0<\/strong><\/p>\n","protected":false},"excerpt":{"rendered":"<p>&nbsp; Participo como formadora en el Seminario \u00abAprender a pensar\u00bb organizado por el \u00c0mbit d\u2019Investigaci\u00f3 i Difusi\u00f3 Maria del Corral presentando la comunicaci\u00f3n: Crear pensamiento desde la educaci\u00f3n art\u00edstica. Barcelona,17 noviembre 2003. &nbsp; Imparto docencia en el Seminario: Pensamiento visual y aprendizaje. Seminario sobre la dinamizaci\u00f3n de los procesos mentales. Organizado por el Col\u00b7legi oficial &hellip; <a href=\"https:\/\/martaberrocal.org\/es\/presentaciones\/\" class=\"more-link\">Seguir leyendo <span class=\"screen-reader-text\">Arte y pensamiento<\/span> <span class=\"meta-nav\">&rarr;<\/span><\/a><\/p>\n","protected":false},"author":1,"featured_media":0,"parent":0,"menu_order":0,"comment_status":"closed","ping_status":"closed","template":"","meta":{"footnotes":""},"class_list":["post-536","page","type-page","status-publish","hentry"],"_links":{"self":[{"href":"https:\/\/martaberrocal.org\/es\/wp-json\/wp\/v2\/pages\/536","targetHints":{"allow":["GET"]}}],"collection":[{"href":"https:\/\/martaberrocal.org\/es\/wp-json\/wp\/v2\/pages"}],"about":[{"href":"https:\/\/martaberrocal.org\/es\/wp-json\/wp\/v2\/types\/page"}],"author":[{"embeddable":true,"href":"https:\/\/martaberrocal.org\/es\/wp-json\/wp\/v2\/users\/1"}],"replies":[{"embeddable":true,"href":"https:\/\/martaberrocal.org\/es\/wp-json\/wp\/v2\/comments?post=536"}],"version-history":[{"count":7,"href":"https:\/\/martaberrocal.org\/es\/wp-json\/wp\/v2\/pages\/536\/revisions"}],"predecessor-version":[{"id":1597,"href":"https:\/\/martaberrocal.org\/es\/wp-json\/wp\/v2\/pages\/536\/revisions\/1597"}],"wp:attachment":[{"href":"https:\/\/martaberrocal.org\/es\/wp-json\/wp\/v2\/media?parent=536"}],"curies":[{"name":"wp","href":"https:\/\/api.w.org\/{rel}","templated":true}]}}