
{"id":590,"date":"2016-06-01T20:04:28","date_gmt":"2016-06-01T20:04:28","guid":{"rendered":"http:\/\/martaberrocal.org\/es\/?page_id=590"},"modified":"2017-03-06T17:38:06","modified_gmt":"2017-03-06T17:38:06","slug":"arte-contemporaneo","status":"publish","type":"page","link":"https:\/\/martaberrocal.org\/es\/arte-contemporaneo\/","title":{"rendered":"Arte Contempor\u00e1neo"},"content":{"rendered":"<p>&nbsp;<\/p>\n<p><a href=\"https:\/\/martaberrocal.org\/es\/wp-content\/uploads\/5-novembre-2003-001-Copiar.jpg\"><img loading=\"lazy\" decoding=\"async\" class=\"alignleft wp-image-2555\" src=\"https:\/\/martaberrocal.org\/es\/wp-content\/uploads\/5-novembre-2003-001-Copiar-300x225.jpg\" alt=\"\" width=\"267\" height=\"200\" srcset=\"https:\/\/martaberrocal.org\/es\/wp-content\/uploads\/5-novembre-2003-001-Copiar-300x225.jpg 300w, https:\/\/martaberrocal.org\/es\/wp-content\/uploads\/5-novembre-2003-001-Copiar.jpg 600w\" sizes=\"auto, (max-width: 267px) 100vw, 267px\" \/><\/a>El a\u00f1o 2003 empez\u00f3 mi colaboraci\u00f3n como <em>free-lance<\/em> con el<strong> Museu d\u2019Art Contemporani de Barcelona<\/strong>, <a href=\"http:\/\/macba.cat\/es\" target=\"_blank\"><strong>MACBA<\/strong><\/a>.\u00a0 A lo largo de estos a\u00f1os el departamento de educaci\u00f3n del museo me ha encargado diferentes proyectos con unos objetivos iniciales concretos y unas posibilidades de desarrollo dir\u00eda que infinitas, tanto conceptuales como materiales. Muchos de estos proyectos constan de recursos did\u00e1cticos espec\u00edficos, concebidos y dise\u00f1ados para ser manipulados. Contribuyen a generar emoci\u00f3n y conocimiento a partir de la acci\u00f3n, la experimentaci\u00f3n y la vivencia en contacto con el arte contempor\u00e1neo.<\/p>\n<p>Los p\u00fablicos a los que van dirigidos estos proyectos abarcan todas las edades y condiciones.<\/p>\n<p>Concibo mi labor como una mediaci\u00f3n entre el museo y\u00a0las personas que lo visitan. Una mediaci\u00f3n que pretende generar conexiones y tambi\u00e9n anhelos e ilusiones.<\/p>\n<p><strong>Los proyectos que he realizado desde 2003 hasta el presente curso escolar 2016 \/ 2017 son:<\/strong><\/p>\n<p>&nbsp;<\/p>\n<figure id=\"attachment_1266\" aria-describedby=\"caption-attachment-1266\" style=\"width: 300px\" class=\"wp-caption alignnone\"><a href=\"https:\/\/martaberrocal.org\/es\/?page_id=20\"><img loading=\"lazy\" decoding=\"async\" class=\"wp-image-1266 size-medium\" src=\"https:\/\/martaberrocal.org\/es\/wp-content\/uploads\/2016\/06\/R_MG_1350-300x188.jpg\" alt=\"ExpressArt. Museo port\u00e1til. MACBA\" width=\"300\" height=\"188\" srcset=\"https:\/\/martaberrocal.org\/es\/wp-content\/uploads\/2016\/06\/R_MG_1350-300x188.jpg 300w, https:\/\/martaberrocal.org\/es\/wp-content\/uploads\/2016\/06\/R_MG_1350-768x480.jpg 768w, https:\/\/martaberrocal.org\/es\/wp-content\/uploads\/2016\/06\/R_MG_1350.jpg 800w\" sizes=\"auto, (max-width: 300px) 100vw, 300px\" \/><\/a><figcaption id=\"caption-attachment-1266\" class=\"wp-caption-text\"><strong>ExpressArt. Museo port\u00e1til.\u00a0 Cursos 2005-2016<\/strong><\/figcaption><\/figure>\n<figure id=\"attachment_39\" aria-describedby=\"caption-attachment-39\" style=\"width: 240px\" class=\"wp-caption alignnone\"><a href=\"https:\/\/martaberrocal.org\/es\/?page_id=99\"><img loading=\"lazy\" decoding=\"async\" class=\"wp-image-39\" src=\"https:\/\/martaberrocal.org\/es\/wp-content\/uploads\/2016\/05\/Rrr-DSC00766-Copiar-300x295.jpg\" alt=\"Caja de objetos del proyecto ExpressArt para Jard\u00edn de Infancia\" width=\"240\" height=\"236\" srcset=\"https:\/\/martaberrocal.org\/es\/wp-content\/uploads\/2016\/05\/Rrr-DSC00766-Copiar-300x295.jpg 300w, https:\/\/martaberrocal.org\/es\/wp-content\/uploads\/2016\/05\/Rrr-DSC00766-Copiar.jpg 611w\" sizes=\"auto, (max-width: 240px) 100vw, 240px\" \/><\/a><figcaption id=\"caption-attachment-39\" class=\"wp-caption-text\"><strong>ExpressArt para Jard\u00edn de Infancia.\u00a0 Curso 2015-2016<\/strong><\/figcaption><\/figure>\n<figure id=\"attachment_688\" aria-describedby=\"caption-attachment-688\" style=\"width: 239px\" class=\"wp-caption alignnone\"><a href=\"https:\/\/martaberrocal.org\/es\/?page_id=697 \"><img loading=\"lazy\" decoding=\"async\" class=\"wp-image-688\" src=\"https:\/\/martaberrocal.org\/es\/wp-content\/uploads\/2016\/06\/Image_4-300x300.jpg\" alt=\"Proyecto Colecci\u00f3n MACBA 2005\" width=\"239\" height=\"239\" srcset=\"https:\/\/martaberrocal.org\/es\/wp-content\/uploads\/2016\/06\/Image_4-300x300.jpg 300w, https:\/\/martaberrocal.org\/es\/wp-content\/uploads\/2016\/06\/Image_4-150x150.jpg 150w, https:\/\/martaberrocal.org\/es\/wp-content\/uploads\/2016\/06\/Image_4.jpg 600w\" sizes=\"auto, (max-width: 239px) 100vw, 239px\" \/><\/a><figcaption id=\"caption-attachment-688\" class=\"wp-caption-text\"><strong>Visitas a la Colecci\u00f3n MACBA 2003-2016<\/strong><\/figcaption><\/figure>\n<figure id=\"attachment_1272\" aria-describedby=\"caption-attachment-1272\" style=\"width: 249px\" class=\"wp-caption alignnone\"><a href=\"https:\/\/martaberrocal.org\/es\/?page_id=1289\"><img loading=\"lazy\" decoding=\"async\" class=\"wp-image-1272\" src=\"https:\/\/martaberrocal.org\/es\/wp-content\/uploads\/2016\/06\/Foto-caixa-ordenar-800x600-298x300.jpg\" alt=\"foto-caixa-ordenar-800x600\" width=\"249\" height=\"251\" srcset=\"https:\/\/martaberrocal.org\/es\/wp-content\/uploads\/2016\/06\/Foto-caixa-ordenar-800x600-298x300.jpg 298w, https:\/\/martaberrocal.org\/es\/wp-content\/uploads\/2016\/06\/Foto-caixa-ordenar-800x600-150x150.jpg 150w, https:\/\/martaberrocal.org\/es\/wp-content\/uploads\/2016\/06\/Foto-caixa-ordenar-800x600.jpg 595w\" sizes=\"auto, (max-width: 249px) 100vw, 249px\" \/><\/a><figcaption id=\"caption-attachment-1272\" class=\"wp-caption-text\"><strong>Colecci\u00f3n Itinerante MACBA 2008<\/strong><\/figcaption><\/figure>\n<figure id=\"attachment_663\" aria-describedby=\"caption-attachment-663\" style=\"width: 236px\" class=\"wp-caption alignnone\"><a href=\"https:\/\/martaberrocal.org\/es\/?page_id=693\"><img loading=\"lazy\" decoding=\"async\" class=\"wp-image-663\" src=\"https:\/\/martaberrocal.org\/es\/wp-content\/uploads\/2016\/06\/Projecte-Edifici-MACBA-300x277.jpg\" alt=\"Projecte Edifici MACBA\" width=\"236\" height=\"217\" srcset=\"https:\/\/martaberrocal.org\/es\/wp-content\/uploads\/2016\/06\/Projecte-Edifici-MACBA-300x277.jpg 300w, https:\/\/martaberrocal.org\/es\/wp-content\/uploads\/2016\/06\/Projecte-Edifici-MACBA.jpg 650w\" sizes=\"auto, (max-width: 236px) 100vw, 236px\" \/><\/a><figcaption id=\"caption-attachment-663\" class=\"wp-caption-text\"><strong>Edificio MACBA. Curso 2010<\/strong><\/figcaption><\/figure>\n<figure id=\"attachment_683\" aria-describedby=\"caption-attachment-683\" style=\"width: 221px\" class=\"wp-caption alignnone\"><a href=\"https:\/\/martaberrocal.org\/es\/?page_id=712\"><img loading=\"lazy\" decoding=\"async\" class=\"wp-image-683\" src=\"https:\/\/martaberrocal.org\/es\/wp-content\/uploads\/2016\/06\/Projecte-temporals-2006-Palazuelo-300x200.jpg\" alt=\"Projecte temporals 2006 Palazuelo\" width=\"221\" height=\"147\" srcset=\"https:\/\/martaberrocal.org\/es\/wp-content\/uploads\/2016\/06\/Projecte-temporals-2006-Palazuelo-300x200.jpg 300w, https:\/\/martaberrocal.org\/es\/wp-content\/uploads\/2016\/06\/Projecte-temporals-2006-Palazuelo-768x512.jpg 768w, https:\/\/martaberrocal.org\/es\/wp-content\/uploads\/2016\/06\/Projecte-temporals-2006-Palazuelo.jpg 800w\" sizes=\"auto, (max-width: 221px) 100vw, 221px\" \/><\/a><figcaption id=\"caption-attachment-683\" class=\"wp-caption-text\"><strong>Visitas a exposiciones temporales . Curso 2006<\/strong><\/figcaption><\/figure>\n<figure id=\"attachment_690\" aria-describedby=\"caption-attachment-690\" style=\"width: 200px\" class=\"wp-caption alignnone\"><a href=\"https:\/\/martaberrocal.org\/es\/?page_id=706\"><img loading=\"lazy\" decoding=\"async\" class=\"wp-image-690 size-medium\" src=\"https:\/\/martaberrocal.org\/es\/wp-content\/uploads\/2016\/06\/Taller-Gego-2006-200x300.jpg\" alt=\"Taller Gego 2006\" width=\"200\" height=\"300\" srcset=\"https:\/\/martaberrocal.org\/es\/wp-content\/uploads\/2016\/06\/Taller-Gego-2006-200x300.jpg 200w, https:\/\/martaberrocal.org\/es\/wp-content\/uploads\/2016\/06\/Taller-Gego-2006.jpg 400w\" sizes=\"auto, (max-width: 200px) 100vw, 200px\" \/><\/a><figcaption id=\"caption-attachment-690\" class=\"wp-caption-text\"><strong>Talleres fin de semana<\/strong>.\u00a0 2006<\/figcaption><\/figure>\n<figure id=\"attachment_784\" aria-describedby=\"caption-attachment-784\" style=\"width: 233px\" class=\"wp-caption alignnone\"><a href=\"https:\/\/martaberrocal.org\/es\/?page_id=800\"><img loading=\"lazy\" decoding=\"async\" class=\"wp-image-784\" src=\"https:\/\/martaberrocal.org\/es\/wp-content\/uploads\/2016\/06\/ocellometre-Copiar-300x200.jpg\" alt=\"ocellometre (Copiar)\" width=\"233\" height=\"155\" srcset=\"https:\/\/martaberrocal.org\/es\/wp-content\/uploads\/2016\/06\/ocellometre-Copiar-300x200.jpg 300w, https:\/\/martaberrocal.org\/es\/wp-content\/uploads\/2016\/06\/ocellometre-Copiar-768x512.jpg 768w, https:\/\/martaberrocal.org\/es\/wp-content\/uploads\/2016\/06\/ocellometre-Copiar.jpg 800w\" sizes=\"auto, (max-width: 233px) 100vw, 233px\" \/><\/a><figcaption id=\"caption-attachment-784\" class=\"wp-caption-text\"><strong>Talleres familiares<\/strong>.\u00a0 2007<\/figcaption><\/figure>\n<div class=\"mceTemp\"><\/div>\n","protected":false},"excerpt":{"rendered":"<p>&nbsp; El a\u00f1o 2003 empez\u00f3 mi colaboraci\u00f3n como free-lance con el Museu d\u2019Art Contemporani de Barcelona, MACBA.\u00a0 A lo largo de estos a\u00f1os el departamento de educaci\u00f3n del museo me ha encargado diferentes proyectos con unos objetivos iniciales concretos y unas posibilidades de desarrollo dir\u00eda que infinitas, tanto conceptuales como materiales. Muchos de estos proyectos &hellip; <a href=\"https:\/\/martaberrocal.org\/es\/arte-contemporaneo\/\" class=\"more-link\">Seguir leyendo <span class=\"screen-reader-text\">Arte Contempor\u00e1neo<\/span> <span class=\"meta-nav\">&rarr;<\/span><\/a><\/p>\n","protected":false},"author":1,"featured_media":0,"parent":0,"menu_order":0,"comment_status":"closed","ping_status":"closed","template":"","meta":{"footnotes":""},"class_list":["post-590","page","type-page","status-publish","hentry"],"_links":{"self":[{"href":"https:\/\/martaberrocal.org\/es\/wp-json\/wp\/v2\/pages\/590","targetHints":{"allow":["GET"]}}],"collection":[{"href":"https:\/\/martaberrocal.org\/es\/wp-json\/wp\/v2\/pages"}],"about":[{"href":"https:\/\/martaberrocal.org\/es\/wp-json\/wp\/v2\/types\/page"}],"author":[{"embeddable":true,"href":"https:\/\/martaberrocal.org\/es\/wp-json\/wp\/v2\/users\/1"}],"replies":[{"embeddable":true,"href":"https:\/\/martaberrocal.org\/es\/wp-json\/wp\/v2\/comments?post=590"}],"version-history":[{"count":35,"href":"https:\/\/martaberrocal.org\/es\/wp-json\/wp\/v2\/pages\/590\/revisions"}],"predecessor-version":[{"id":2558,"href":"https:\/\/martaberrocal.org\/es\/wp-json\/wp\/v2\/pages\/590\/revisions\/2558"}],"wp:attachment":[{"href":"https:\/\/martaberrocal.org\/es\/wp-json\/wp\/v2\/media?parent=590"}],"curies":[{"name":"wp","href":"https:\/\/api.w.org\/{rel}","templated":true}]}}