
{"id":600,"date":"2016-06-01T20:06:34","date_gmt":"2016-06-01T20:06:34","guid":{"rendered":"http:\/\/martaberrocal.org\/es\/?page_id=600"},"modified":"2017-05-30T09:40:58","modified_gmt":"2017-05-30T09:40:58","slug":"educacion-socioemocional","status":"publish","type":"page","link":"https:\/\/martaberrocal.org\/es\/educacion-socioemocional\/","title":{"rendered":"Educaci\u00f3n socioemocional"},"content":{"rendered":"<p>&nbsp;<\/p>\n<p>En este apartado he reunido tres <strong>proyectos cuyo objetivo es proporcionar recursos para abordar la educaci\u00f3n socioemocional de ni\u00f1os y j\u00f3venes<\/strong>. Est\u00e1n dirigidos a profesionales del \u00e1mbito de la educaci\u00f3n formal y no formal, ya sean maestros, educadores sociales, psic\u00f3logos, terapeutas, etc.<\/p>\n<figure id=\"attachment_348\" aria-describedby=\"caption-attachment-348\" style=\"width: 129px\" class=\"wp-caption alignright\"><a href=\"https:\/\/martaberrocal.org\/es\/?page_id=323\"><img loading=\"lazy\" decoding=\"async\" class=\"wp-image-348 \" src=\"https:\/\/martaberrocal.org\/es\/wp-content\/uploads\/2016\/05\/moble-kitcaixa-valors-Copiar-187x300.jpg\" alt=\"KITSCAIXA VALORES . Obra Social &quot;la Caixa&quot; \" width=\"129\" height=\"207\" srcset=\"https:\/\/martaberrocal.org\/es\/wp-content\/uploads\/2016\/05\/moble-kitcaixa-valors-Copiar-187x300.jpg 187w, https:\/\/martaberrocal.org\/es\/wp-content\/uploads\/2016\/05\/moble-kitcaixa-valors-Copiar.jpg 299w\" sizes=\"auto, (max-width: 129px) 100vw, 129px\" \/><\/a><figcaption id=\"caption-attachment-348\" class=\"wp-caption-text\"><strong>\u00a0<\/p>\n<p> <\/strong><\/figcaption><\/figure>\n<ul>\n<li><a href=\"https:\/\/martaberrocal.org\/es\/?page_id=323\"><strong>KitsCaixa Valores<\/strong><\/a><\/li>\n<li><a href=\"https:\/\/martaberrocal.org\/es\/?page_id=323\"><strong>KitsCaixa Valores compacto<\/strong><\/a><\/li>\n<\/ul>\n<p>Son proyectos para la Obra Social \u00abla Caixa\u00bb<\/p>\n<ul>\n<li><a href=\"https:\/\/martaberrocal.org\/es\/?page_id=332\"><strong>Educaci\u00f3n socioemocional <\/strong><\/a><\/li>\n<\/ul>\n<p>Es un proyecto para <a href=\"https:\/\/www.educaixa.com\/es\/home\" target=\"_blank\" rel=\"noopener noreferrer\">eduCaixa<\/a>, la plataforma educativa de la Obra Social \u00abla Caixa\u00bb, que tiene por objetivo ayudar a los profesionales a preparar y organizar sus clases. Ofrece todo tipo de recursos para utilizar fuera y dentro del aula relacionados con sus l\u00edneas de actuaci\u00f3n: ciencia, cultura, valores sociales y educaci\u00f3n financiera.<\/p>\n<figure id=\"attachment_360\" aria-describedby=\"caption-attachment-360\" style=\"width: 255px\" class=\"wp-caption aligncenter\"><a href=\"?page_id=332\"><img loading=\"lazy\" decoding=\"async\" class=\"wp-image-360 \" src=\"https:\/\/martaberrocal.org\/es\/wp-content\/uploads\/2016\/05\/educaixa-Copiar-300x100.png\" alt=\"educaixa (Copiar)\" width=\"255\" height=\"85\" srcset=\"https:\/\/martaberrocal.org\/es\/wp-content\/uploads\/2016\/05\/educaixa-Copiar-300x100.png 300w, https:\/\/martaberrocal.org\/es\/wp-content\/uploads\/2016\/05\/educaixa-Copiar.png 640w\" sizes=\"auto, (max-width: 255px) 100vw, 255px\" \/><\/a><figcaption id=\"caption-attachment-360\" class=\"wp-caption-text\"><strong> <br \/><\/strong><\/figcaption><\/figure>\n<p>Mi participaci\u00f3n en estos proyectos ha sido distinta en cada caso. Todos ellos han posibilitado que impartiera sesiones de <a href=\"https:\/\/martaberrocal.org\/es\/?page_id=318\">formaci\u00f3n<\/a> para dar a conocer los contenidos y las posibilidades de aplicaci\u00f3n, en diferentes contextos.<\/p>\n<p>&nbsp;<\/p>\n","protected":false},"excerpt":{"rendered":"<p>&nbsp; En este apartado he reunido tres proyectos cuyo objetivo es proporcionar recursos para abordar la educaci\u00f3n socioemocional de ni\u00f1os y j\u00f3venes. Est\u00e1n dirigidos a profesionales del \u00e1mbito de la educaci\u00f3n formal y no formal, ya sean maestros, educadores sociales, psic\u00f3logos, terapeutas, etc. KitsCaixa Valores KitsCaixa Valores compacto Son proyectos para la Obra Social \u00abla &hellip; <a href=\"https:\/\/martaberrocal.org\/es\/educacion-socioemocional\/\" class=\"more-link\">Seguir leyendo <span class=\"screen-reader-text\">Educaci\u00f3n socioemocional<\/span> <span class=\"meta-nav\">&rarr;<\/span><\/a><\/p>\n","protected":false},"author":1,"featured_media":0,"parent":0,"menu_order":0,"comment_status":"closed","ping_status":"closed","template":"page-templates\/full-width.php","meta":{"footnotes":""},"class_list":["post-600","page","type-page","status-publish","hentry"],"_links":{"self":[{"href":"https:\/\/martaberrocal.org\/es\/wp-json\/wp\/v2\/pages\/600","targetHints":{"allow":["GET"]}}],"collection":[{"href":"https:\/\/martaberrocal.org\/es\/wp-json\/wp\/v2\/pages"}],"about":[{"href":"https:\/\/martaberrocal.org\/es\/wp-json\/wp\/v2\/types\/page"}],"author":[{"embeddable":true,"href":"https:\/\/martaberrocal.org\/es\/wp-json\/wp\/v2\/users\/1"}],"replies":[{"embeddable":true,"href":"https:\/\/martaberrocal.org\/es\/wp-json\/wp\/v2\/comments?post=600"}],"version-history":[{"count":11,"href":"https:\/\/martaberrocal.org\/es\/wp-json\/wp\/v2\/pages\/600\/revisions"}],"predecessor-version":[{"id":3361,"href":"https:\/\/martaberrocal.org\/es\/wp-json\/wp\/v2\/pages\/600\/revisions\/3361"}],"wp:attachment":[{"href":"https:\/\/martaberrocal.org\/es\/wp-json\/wp\/v2\/media?parent=600"}],"curies":[{"name":"wp","href":"https:\/\/api.w.org\/{rel}","templated":true}]}}