
{"id":643,"date":"2016-06-01T21:09:18","date_gmt":"2016-06-01T21:09:18","guid":{"rendered":"http:\/\/martaberrocal.org\/es\/?page_id=643"},"modified":"2016-11-04T12:02:27","modified_gmt":"2016-11-04T12:02:27","slug":"cursos-y-talleres","status":"publish","type":"page","link":"https:\/\/martaberrocal.org\/es\/cursos-y-talleres\/","title":{"rendered":"Arte y ciencias"},"content":{"rendered":"<p>&nbsp;<\/p>\n<p>El mundo de las ciencias es otra de mis pasiones. Cuando se me presenta la ocasi\u00f3n (y si no, la busco), intento fundir arte y ciencia.\u00a0 Trato de abordar las ciencias adoptando un enfoque art\u00edstico, a la vez que trato de acercarme al mundo pl\u00e1stico y art\u00edstico adoptando un enfoque cient\u00edfico.<\/p>\n<p>As\u00ed nacieron los siguientes cursos, que impart\u00ed en el Museo de Zoolog\u00eda de Barcelona:<\/p>\n<ul>\n<li><strong>El museo de Zoolog\u00eda como recurso para trabajar el \u00e1rea de educaci\u00f3n visual y pl\u00e1stica<\/strong>. Marzo 2003<\/li>\n<li><strong>Colores y formas en la naturaleza<\/strong>.\u00a0 Setiembre 2003<\/li>\n<\/ul>\n<ul>\n<li><strong>Animales artistas. Artistas animales<\/strong>. Enero-febrero 2004<\/li>\n<\/ul>\n<p>Dise\u00f1\u00e9 este curso a partir de la exposici\u00f3n organizada por el Museo de Ciencias Naturales de Barcelona:\u00a0 <a href=\"http:\/\/museuciencies.cat\/exposicio_temporal\/els-altres-arquitectes-2003\/\" target=\"_blank\">Los otros arquitectos,\u00a0<\/a> en 2003.<\/p>\n<div id='gallery-1' class='gallery galleryid-643 gallery-columns-3 gallery-size-thumbnail'><figure class='gallery-item'>\n\t\t\t<div class='gallery-icon landscape'>\n\t\t\t\t<a href='https:\/\/martaberrocal.org\/es\/cursos-y-talleres\/niu-1\/'><img loading=\"lazy\" decoding=\"async\" width=\"150\" height=\"150\" src=\"https:\/\/martaberrocal.org\/es\/wp-content\/uploads\/2016\/06\/Niu-1-150x150.jpg\" class=\"attachment-thumbnail size-thumbnail\" alt=\"\" aria-describedby=\"gallery-1-1026\" \/><\/a>\n\t\t\t<\/div>\n\t\t\t\t<figcaption class='wp-caption-text gallery-caption' id='gallery-1-1026'>\n\t\t\t\tNido 1\n\t\t\t\t<\/figcaption><\/figure><figure class='gallery-item'>\n\t\t\t<div class='gallery-icon portrait'>\n\t\t\t\t<a href='https:\/\/martaberrocal.org\/es\/cursos-y-talleres\/niu-2\/'><img loading=\"lazy\" decoding=\"async\" width=\"150\" height=\"150\" src=\"https:\/\/martaberrocal.org\/es\/wp-content\/uploads\/2016\/06\/Niu-2-150x150.jpg\" class=\"attachment-thumbnail size-thumbnail\" alt=\"\" aria-describedby=\"gallery-1-1027\" \/><\/a>\n\t\t\t<\/div>\n\t\t\t\t<figcaption class='wp-caption-text gallery-caption' id='gallery-1-1027'>\n\t\t\t\tDetalle nido 1\n\t\t\t\t<\/figcaption><\/figure><figure class='gallery-item'>\n\t\t\t<div class='gallery-icon portrait'>\n\t\t\t\t<a href='https:\/\/martaberrocal.org\/es\/cursos-y-talleres\/niu-3\/'><img loading=\"lazy\" decoding=\"async\" width=\"150\" height=\"150\" src=\"https:\/\/martaberrocal.org\/es\/wp-content\/uploads\/2016\/06\/Niu-3-150x150.jpg\" class=\"attachment-thumbnail size-thumbnail\" alt=\"\" aria-describedby=\"gallery-1-1028\" \/><\/a>\n\t\t\t<\/div>\n\t\t\t\t<figcaption class='wp-caption-text gallery-caption' id='gallery-1-1028'>\n\t\t\t\tNido 2\n\t\t\t\t<\/figcaption><\/figure><figure class='gallery-item'>\n\t\t\t<div class='gallery-icon landscape'>\n\t\t\t\t<a href='https:\/\/martaberrocal.org\/es\/cursos-y-talleres\/niu-4\/'><img loading=\"lazy\" decoding=\"async\" width=\"150\" height=\"150\" src=\"https:\/\/martaberrocal.org\/es\/wp-content\/uploads\/2016\/06\/Niu-4-150x150.jpg\" class=\"attachment-thumbnail size-thumbnail\" alt=\"\" aria-describedby=\"gallery-1-1029\" \/><\/a>\n\t\t\t<\/div>\n\t\t\t\t<figcaption class='wp-caption-text gallery-caption' id='gallery-1-1029'>\n\t\t\t\tDetalle nido 2\n\t\t\t\t<\/figcaption><\/figure><figure class='gallery-item'>\n\t\t\t<div class='gallery-icon portrait'>\n\t\t\t\t<a href='https:\/\/martaberrocal.org\/es\/cursos-y-talleres\/niu-5\/'><img loading=\"lazy\" decoding=\"async\" width=\"150\" height=\"150\" src=\"https:\/\/martaberrocal.org\/es\/wp-content\/uploads\/2016\/06\/Niu-5-150x150.jpg\" class=\"attachment-thumbnail size-thumbnail\" alt=\"\" aria-describedby=\"gallery-1-1030\" \/><\/a>\n\t\t\t<\/div>\n\t\t\t\t<figcaption class='wp-caption-text gallery-caption' id='gallery-1-1030'>\n\t\t\t\tNido 3\n\t\t\t\t<\/figcaption><\/figure><figure class='gallery-item'>\n\t\t\t<div class='gallery-icon portrait'>\n\t\t\t\t<a href='https:\/\/martaberrocal.org\/es\/cursos-y-talleres\/niu-6\/'><img loading=\"lazy\" decoding=\"async\" width=\"150\" height=\"150\" src=\"https:\/\/martaberrocal.org\/es\/wp-content\/uploads\/2016\/06\/Niu-6-150x150.jpg\" class=\"attachment-thumbnail size-thumbnail\" alt=\"\" aria-describedby=\"gallery-1-1031\" \/><\/a>\n\t\t\t<\/div>\n\t\t\t\t<figcaption class='wp-caption-text gallery-caption' id='gallery-1-1031'>\n\t\t\t\tNido 4 \n\t\t\t\t<\/figcaption><\/figure><figure class='gallery-item'>\n\t\t\t<div class='gallery-icon portrait'>\n\t\t\t\t<a href='https:\/\/martaberrocal.org\/es\/cursos-y-talleres\/amuntegament\/'><img loading=\"lazy\" decoding=\"async\" width=\"150\" height=\"150\" src=\"https:\/\/martaberrocal.org\/es\/wp-content\/uploads\/2016\/06\/Amuntegament-150x150.jpg\" class=\"attachment-thumbnail size-thumbnail\" alt=\"\" aria-describedby=\"gallery-1-1032\" \/><\/a>\n\t\t\t<\/div>\n\t\t\t\t<figcaption class='wp-caption-text gallery-caption' id='gallery-1-1032'>\n\t\t\t\tAmontonamiento\n\t\t\t\t<\/figcaption><\/figure><figure class='gallery-item'>\n\t\t\t<div class='gallery-icon portrait'>\n\t\t\t\t<a href='https:\/\/martaberrocal.org\/es\/cursos-y-talleres\/cabana\/'><img loading=\"lazy\" decoding=\"async\" width=\"150\" height=\"150\" src=\"https:\/\/martaberrocal.org\/es\/wp-content\/uploads\/2016\/06\/Cabana-150x150.jpg\" class=\"attachment-thumbnail size-thumbnail\" alt=\"\" aria-describedby=\"gallery-1-1033\" \/><\/a>\n\t\t\t<\/div>\n\t\t\t\t<figcaption class='wp-caption-text gallery-caption' id='gallery-1-1033'>\n\t\t\t\tCaba\u00f1a\n\t\t\t\t<\/figcaption><\/figure>\n\t\t<\/div>\n\n<p>Estas son im\u00e1genes de algunas de las construcciones realizadas con materiales naturales, por los profesores que asistieron al curso.<\/p>\n<p>&nbsp;<\/p>\n<ul>\n<li><strong>Exploradores. Aventura y biodiversidad<\/strong>. 2010<\/li>\n<\/ul>\n<p>Dise\u00f1\u00e9 este curso a partir de la exposici\u00f3n organizada por el Museo de Ciencias Naturales de Barcelona:\u00a0 <a href=\"http:\/\/bioexplora.cat\/exploradors\/1_00_e.htm\" target=\"_blank\">Exploradores. Aventura y biodiversidad<\/a> que se inaugur\u00f3 el 29 de octubre del 2009 y finaliz\u00f3 a finales de mayo del 2010.<\/p>\n<div id='gallery-2' class='gallery galleryid-643 gallery-columns-3 gallery-size-thumbnail'><figure class='gallery-item'>\n\t\t\t<div class='gallery-icon landscape'>\n\t\t\t\t<a href='https:\/\/martaberrocal.org\/es\/cursos-y-talleres\/dsc02095-copiar\/'><img loading=\"lazy\" decoding=\"async\" width=\"150\" height=\"150\" src=\"https:\/\/martaberrocal.org\/es\/wp-content\/uploads\/2016\/06\/DSC02095-Copiar-150x150.jpg\" class=\"attachment-thumbnail size-thumbnail\" alt=\"\" aria-describedby=\"gallery-2-964\" \/><\/a>\n\t\t\t<\/div>\n\t\t\t\t<figcaption class='wp-caption-text gallery-caption' id='gallery-2-964'>\n\t\t\t\tPreparando materiales para crear nudibranquios\n\t\t\t\t<\/figcaption><\/figure><figure class='gallery-item'>\n\t\t\t<div class='gallery-icon landscape'>\n\t\t\t\t<a href='https:\/\/martaberrocal.org\/es\/cursos-y-talleres\/dsc02119-1024x768-copiar\/'><img loading=\"lazy\" decoding=\"async\" width=\"150\" height=\"150\" src=\"https:\/\/martaberrocal.org\/es\/wp-content\/uploads\/2016\/06\/DSC02119-1024x768-Copiar-150x150.jpg\" class=\"attachment-thumbnail size-thumbnail\" alt=\"\" aria-describedby=\"gallery-2-965\" \/><\/a>\n\t\t\t<\/div>\n\t\t\t\t<figcaption class='wp-caption-text gallery-caption' id='gallery-2-965'>\n\t\t\t\tNudibranquio imaginario 1\n\t\t\t\t<\/figcaption><\/figure><figure class='gallery-item'>\n\t\t\t<div class='gallery-icon landscape'>\n\t\t\t\t<a href='https:\/\/martaberrocal.org\/es\/cursos-y-talleres\/dsc02123-1024x768-copiar\/'><img loading=\"lazy\" decoding=\"async\" width=\"150\" height=\"150\" src=\"https:\/\/martaberrocal.org\/es\/wp-content\/uploads\/2016\/06\/DSC02123-1024x768-Copiar-150x150.jpg\" class=\"attachment-thumbnail size-thumbnail\" alt=\"\" aria-describedby=\"gallery-2-966\" \/><\/a>\n\t\t\t<\/div>\n\t\t\t\t<figcaption class='wp-caption-text gallery-caption' id='gallery-2-966'>\n\t\t\t\tNudibranquio imaginario 2\n\t\t\t\t<\/figcaption><\/figure><figure class='gallery-item'>\n\t\t\t<div class='gallery-icon landscape'>\n\t\t\t\t<a href='https:\/\/martaberrocal.org\/es\/cursos-y-talleres\/dsc02127-1024x768-copiar\/'><img loading=\"lazy\" decoding=\"async\" width=\"150\" height=\"150\" src=\"https:\/\/martaberrocal.org\/es\/wp-content\/uploads\/2016\/06\/DSC02127-1024x768-Copiar-150x150.jpg\" class=\"attachment-thumbnail size-thumbnail\" alt=\"\" aria-describedby=\"gallery-2-967\" \/><\/a>\n\t\t\t<\/div>\n\t\t\t\t<figcaption class='wp-caption-text gallery-caption' id='gallery-2-967'>\n\t\t\t\tNudibranquio imaginario 3\n\t\t\t\t<\/figcaption><\/figure><figure class='gallery-item'>\n\t\t\t<div class='gallery-icon landscape'>\n\t\t\t\t<a href='https:\/\/martaberrocal.org\/es\/cursos-y-talleres\/dsc02132-1024x768-copiar\/'><img loading=\"lazy\" decoding=\"async\" width=\"150\" height=\"150\" src=\"https:\/\/martaberrocal.org\/es\/wp-content\/uploads\/2016\/06\/DSC02132-1024x768-Copiar-150x150.jpg\" class=\"attachment-thumbnail size-thumbnail\" alt=\"\" aria-describedby=\"gallery-2-968\" \/><\/a>\n\t\t\t<\/div>\n\t\t\t\t<figcaption class='wp-caption-text gallery-caption' id='gallery-2-968'>\n\t\t\t\tNudibranquio imaginario 4\n\t\t\t\t<\/figcaption><\/figure><figure class='gallery-item'>\n\t\t\t<div class='gallery-icon landscape'>\n\t\t\t\t<a href='https:\/\/martaberrocal.org\/es\/cursos-y-talleres\/nudibranquis-prototips-1024x768-copiar\/'><img loading=\"lazy\" decoding=\"async\" width=\"150\" height=\"150\" src=\"https:\/\/martaberrocal.org\/es\/wp-content\/uploads\/2016\/06\/Nudibranquis-prototips-1024x768-Copiar-150x150.jpg\" class=\"attachment-thumbnail size-thumbnail\" alt=\"\" aria-describedby=\"gallery-2-969\" \/><\/a>\n\t\t\t<\/div>\n\t\t\t\t<figcaption class='wp-caption-text gallery-caption' id='gallery-2-969'>\n\t\t\t\tVista general de nudibranquios imaginarios\n\t\t\t\t<\/figcaption><\/figure>\n\t\t<\/div>\n\n<p>Estas im\u00e1genes corresponden al curso: son nudibranquios imaginarios que cre\u00e9 para abordar temas de taxonom\u00eda y clasificaci\u00f3n.<\/p>\n<p>&nbsp;<\/p>\n<p>El siguiente curso lo impart\u00ed en el Jard\u00edn Bot\u00e1nico de Barcelona, en julio de 2005:<\/p>\n<ul>\n<li><strong>El Jard\u00edn Bot\u00e1nico de Barcelona como recurso para trabajar el \u00e1rea de Educaci\u00f3n Visual y Pl\u00e1stica y otras \u00e1reas de conocimiento<\/strong>.<\/li>\n<\/ul>\n<div id='gallery-3' class='gallery galleryid-643 gallery-columns-3 gallery-size-thumbnail'><figure class='gallery-item'>\n\t\t\t<div class='gallery-icon portrait'>\n\t\t\t\t<img loading=\"lazy\" decoding=\"async\" width=\"150\" height=\"150\" src=\"https:\/\/martaberrocal.org\/es\/wp-content\/uploads\/2016\/06\/Hojas-formas-y-texturas-2-150x150.jpg\" class=\"attachment-thumbnail size-thumbnail\" alt=\"\" \/>\n\t\t\t<\/div><\/figure><figure class='gallery-item'>\n\t\t\t<div class='gallery-icon landscape'>\n\t\t\t\t<img loading=\"lazy\" decoding=\"async\" width=\"150\" height=\"150\" src=\"https:\/\/martaberrocal.org\/es\/wp-content\/uploads\/2016\/06\/Hojas-formas-y-texturas-1-150x150.jpg\" class=\"attachment-thumbnail size-thumbnail\" alt=\"\" \/>\n\t\t\t<\/div><\/figure><figure class='gallery-item'>\n\t\t\t<div class='gallery-icon portrait'>\n\t\t\t\t<img loading=\"lazy\" decoding=\"async\" width=\"150\" height=\"150\" src=\"https:\/\/martaberrocal.org\/es\/wp-content\/uploads\/2016\/06\/Color-2-150x150.jpg\" class=\"attachment-thumbnail size-thumbnail\" alt=\"\" \/>\n\t\t\t<\/div><\/figure><figure class='gallery-item'>\n\t\t\t<div class='gallery-icon landscape'>\n\t\t\t\t<img loading=\"lazy\" decoding=\"async\" width=\"150\" height=\"150\" src=\"https:\/\/martaberrocal.org\/es\/wp-content\/uploads\/2016\/06\/Color-1-150x150.jpg\" class=\"attachment-thumbnail size-thumbnail\" alt=\"\" \/>\n\t\t\t<\/div><\/figure><figure class='gallery-item'>\n\t\t\t<div class='gallery-icon landscape'>\n\t\t\t\t<img loading=\"lazy\" decoding=\"async\" width=\"150\" height=\"150\" src=\"https:\/\/martaberrocal.org\/es\/wp-content\/uploads\/2016\/06\/Color-3-150x150.jpg\" class=\"attachment-thumbnail size-thumbnail\" alt=\"\" \/>\n\t\t\t<\/div><\/figure><figure class='gallery-item'>\n\t\t\t<div class='gallery-icon portrait'>\n\t\t\t\t<img loading=\"lazy\" decoding=\"async\" width=\"150\" height=\"150\" src=\"https:\/\/martaberrocal.org\/es\/wp-content\/uploads\/2016\/06\/Color-4-150x150.jpg\" class=\"attachment-thumbnail size-thumbnail\" alt=\"\" \/>\n\t\t\t<\/div><\/figure>\n\t\t<\/div>\n\n<p>Estas im\u00e1genes corresponden a algunas de las actividades que llevamos a cabo a lo largo del curso.<\/p>\n<p>&nbsp;<\/p>\n<hr \/>\n<p>&nbsp;<\/p>\n<p>En el marco de la XIX <em>Trobada de pl\u00e0stica<\/em>, organizada por el ICE de la Universidad de Barcelona en octubre de 2008, presento la ponencia:<\/p>\n<ul>\n<li><strong>Arte y ciencia. Posibilidades de encuentro: c\u00f3cteles, fusiones, hibridaciones y cruces<\/strong><\/li>\n<\/ul>\n<p>En el marco de las <em>XI Jornades Museu i Educaci\u00f3, \u00abAbordant la ci\u00e8ncia\u00bb<\/em>, organizadas por el Museo Mar\u00edtimo de Barcelona en noviembre de 2007, presento la conferencia: <strong><br \/>\n<\/strong><\/p>\n<ul>\n<li><strong>Arte y ciencia: experiencias educativas<br \/>\n<\/strong><\/li>\n<\/ul>\n<p>En el marco de un ciclo de conferencias dedicadas a la difusi\u00f3n de las ciencias, organizadas por la Diputaci\u00f3n de Barcelona en colaboraci\u00f3n con la red de bibliotecas, en 2007 presento en Granollers la conferencia:<\/p>\n<ul>\n<li><strong>Ciencia y creaci\u00f3n art\u00edstica: puntos de encuentro\u00a0<\/strong><\/li>\n<\/ul>\n","protected":false},"excerpt":{"rendered":"<p>&nbsp; El mundo de las ciencias es otra de mis pasiones. Cuando se me presenta la ocasi\u00f3n (y si no, la busco), intento fundir arte y ciencia.\u00a0 Trato de abordar las ciencias adoptando un enfoque art\u00edstico, a la vez que trato de acercarme al mundo pl\u00e1stico y art\u00edstico adoptando un enfoque cient\u00edfico. As\u00ed nacieron los &hellip; <a href=\"https:\/\/martaberrocal.org\/es\/cursos-y-talleres\/\" class=\"more-link\">Seguir leyendo <span class=\"screen-reader-text\">Arte y ciencias<\/span> <span class=\"meta-nav\">&rarr;<\/span><\/a><\/p>\n","protected":false},"author":1,"featured_media":0,"parent":0,"menu_order":0,"comment_status":"closed","ping_status":"closed","template":"","meta":{"footnotes":""},"class_list":["post-643","page","type-page","status-publish","hentry"],"_links":{"self":[{"href":"https:\/\/martaberrocal.org\/es\/wp-json\/wp\/v2\/pages\/643","targetHints":{"allow":["GET"]}}],"collection":[{"href":"https:\/\/martaberrocal.org\/es\/wp-json\/wp\/v2\/pages"}],"about":[{"href":"https:\/\/martaberrocal.org\/es\/wp-json\/wp\/v2\/types\/page"}],"author":[{"embeddable":true,"href":"https:\/\/martaberrocal.org\/es\/wp-json\/wp\/v2\/users\/1"}],"replies":[{"embeddable":true,"href":"https:\/\/martaberrocal.org\/es\/wp-json\/wp\/v2\/comments?post=643"}],"version-history":[{"count":18,"href":"https:\/\/martaberrocal.org\/es\/wp-json\/wp\/v2\/pages\/643\/revisions"}],"predecessor-version":[{"id":1469,"href":"https:\/\/martaberrocal.org\/es\/wp-json\/wp\/v2\/pages\/643\/revisions\/1469"}],"wp:attachment":[{"href":"https:\/\/martaberrocal.org\/es\/wp-json\/wp\/v2\/media?parent=643"}],"curies":[{"name":"wp","href":"https:\/\/api.w.org\/{rel}","templated":true}]}}