
{"id":646,"date":"2016-06-01T21:14:37","date_gmt":"2016-06-01T21:14:37","guid":{"rendered":"http:\/\/martaberrocal.org\/es\/?page_id=646"},"modified":"2017-05-29T07:45:55","modified_gmt":"2017-05-29T07:45:55","slug":"el-secreto-de-los-colores-de-los-minerals","status":"publish","type":"page","link":"https:\/\/martaberrocal.org\/es\/el-secreto-de-los-colores-de-los-minerals\/","title":{"rendered":"El secreto de los colores de los minerales"},"content":{"rendered":"<p>Proyecto expositivo de peque\u00f1o formato para p\u00fablico familiar en el Museu de Geologia de Barcelona, a partir de los ejemplares de la Colecci\u00f3n del museo. 2006<\/p>\n<p><img loading=\"lazy\" decoding=\"async\" class=\"alignnone size-medium wp-image-1381\" src=\"https:\/\/martaberrocal.org\/es\/wp-content\/uploads\/2016\/06\/Contactes-1-Copiar-200x300.jpg\" alt=\"contactes-1-copiar\" width=\"200\" height=\"300\" srcset=\"https:\/\/martaberrocal.org\/es\/wp-content\/uploads\/2016\/06\/Contactes-1-Copiar-200x300.jpg 200w, https:\/\/martaberrocal.org\/es\/wp-content\/uploads\/2016\/06\/Contactes-1-Copiar.jpg 400w\" sizes=\"auto, (max-width: 200px) 100vw, 200px\" \/> <img loading=\"lazy\" decoding=\"async\" class=\"alignnone size-medium wp-image-1382\" src=\"https:\/\/martaberrocal.org\/es\/wp-content\/uploads\/2016\/06\/Contactes-2-Copiar-200x300.jpg\" alt=\"contactes-2-copiar\" width=\"200\" height=\"300\" srcset=\"https:\/\/martaberrocal.org\/es\/wp-content\/uploads\/2016\/06\/Contactes-2-Copiar-200x300.jpg 200w, https:\/\/martaberrocal.org\/es\/wp-content\/uploads\/2016\/06\/Contactes-2-Copiar.jpg 400w\" sizes=\"auto, (max-width: 200px) 100vw, 200px\" \/><\/p>\n<p style=\"text-align: right; padding-left: 30px;\"><span style=\"color: #999999; font-family: Calibri;\">\u00a0Fotograf\u00edas: Jordi Vidal<\/span><\/p>\n<p>Conceptualic\u00e9 el contenido de la exposici\u00f3n que trataba de dar respuestas a las siguientes cuestiones:<\/p>\n<p style=\"padding-left: 30px;\">\u00bfOs hab\u00e9is parado alguna vez a pensar por qu\u00e9 las rocas y los minerales tienen los colores que tienen y exhiben tanta variedad y diversidad de colores y formas?<\/p>\n<p style=\"padding-left: 30px;\">\u00bfSab\u00e9is por qu\u00e9 un mismo mineral puede aparecer con apariencias y coloraciones diferentes? Belleza e imperfecci\u00f3n, \u00bfson dos t\u00e9rminos que pueden ir de la mano?<\/p>\n<p style=\"padding-left: 30px;\">\u00bfY qu\u00e9 tiene que ver con los colores, la absorci\u00f3n, la reflexi\u00f3n y la refracci\u00f3n de la luz? \u00bfY la disposici\u00f3n de los \u00e1tomos?<\/p>\n<p style=\"padding-left: 30px;\">Y de los colores invisibles de algunos minerales, \u00bfqu\u00e9 sab\u00e9is? \u00bfQuer\u00e9is probar a descubrirlos y disfrutar de la magia de verlos?<\/p>\n<p>&nbsp;<\/p>\n","protected":false},"excerpt":{"rendered":"<p>Proyecto expositivo de peque\u00f1o formato para p\u00fablico familiar en el Museu de Geologia de Barcelona, a partir de los ejemplares de la Colecci\u00f3n del museo. 2006 \u00a0Fotograf\u00edas: Jordi Vidal Conceptualic\u00e9 el contenido de la exposici\u00f3n que trataba de dar respuestas a las siguientes cuestiones: \u00bfOs hab\u00e9is parado alguna vez a pensar por qu\u00e9 las rocas &hellip; <a href=\"https:\/\/martaberrocal.org\/es\/el-secreto-de-los-colores-de-los-minerals\/\" class=\"more-link\">Seguir leyendo <span class=\"screen-reader-text\">El secreto de los colores de los minerales<\/span> <span class=\"meta-nav\">&rarr;<\/span><\/a><\/p>\n","protected":false},"author":1,"featured_media":0,"parent":0,"menu_order":0,"comment_status":"closed","ping_status":"closed","template":"","meta":{"footnotes":""},"class_list":["post-646","page","type-page","status-publish","hentry"],"_links":{"self":[{"href":"https:\/\/martaberrocal.org\/es\/wp-json\/wp\/v2\/pages\/646","targetHints":{"allow":["GET"]}}],"collection":[{"href":"https:\/\/martaberrocal.org\/es\/wp-json\/wp\/v2\/pages"}],"about":[{"href":"https:\/\/martaberrocal.org\/es\/wp-json\/wp\/v2\/types\/page"}],"author":[{"embeddable":true,"href":"https:\/\/martaberrocal.org\/es\/wp-json\/wp\/v2\/users\/1"}],"replies":[{"embeddable":true,"href":"https:\/\/martaberrocal.org\/es\/wp-json\/wp\/v2\/comments?post=646"}],"version-history":[{"count":6,"href":"https:\/\/martaberrocal.org\/es\/wp-json\/wp\/v2\/pages\/646\/revisions"}],"predecessor-version":[{"id":3336,"href":"https:\/\/martaberrocal.org\/es\/wp-json\/wp\/v2\/pages\/646\/revisions\/3336"}],"wp:attachment":[{"href":"https:\/\/martaberrocal.org\/es\/wp-json\/wp\/v2\/media?parent=646"}],"curies":[{"name":"wp","href":"https:\/\/api.w.org\/{rel}","templated":true}]}}