
{"id":693,"date":"2016-06-17T16:04:01","date_gmt":"2016-06-17T16:04:01","guid":{"rendered":"http:\/\/martaberrocal.org\/es\/?page_id=693"},"modified":"2016-11-13T17:00:01","modified_gmt":"2016-11-13T17:00:01","slug":"edificio-macba","status":"publish","type":"page","link":"https:\/\/martaberrocal.org\/es\/edificio-macba\/","title":{"rendered":"Proyecto Edificio MACBA"},"content":{"rendered":"<p>&nbsp;<\/p>\n<p><a href=\"https:\/\/martaberrocal.org\/es\/wp-content\/uploads\/2016\/06\/Projecte-Edifici-MACBA.jpg\"><img loading=\"lazy\" decoding=\"async\" class=\"alignleft wp-image-663 size-medium\" src=\"https:\/\/martaberrocal.org\/es\/wp-content\/uploads\/2016\/06\/Projecte-Edifici-MACBA-300x277.jpg\" alt=\"Projecte Edifici MACBA\" width=\"300\" height=\"277\" srcset=\"https:\/\/martaberrocal.org\/es\/wp-content\/uploads\/2016\/06\/Projecte-Edifici-MACBA-300x277.jpg 300w, https:\/\/martaberrocal.org\/es\/wp-content\/uploads\/2016\/06\/Projecte-Edifici-MACBA.jpg 650w\" sizes=\"auto, (max-width: 300px) 100vw, 300px\" \/><\/a><\/p>\n<p>&nbsp;<\/p>\n<p>&nbsp;<\/p>\n<p>&nbsp;<\/p>\n<p>&nbsp;<\/p>\n<p>&nbsp;<\/p>\n<p>&nbsp;<\/p>\n<p>&nbsp;<\/p>\n<p>Material did\u00e1ctico que permite dinamizar actividades diferentes con el objetivo de conocer el edificio del MACBA.<\/p>\n<p>Est\u00e1 compuesto por una caja blanca con ruedas y dos niveles en su interior. En el superior hay peonzas, diversas cajas de metal con materiales en su interior, cajas de cart\u00f3n que albergan puzles realizados a partir de im\u00e1genes del edificio y unos muestrarios que permiten acercarse a los conceptos de opacidad, transparencia y materiales transl\u00facidos.<\/p>\n<p>El nivel inferior alberga piezas de aluminio y pl\u00e1stico para realizar construcciones inspiradas en la arquitectura del museo y los vol\u00famenes y planos que Richard Meyer utiliza en la construcci\u00f3n de sus edificios.<\/p>\n<p>Estos son algunos ejemplos de las construcciones que se pueden realizar utilizando los materiales did\u00e1cticos:<\/p>\n<div id='gallery-1' class='gallery galleryid-693 gallery-columns-3 gallery-size-thumbnail'><figure class='gallery-item'>\n\t\t\t<div class='gallery-icon landscape'>\n\t\t\t\t<a href='https:\/\/martaberrocal.org\/es\/wp-content\/uploads\/2016\/06\/Prototipo_8.jpg'><img loading=\"lazy\" decoding=\"async\" width=\"150\" height=\"150\" src=\"https:\/\/martaberrocal.org\/es\/wp-content\/uploads\/2016\/06\/Prototipo_8-150x150.jpg\" class=\"attachment-thumbnail size-thumbnail\" alt=\"\" \/><\/a>\n\t\t\t<\/div><\/figure><figure class='gallery-item'>\n\t\t\t<div class='gallery-icon landscape'>\n\t\t\t\t<a href='https:\/\/martaberrocal.org\/es\/wp-content\/uploads\/2016\/06\/Prototipo_9.jpg'><img loading=\"lazy\" decoding=\"async\" width=\"150\" height=\"150\" src=\"https:\/\/martaberrocal.org\/es\/wp-content\/uploads\/2016\/06\/Prototipo_9-150x150.jpg\" class=\"attachment-thumbnail size-thumbnail\" alt=\"\" \/><\/a>\n\t\t\t<\/div><\/figure><figure class='gallery-item'>\n\t\t\t<div class='gallery-icon landscape'>\n\t\t\t\t<a href='https:\/\/martaberrocal.org\/es\/wp-content\/uploads\/2016\/06\/Prototipo_6.jpg'><img loading=\"lazy\" decoding=\"async\" width=\"150\" height=\"150\" src=\"https:\/\/martaberrocal.org\/es\/wp-content\/uploads\/2016\/06\/Prototipo_6-150x150.jpg\" class=\"attachment-thumbnail size-thumbnail\" alt=\"\" \/><\/a>\n\t\t\t<\/div><\/figure><figure class='gallery-item'>\n\t\t\t<div class='gallery-icon landscape'>\n\t\t\t\t<a href='https:\/\/martaberrocal.org\/es\/wp-content\/uploads\/2016\/06\/Prototipo_5.jpg'><img loading=\"lazy\" decoding=\"async\" width=\"150\" height=\"150\" src=\"https:\/\/martaberrocal.org\/es\/wp-content\/uploads\/2016\/06\/Prototipo_5-150x150.jpg\" class=\"attachment-thumbnail size-thumbnail\" alt=\"\" \/><\/a>\n\t\t\t<\/div><\/figure><figure class='gallery-item'>\n\t\t\t<div class='gallery-icon landscape'>\n\t\t\t\t<a href='https:\/\/martaberrocal.org\/es\/wp-content\/uploads\/2016\/06\/Prototipo_3.jpg'><img loading=\"lazy\" decoding=\"async\" width=\"150\" height=\"150\" src=\"https:\/\/martaberrocal.org\/es\/wp-content\/uploads\/2016\/06\/Prototipo_3-150x150.jpg\" class=\"attachment-thumbnail size-thumbnail\" alt=\"\" \/><\/a>\n\t\t\t<\/div><\/figure><figure class='gallery-item'>\n\t\t\t<div class='gallery-icon landscape'>\n\t\t\t\t<a href='https:\/\/martaberrocal.org\/es\/wp-content\/uploads\/2016\/06\/Prototipo_4.jpg'><img loading=\"lazy\" decoding=\"async\" width=\"150\" height=\"150\" src=\"https:\/\/martaberrocal.org\/es\/wp-content\/uploads\/2016\/06\/Prototipo_4-150x150.jpg\" class=\"attachment-thumbnail size-thumbnail\" alt=\"\" \/><\/a>\n\t\t\t<\/div><\/figure><figure class='gallery-item'>\n\t\t\t<div class='gallery-icon landscape'>\n\t\t\t\t<a href='https:\/\/martaberrocal.org\/es\/wp-content\/uploads\/2016\/06\/Prototipo_7.jpg'><img loading=\"lazy\" decoding=\"async\" width=\"150\" height=\"150\" src=\"https:\/\/martaberrocal.org\/es\/wp-content\/uploads\/2016\/06\/Prototipo_7-150x150.jpg\" class=\"attachment-thumbnail size-thumbnail\" alt=\"\" \/><\/a>\n\t\t\t<\/div><\/figure><figure class='gallery-item'>\n\t\t\t<div class='gallery-icon landscape'>\n\t\t\t\t<a href='https:\/\/martaberrocal.org\/es\/wp-content\/uploads\/2016\/06\/Prototipo_2.jpg'><img loading=\"lazy\" decoding=\"async\" width=\"150\" height=\"150\" src=\"https:\/\/martaberrocal.org\/es\/wp-content\/uploads\/2016\/06\/Prototipo_2-150x150.jpg\" class=\"attachment-thumbnail size-thumbnail\" alt=\"\" \/><\/a>\n\t\t\t<\/div><\/figure><figure class='gallery-item'>\n\t\t\t<div class='gallery-icon landscape'>\n\t\t\t\t<a href='https:\/\/martaberrocal.org\/es\/wp-content\/uploads\/2016\/06\/Prototipo_11.jpg'><img loading=\"lazy\" decoding=\"async\" width=\"150\" height=\"150\" src=\"https:\/\/martaberrocal.org\/es\/wp-content\/uploads\/2016\/06\/Prototipo_11-150x150.jpg\" class=\"attachment-thumbnail size-thumbnail\" alt=\"\" \/><\/a>\n\t\t\t<\/div><\/figure>\n\t\t<\/div>\n\n<p>&nbsp;<\/p>\n<p>&nbsp;<\/p>\n","protected":false},"excerpt":{"rendered":"<p>&nbsp; &nbsp; &nbsp; &nbsp; &nbsp; &nbsp; &nbsp; &nbsp; Material did\u00e1ctico que permite dinamizar actividades diferentes con el objetivo de conocer el edificio del MACBA. Est\u00e1 compuesto por una caja blanca con ruedas y dos niveles en su interior. En el superior hay peonzas, diversas cajas de metal con materiales en su interior, cajas de cart\u00f3n &hellip; <a href=\"https:\/\/martaberrocal.org\/es\/edificio-macba\/\" class=\"more-link\">Seguir leyendo <span class=\"screen-reader-text\">Proyecto Edificio MACBA<\/span> <span class=\"meta-nav\">&rarr;<\/span><\/a><\/p>\n","protected":false},"author":1,"featured_media":0,"parent":0,"menu_order":0,"comment_status":"closed","ping_status":"closed","template":"","meta":{"footnotes":""},"class_list":["post-693","page","type-page","status-publish","hentry"],"_links":{"self":[{"href":"https:\/\/martaberrocal.org\/es\/wp-json\/wp\/v2\/pages\/693","targetHints":{"allow":["GET"]}}],"collection":[{"href":"https:\/\/martaberrocal.org\/es\/wp-json\/wp\/v2\/pages"}],"about":[{"href":"https:\/\/martaberrocal.org\/es\/wp-json\/wp\/v2\/types\/page"}],"author":[{"embeddable":true,"href":"https:\/\/martaberrocal.org\/es\/wp-json\/wp\/v2\/users\/1"}],"replies":[{"embeddable":true,"href":"https:\/\/martaberrocal.org\/es\/wp-json\/wp\/v2\/comments?post=693"}],"version-history":[{"count":7,"href":"https:\/\/martaberrocal.org\/es\/wp-json\/wp\/v2\/pages\/693\/revisions"}],"predecessor-version":[{"id":1536,"href":"https:\/\/martaberrocal.org\/es\/wp-json\/wp\/v2\/pages\/693\/revisions\/1536"}],"wp:attachment":[{"href":"https:\/\/martaberrocal.org\/es\/wp-json\/wp\/v2\/media?parent=693"}],"curies":[{"name":"wp","href":"https:\/\/api.w.org\/{rel}","templated":true}]}}