
{"id":755,"date":"2016-06-19T09:59:07","date_gmt":"2016-06-19T09:59:07","guid":{"rendered":"http:\/\/martaberrocal.org\/es\/?page_id=755"},"modified":"2016-10-24T09:23:50","modified_gmt":"2016-10-24T09:23:50","slug":"inclusion-social","status":"publish","type":"page","link":"https:\/\/martaberrocal.org\/es\/inclusion-social\/","title":{"rendered":"Inclusi\u00f3n social"},"content":{"rendered":"<p>&nbsp;<\/p>\n<p>En este apartado he reunido dos proyectos cuyo objetivo ha sido contribuir a la inclusi\u00f3n social de diferentes personas:<\/p>\n<p><a href=\"https:\/\/martaberrocal.org\/es\/?page_id=765\"><strong>Compa\u00f1\u00eda de marionetas las Tigresas<\/strong><\/a>. Es un proyecto protagonizado por mujeres gitanas beneficiarias del programa RMI.<\/p>\n<p><strong><a href=\"https:\/\/martaberrocal.org\/es\/?page_id=1347\">1r Concurs \u201cConstruint valors\u201d<\/a>.<\/strong> Es un proyecto para la Obra Social \u201cla Caixa\u201d dirigido a todos los ni\u00f1os y j\u00f3venes de las entidades beneficiarias de los programas \u201cCaixaProinfancia\u201d y \u201cCiberCaixa Quedamos al salir de clase\u201d, de toda Espa\u00f1a.<\/p>\n<p>&nbsp;<\/p>\n<p>&nbsp;<\/p>\n<p>&nbsp;<\/p>\n<p>&nbsp;<\/p>\n<p>&nbsp;<\/p>\n<p>&nbsp;<\/p>\n","protected":false},"excerpt":{"rendered":"<p>&nbsp; En este apartado he reunido dos proyectos cuyo objetivo ha sido contribuir a la inclusi\u00f3n social de diferentes personas: Compa\u00f1\u00eda de marionetas las Tigresas. Es un proyecto protagonizado por mujeres gitanas beneficiarias del programa RMI. 1r Concurs \u201cConstruint valors\u201d. Es un proyecto para la Obra Social \u201cla Caixa\u201d dirigido a todos los ni\u00f1os y &hellip; <a href=\"https:\/\/martaberrocal.org\/es\/inclusion-social\/\" class=\"more-link\">Seguir leyendo <span class=\"screen-reader-text\">Inclusi\u00f3n social<\/span> <span class=\"meta-nav\">&rarr;<\/span><\/a><\/p>\n","protected":false},"author":1,"featured_media":0,"parent":0,"menu_order":0,"comment_status":"closed","ping_status":"closed","template":"","meta":{"footnotes":""},"class_list":["post-755","page","type-page","status-publish","hentry"],"_links":{"self":[{"href":"https:\/\/martaberrocal.org\/es\/wp-json\/wp\/v2\/pages\/755","targetHints":{"allow":["GET"]}}],"collection":[{"href":"https:\/\/martaberrocal.org\/es\/wp-json\/wp\/v2\/pages"}],"about":[{"href":"https:\/\/martaberrocal.org\/es\/wp-json\/wp\/v2\/types\/page"}],"author":[{"embeddable":true,"href":"https:\/\/martaberrocal.org\/es\/wp-json\/wp\/v2\/users\/1"}],"replies":[{"embeddable":true,"href":"https:\/\/martaberrocal.org\/es\/wp-json\/wp\/v2\/comments?post=755"}],"version-history":[{"count":10,"href":"https:\/\/martaberrocal.org\/es\/wp-json\/wp\/v2\/pages\/755\/revisions"}],"predecessor-version":[{"id":1406,"href":"https:\/\/martaberrocal.org\/es\/wp-json\/wp\/v2\/pages\/755\/revisions\/1406"}],"wp:attachment":[{"href":"https:\/\/martaberrocal.org\/es\/wp-json\/wp\/v2\/media?parent=755"}],"curies":[{"name":"wp","href":"https:\/\/api.w.org\/{rel}","templated":true}]}}