
{"id":823,"date":"2016-07-13T15:53:53","date_gmt":"2016-07-13T15:53:53","guid":{"rendered":"http:\/\/martaberrocal.org\/es\/?page_id=823"},"modified":"2016-11-09T17:33:25","modified_gmt":"2016-11-09T17:33:25","slug":"arte-y-educacion-especial","status":"publish","type":"page","link":"https:\/\/martaberrocal.org\/es\/arte-y-educacion-especial\/","title":{"rendered":"Arte y educaci\u00f3n especial"},"content":{"rendered":"<p>A menudo, a los cursos que imparto, asisten profesores y otros profesionales de escuelas y centros de educaci\u00f3n especial, aunque el curso no est\u00e9 dirigido espec\u00edficamente a ellos.\u00a0 No les importa, se proponen aprovechar ideas de los \u00e1mbitos supuestamente normalizados, y lo consiguen. Y a m\u00ed tampoco me importa, todo lo contrario, me da pie a realizar una formaci\u00f3n inclusiva en varios sentidos.<\/p>\n<p>Trato de desarrollar y aplicar, siempre que puedo, la idea de que no es necesario hacer cosas especiales y diferentes en el marco de la educaci\u00f3n especial. No hay que pensar en actividades \u00abadaptadas\u00bb sino m\u00e1s bien en actividades derivadas de las capacidades y habilidades que cada cual tenga, sean las que sean.<\/p>\n<p>A veces, cuando lo pienso, no logro tener claras las diferencias entre la educaci\u00f3n especial y la que no lo es.\u00a0 La educaci\u00f3n que da respuesta a las diferencias no puede ser uniforme y normal, debe ser irregular y especial. Y como todos somos diferentes, \u00fanicos y exclusivos, creo de verdad que toda la educaci\u00f3n es <strong>ESPECIAL<\/strong>.<\/p>\n<p>Ello no quita que en ocasiones cree e imparta cursos espec\u00edficamente dirigidos a docentes y profesionales que trabajan en este campo.\u00a0 Los admiro profundamente.<\/p>\n<p>Para m\u00ed, estos cursos son siempre un reto que asumo con gusto y un descubrimiento y aprendizaje inagotable sobre las posibilidades de las personas: discentes y docentes.<\/p>\n<p>El curso escolar 1999-2000 dise\u00f1\u00e9 e impart\u00ed en el <a href=\"http:\/\/www.granollers.cat\/montserratmontero\/qui-som\" target=\"_blank\">Centro de Educaci\u00f3n Especial Montserrat Montero<\/a> de Granollers, un curso titulado: <strong>Una nueva forma de trabajar la pl\u00e1stica en la educaci\u00f3n especial.\u00a0 <\/strong><\/p>\n<p>Para hacerme a la idea de la diversidad de alumnos con los que trabajan y las posibilidades que se abr\u00edan en el \u00e1rea de educaci\u00f3n art\u00edstica, pas\u00e9 previamente un d\u00eda entero en el colegio, rotando por diferentes grupos para tratar de tener una visi\u00f3n poli\u00e9drica del contexto, que me permitiera adecuar la formaci\u00f3n, a la realidad.\u00a0 Recordar\u00e9 siempre el d\u00eda que pas\u00e9 en la escuela, fue especialmente emotivo. Luego, tuve que investigar las posibilidades de trabajar con todo tipo de materiales comestibles dada la inclinaci\u00f3n de los ni\u00f1os del centro a probarlo todo&#8230; Y con el tiempo, le he sacado mucho partido a dichos materiales.<\/p>\n<p>El primer trimestre del curso escolar 2015-16 dise\u00f1\u00e9 e impart\u00ed un curso en el MACBA, exclusivamente dirigido a profesorado de educaci\u00f3n especial. Me inspir\u00e9 en la exposici\u00f3n temporal que exhib\u00eda el museo: \u00abEspecies de Espacios\u00bb, y en el libro de Georges Perec del mismo t\u00edtulo.<\/p>\n<p><img loading=\"lazy\" decoding=\"async\" class=\"alignnone wp-image-947\" src=\"https:\/\/martaberrocal.org\/es\/wp-content\/uploads\/2016\/07\/ESPECIES-DE-ESPACIOS-1-300x300.jpg\" alt=\"ESPECIES-DE-ESPACIOS\" width=\"151\" height=\"151\" srcset=\"https:\/\/martaberrocal.org\/es\/wp-content\/uploads\/2016\/07\/ESPECIES-DE-ESPACIOS-1-300x300.jpg 300w, https:\/\/martaberrocal.org\/es\/wp-content\/uploads\/2016\/07\/ESPECIES-DE-ESPACIOS-1-150x150.jpg 150w, https:\/\/martaberrocal.org\/es\/wp-content\/uploads\/2016\/07\/ESPECIES-DE-ESPACIOS-1-768x768.jpg 768w, https:\/\/martaberrocal.org\/es\/wp-content\/uploads\/2016\/07\/ESPECIES-DE-ESPACIOS-1-1024x1024.jpg 1024w, https:\/\/martaberrocal.org\/es\/wp-content\/uploads\/2016\/07\/ESPECIES-DE-ESPACIOS-1.jpg 1123w\" sizes=\"auto, (max-width: 151px) 100vw, 151px\" \/>\u00a0 <img loading=\"lazy\" decoding=\"async\" class=\"alignnone size-medium wp-image-946\" src=\"https:\/\/martaberrocal.org\/es\/wp-content\/uploads\/2016\/07\/Especies-de-espacios-205x300.jpg\" alt=\"Especies de espacios\" width=\"205\" height=\"300\" srcset=\"https:\/\/martaberrocal.org\/es\/wp-content\/uploads\/2016\/07\/Especies-de-espacios-205x300.jpg 205w, https:\/\/martaberrocal.org\/es\/wp-content\/uploads\/2016\/07\/Especies-de-espacios-768x1123.jpg 768w, https:\/\/martaberrocal.org\/es\/wp-content\/uploads\/2016\/07\/Especies-de-espacios-700x1024.jpg 700w, https:\/\/martaberrocal.org\/es\/wp-content\/uploads\/2016\/07\/Especies-de-espacios.jpg 827w\" sizes=\"auto, (max-width: 205px) 100vw, 205px\" \/><\/p>\n<p>El curso no ten\u00eda t\u00edtulo &#8230; en alg\u00fan momento del proceso que sufre un curso de estas caracter\u00edsticas, desde que se concibe, se programa,\u00a0 se comunica y se imparte, se perdi\u00f3 y qued\u00f3 s\u00f3lo: <strong>Educaci\u00f3n especial<\/strong>. Podr\u00eda estar tambi\u00e9n en el apartado de <a href=\"https:\/\/martaberrocal.org\/es\/?page_id=831\">arte contempor\u00e1neo.<\/a><\/p>\n<p>Algunos de los conceptos que abordamos fueron: la seriaci\u00f3n, la repetici\u00f3n, el tamp\u00f3n, la casa, el autismo.\u00a0 De aqu\u00ed salt\u00e9 al <a href=\"https:\/\/martaberrocal.org\/es\/?page_id=953\">Alzheimer<\/a><\/p>\n<p>Las siguientes im\u00e1genes corresponden a algunas pruebas que hice para poder constatar posibilidades de materiales, de dise\u00f1os, de propuestas de transformaci\u00f3n, etc.<\/p>\n<div id='gallery-1' class='gallery galleryid-823 gallery-columns-3 gallery-size-thumbnail'><figure class='gallery-item'>\n\t\t\t<div class='gallery-icon landscape'>\n\t\t\t\t<img loading=\"lazy\" decoding=\"async\" width=\"150\" height=\"150\" src=\"https:\/\/martaberrocal.org\/es\/wp-content\/uploads\/2016\/07\/R-IMG_20151118_000846-Copiar-150x150.jpg\" class=\"attachment-thumbnail size-thumbnail\" alt=\"\" \/>\n\t\t\t<\/div><\/figure><figure class='gallery-item'>\n\t\t\t<div class='gallery-icon landscape'>\n\t\t\t\t<img loading=\"lazy\" decoding=\"async\" width=\"150\" height=\"150\" src=\"https:\/\/martaberrocal.org\/es\/wp-content\/uploads\/2016\/07\/IMG_20151118_131200-Copiar-150x150.jpg\" class=\"attachment-thumbnail size-thumbnail\" alt=\"\" srcset=\"https:\/\/martaberrocal.org\/es\/wp-content\/uploads\/2016\/07\/IMG_20151118_131200-Copiar-150x150.jpg 150w, https:\/\/martaberrocal.org\/es\/wp-content\/uploads\/2016\/07\/IMG_20151118_131200-Copiar-300x300.jpg 300w, https:\/\/martaberrocal.org\/es\/wp-content\/uploads\/2016\/07\/IMG_20151118_131200-Copiar.jpg 600w\" sizes=\"auto, (max-width: 150px) 100vw, 150px\" \/>\n\t\t\t<\/div><\/figure><figure class='gallery-item'>\n\t\t\t<div class='gallery-icon landscape'>\n\t\t\t\t<img loading=\"lazy\" decoding=\"async\" width=\"150\" height=\"150\" src=\"https:\/\/martaberrocal.org\/es\/wp-content\/uploads\/2016\/07\/IMG_20151109_155337_edit-Copiar-150x150.jpg\" class=\"attachment-thumbnail size-thumbnail\" alt=\"\" srcset=\"https:\/\/martaberrocal.org\/es\/wp-content\/uploads\/2016\/07\/IMG_20151109_155337_edit-Copiar-150x150.jpg 150w, https:\/\/martaberrocal.org\/es\/wp-content\/uploads\/2016\/07\/IMG_20151109_155337_edit-Copiar-300x300.jpg 300w, https:\/\/martaberrocal.org\/es\/wp-content\/uploads\/2016\/07\/IMG_20151109_155337_edit-Copiar.jpg 600w\" sizes=\"auto, (max-width: 150px) 100vw, 150px\" \/>\n\t\t\t<\/div><\/figure>\n\t\t<\/div>\n\n<p>Una de las maestras que asistieron no era de educaci\u00f3n especial, pero piensa que sus ni\u00f1os son especiales para ella y por tanto el curso se ajustaba a sus expectativas.<\/p>\n<p><strong>Persigo una idea que a veces consigo activar<\/strong>: tratar de estimular el contacto entre escuelas especiales y escuelas normales.\u00a0 O entre personas normales y personas especiales.<\/p>\n<p>Cuando maestros especiales se cuelan en cursos normales y maestros normales en cursos especiales, hay posibilidades de tratar de estimular el contacto al que me acabo de referir.<\/p>\n<p>&nbsp;<\/p>\n<p>&nbsp;<\/p>\n","protected":false},"excerpt":{"rendered":"<p>A menudo, a los cursos que imparto, asisten profesores y otros profesionales de escuelas y centros de educaci\u00f3n especial, aunque el curso no est\u00e9 dirigido espec\u00edficamente a ellos.\u00a0 No les importa, se proponen aprovechar ideas de los \u00e1mbitos supuestamente normalizados, y lo consiguen. Y a m\u00ed tampoco me importa, todo lo contrario, me da pie &hellip; <a href=\"https:\/\/martaberrocal.org\/es\/arte-y-educacion-especial\/\" class=\"more-link\">Seguir leyendo <span class=\"screen-reader-text\">Arte y educaci\u00f3n especial<\/span> <span class=\"meta-nav\">&rarr;<\/span><\/a><\/p>\n","protected":false},"author":1,"featured_media":0,"parent":0,"menu_order":0,"comment_status":"closed","ping_status":"closed","template":"","meta":{"footnotes":""},"class_list":["post-823","page","type-page","status-publish","hentry"],"_links":{"self":[{"href":"https:\/\/martaberrocal.org\/es\/wp-json\/wp\/v2\/pages\/823","targetHints":{"allow":["GET"]}}],"collection":[{"href":"https:\/\/martaberrocal.org\/es\/wp-json\/wp\/v2\/pages"}],"about":[{"href":"https:\/\/martaberrocal.org\/es\/wp-json\/wp\/v2\/types\/page"}],"author":[{"embeddable":true,"href":"https:\/\/martaberrocal.org\/es\/wp-json\/wp\/v2\/users\/1"}],"replies":[{"embeddable":true,"href":"https:\/\/martaberrocal.org\/es\/wp-json\/wp\/v2\/comments?post=823"}],"version-history":[{"count":15,"href":"https:\/\/martaberrocal.org\/es\/wp-json\/wp\/v2\/pages\/823\/revisions"}],"predecessor-version":[{"id":1528,"href":"https:\/\/martaberrocal.org\/es\/wp-json\/wp\/v2\/pages\/823\/revisions\/1528"}],"wp:attachment":[{"href":"https:\/\/martaberrocal.org\/es\/wp-json\/wp\/v2\/media?parent=823"}],"curies":[{"name":"wp","href":"https:\/\/api.w.org\/{rel}","templated":true}]}}