
{"id":828,"date":"2016-07-13T15:55:28","date_gmt":"2016-07-13T15:55:28","guid":{"rendered":"http:\/\/martaberrocal.org\/es\/?page_id=828"},"modified":"2016-11-09T19:08:28","modified_gmt":"2016-11-09T19:08:28","slug":"arte-museos-y-exposiciones","status":"publish","type":"page","link":"https:\/\/martaberrocal.org\/es\/arte-museos-y-exposiciones\/","title":{"rendered":"Arte, museos y exposiciones"},"content":{"rendered":"<p>Este apartado re\u00fane algunos cursos que he impartido, vinculados a exposiciones temporales de arte, de diferentes museos e instituciones de la ciudad de Barcelona y Vic.<\/p>\n<p>Cada curso me ha exigido conocer a fondo la exposici\u00f3n de la cual part\u00eda y examinar las posibilidades que cada una generaba con el objetivo de dise\u00f1ar actividades art\u00edsticas y tambi\u00e9n vinculadas a otras \u00e1reas de conocimiento.<\/p>\n<p>&nbsp;<\/p>\n<hr \/>\n<p>Museu Episcopal de Vic (<a href=\"http:\/\/www.museuepiscopalvic.com\/\" target=\"_blank\">MEV<\/a>)<\/p>\n<ul>\n<li>Curso:<strong> Los oficios artesanales en el Museu Episcopal de Vic: herramientas para trabajar en la escuela.\u00a0 <\/strong>\n<ul>\n<li>De marzo a abril del 2005<\/li>\n<\/ul>\n<\/li>\n<\/ul>\n<p>&nbsp;<\/p>\n<hr \/>\n<p>Museu Nacional d&#8217;Art de Catalunya (<a href=\"http:\/\/www.museunacional.cat\/es\" target=\"_blank\">MNAC<\/a>)<\/p>\n<ul>\n<li>Curso<strong>: La obra art\u00edstica de Alberto, <\/strong>a partir de la exposici\u00f3n con el mismo t\u00edtulo organizada por el MNAC en 2002<\/li>\n<\/ul>\n<ul>\n<li>Curso: <strong>Te env\u00edo este rojo cadmio,\u00a0<\/strong>a partir de la exposici\u00f3n con el mismo t\u00edtulo organizada por el MNAC en 2001.\n<ul>\n<li>realizo dos ediciones del curso<\/li>\n<\/ul>\n<\/li>\n<\/ul>\n<div id='gallery-1' class='gallery galleryid-828 gallery-columns-3 gallery-size-thumbnail'><figure class='gallery-item'>\n\t\t\t<div class='gallery-icon portrait'>\n\t\t\t\t<a href='https:\/\/martaberrocal.org\/es\/wp-content\/uploads\/2016\/07\/cadmio.jpg'><img loading=\"lazy\" decoding=\"async\" width=\"150\" height=\"150\" src=\"https:\/\/martaberrocal.org\/es\/wp-content\/uploads\/2016\/07\/cadmio-150x150.jpg\" class=\"attachment-thumbnail size-thumbnail\" alt=\"\" \/><\/a>\n\t\t\t<\/div><\/figure><figure class='gallery-item'>\n\t\t\t<div class='gallery-icon landscape'>\n\t\t\t\t<a href='https:\/\/martaberrocal.org\/es\/wp-content\/uploads\/2016\/07\/41R9YJNC86L._SS400_.jpg'><img loading=\"lazy\" decoding=\"async\" width=\"150\" height=\"150\" src=\"https:\/\/martaberrocal.org\/es\/wp-content\/uploads\/2016\/07\/41R9YJNC86L._SS400_-150x150.jpg\" class=\"attachment-thumbnail size-thumbnail\" alt=\"\" srcset=\"https:\/\/martaberrocal.org\/es\/wp-content\/uploads\/2016\/07\/41R9YJNC86L._SS400_-150x150.jpg 150w, https:\/\/martaberrocal.org\/es\/wp-content\/uploads\/2016\/07\/41R9YJNC86L._SS400_-300x300.jpg 300w, https:\/\/martaberrocal.org\/es\/wp-content\/uploads\/2016\/07\/41R9YJNC86L._SS400_.jpg 400w\" sizes=\"auto, (max-width: 150px) 100vw, 150px\" \/><\/a>\n\t\t\t<\/div><\/figure>\n\t\t<\/div>\n\n<p><span style=\"color: #b80223;\"><strong>Te env\u00edo este rojo cadmio<\/strong><\/span> es tambi\u00e9n el t\u00edtulo de un libro que recoge la correspondencia entre dos artistas: John Berger y John Christie<\/p>\n<div id='gallery-2' class='gallery galleryid-828 gallery-columns-3 gallery-size-thumbnail'><figure class='gallery-item'>\n\t\t\t<div class='gallery-icon landscape'>\n\t\t\t\t<img loading=\"lazy\" decoding=\"async\" width=\"150\" height=\"150\" src=\"https:\/\/martaberrocal.org\/es\/wp-content\/uploads\/2016\/07\/JC_photo_Ian_Tyson-150x150.jpg\" class=\"attachment-thumbnail size-thumbnail\" alt=\"\" aria-describedby=\"gallery-2-1485\" \/>\n\t\t\t<\/div>\n\t\t\t\t<figcaption class='wp-caption-text gallery-caption' id='gallery-2-1485'>\n\t\t\t\tJohn Christie\n\t\t\t\t<\/figcaption><\/figure><figure class='gallery-item'>\n\t\t\t<div class='gallery-icon landscape'>\n\t\t\t\t<img loading=\"lazy\" decoding=\"async\" width=\"150\" height=\"150\" src=\"https:\/\/martaberrocal.org\/es\/wp-content\/uploads\/2016\/07\/John_Berger-2009_6-150x150.jpg\" class=\"attachment-thumbnail size-thumbnail\" alt=\"\" aria-describedby=\"gallery-2-1487\" \/>\n\t\t\t<\/div>\n\t\t\t\t<figcaption class='wp-caption-text gallery-caption' id='gallery-2-1487'>\n\t\t\t\tJohn Berger\n\t\t\t\t<\/figcaption><\/figure>\n\t\t<\/div>\n\n<p>&nbsp;<\/p>\n<hr \/>\n<p>Museu d&#8217;Art Contemporani de Barcelona (<a href=\"http:\/\/www.macba.cat\/es\/inicio\" target=\"_blank\">MACBA<\/a>)<\/p>\n<ul>\n<li>Curso: La<strong> po\u00e9tica del material. Aproximaciones a la obra de T\u00e0pies, <\/strong>a partir de la exposici\u00f3n con el mismo t\u00edtulo organizada por el MACBA en 2004\n<ul>\n<li>Marzo del 2004<\/li>\n<\/ul>\n<\/li>\n<\/ul>\n<ul>\n<li>Curso: <strong>Vivir con el pop: Arte de vanguardia y cultura de masas en la Europa de los a\u00f1os 80<\/strong> a partir de la exposici\u00f3n: <em> Introspectiva<\/em>.\n<ul>\n<li>Marzo del 2003<\/li>\n<\/ul>\n<\/li>\n<\/ul>\n<p>&nbsp;<\/p>\n<hr \/>\n<p><a href=\"https:\/\/www.lapedrera.com\/es\/home\" target=\"_blank\">La Pedrera<\/a>. Fundaci\u00f3 Caixa Catalunya<\/p>\n<ul>\n<li>Sesi\u00f3n de formaci\u00f3n:\u00a0 <strong>La exposici\u00f3n Guinovart: propuestas para el aula.<\/strong> Dirigida a profesorado de secundaria y bachillerato. Impartido en la Fundaci\u00f3 Caixa Catalunya, La Pedrera.\n<ul>\n<li>Barcelona 20 de marzo del 2002<\/li>\n<\/ul>\n<\/li>\n<\/ul>\n<p>&nbsp;<\/p>\n<hr \/>\n<p><a href=\"http:\/\/www.museupicasso.bcn.cat\/es\" target=\"_blank\">Museu Picasso<\/a>, MACBA, <a href=\"http:\/\/www.fmirobcn.org\/es\/\" target=\"_blank\">Fundaci\u00f3 Mir\u00f3<\/a> y Centre de Cultura Contempor\u00e0nia de Barcelona (<a href=\"http:\/\/www.cccb.org\/es\" target=\"_blank\">CCCB<\/a>)<\/p>\n<ul>\n<li><strong>Vermuttage:\u00a0 Ma\u00f1anas de arte en los museos<\/strong><em>. <\/em>Impartido en Barcelona del 1 al 12 de julio del 2004.<\/li>\n<\/ul>\n<p>&nbsp;<\/p>\n","protected":false},"excerpt":{"rendered":"<p>Este apartado re\u00fane algunos cursos que he impartido, vinculados a exposiciones temporales de arte, de diferentes museos e instituciones de la ciudad de Barcelona y Vic. Cada curso me ha exigido conocer a fondo la exposici\u00f3n de la cual part\u00eda y examinar las posibilidades que cada una generaba con el objetivo de dise\u00f1ar actividades art\u00edsticas &hellip; <a href=\"https:\/\/martaberrocal.org\/es\/arte-museos-y-exposiciones\/\" class=\"more-link\">Seguir leyendo <span class=\"screen-reader-text\">Arte, museos y exposiciones<\/span> <span class=\"meta-nav\">&rarr;<\/span><\/a><\/p>\n","protected":false},"author":1,"featured_media":0,"parent":0,"menu_order":0,"comment_status":"closed","ping_status":"closed","template":"","meta":{"footnotes":""},"class_list":["post-828","page","type-page","status-publish","hentry"],"_links":{"self":[{"href":"https:\/\/martaberrocal.org\/es\/wp-json\/wp\/v2\/pages\/828","targetHints":{"allow":["GET"]}}],"collection":[{"href":"https:\/\/martaberrocal.org\/es\/wp-json\/wp\/v2\/pages"}],"about":[{"href":"https:\/\/martaberrocal.org\/es\/wp-json\/wp\/v2\/types\/page"}],"author":[{"embeddable":true,"href":"https:\/\/martaberrocal.org\/es\/wp-json\/wp\/v2\/users\/1"}],"replies":[{"embeddable":true,"href":"https:\/\/martaberrocal.org\/es\/wp-json\/wp\/v2\/comments?post=828"}],"version-history":[{"count":7,"href":"https:\/\/martaberrocal.org\/es\/wp-json\/wp\/v2\/pages\/828\/revisions"}],"predecessor-version":[{"id":1530,"href":"https:\/\/martaberrocal.org\/es\/wp-json\/wp\/v2\/pages\/828\/revisions\/1530"}],"wp:attachment":[{"href":"https:\/\/martaberrocal.org\/es\/wp-json\/wp\/v2\/media?parent=828"}],"curies":[{"name":"wp","href":"https:\/\/api.w.org\/{rel}","templated":true}]}}