
{"id":843,"date":"2016-07-13T16:18:52","date_gmt":"2016-07-13T16:18:52","guid":{"rendered":"http:\/\/martaberrocal.org\/es\/?page_id=843"},"modified":"2016-12-05T17:44:17","modified_gmt":"2016-12-05T17:44:17","slug":"educacion-multiculturalidad-interculturalidad-y-diversidad","status":"publish","type":"page","link":"https:\/\/martaberrocal.org\/es\/educacion-multiculturalidad-interculturalidad-y-diversidad\/","title":{"rendered":"Inclusi\u00f3n, multiculturalidad, interculturalidad y diversidad"},"content":{"rendered":"<p>&nbsp;<\/p>\n<p>Este bloque de docencia incluye los siguientes apartados:<\/p>\n<ul>\n<li><a href=\"https:\/\/martaberrocal.org\/es\/?page_id=1146\">Programa Interdepartamental de la Renta M\u00ednima (PIRMI-RMI)<\/a><\/li>\n<li><a href=\"https:\/\/martaberrocal.org\/es\/?page_id=1149\">Fundaci\u00f3n Pere Closa para la formaci\u00f3n y promoci\u00f3n del pueblo gitano en Catalu\u00f1a<\/a><\/li>\n<li><a href=\"https:\/\/martaberrocal.org\/es\/?page_id=1156\">Alfabetizaci\u00f3n de inmigrantes<\/a><\/li>\n<li><a href=\"https:\/\/martaberrocal.org\/es\/?page_id=1153\">Proyecto Museo Ambulante. Escuelas de centros penitenciarios y centros educativos de justicia juvenil de Catalu\u00f1a.<\/a><\/li>\n<li><a href=\"https:\/\/martaberrocal.org\/es\/?page_id=280\">Programa Apropa Cultura. Educa amb l\u2019art<\/a><\/li>\n<li><a href=\"https:\/\/martaberrocal.org\/es\/?page_id=1159\">Participaci\u00f3n en jornadas y cursos relacionados con la multiculturalidad y la interculturalidad<\/a><\/li>\n<\/ul>\n","protected":false},"excerpt":{"rendered":"<p>&nbsp; Este bloque de docencia incluye los siguientes apartados: Programa Interdepartamental de la Renta M\u00ednima (PIRMI-RMI) Fundaci\u00f3n Pere Closa para la formaci\u00f3n y promoci\u00f3n del pueblo gitano en Catalu\u00f1a Alfabetizaci\u00f3n de inmigrantes Proyecto Museo Ambulante. Escuelas de centros penitenciarios y centros educativos de justicia juvenil de Catalu\u00f1a. Programa Apropa Cultura. Educa amb l\u2019art Participaci\u00f3n en &hellip; <a href=\"https:\/\/martaberrocal.org\/es\/educacion-multiculturalidad-interculturalidad-y-diversidad\/\" class=\"more-link\">Seguir leyendo <span class=\"screen-reader-text\">Inclusi\u00f3n, multiculturalidad, interculturalidad y diversidad<\/span> <span class=\"meta-nav\">&rarr;<\/span><\/a><\/p>\n","protected":false},"author":1,"featured_media":0,"parent":0,"menu_order":0,"comment_status":"closed","ping_status":"closed","template":"","meta":{"footnotes":""},"class_list":["post-843","page","type-page","status-publish","hentry"],"_links":{"self":[{"href":"https:\/\/martaberrocal.org\/es\/wp-json\/wp\/v2\/pages\/843","targetHints":{"allow":["GET"]}}],"collection":[{"href":"https:\/\/martaberrocal.org\/es\/wp-json\/wp\/v2\/pages"}],"about":[{"href":"https:\/\/martaberrocal.org\/es\/wp-json\/wp\/v2\/types\/page"}],"author":[{"embeddable":true,"href":"https:\/\/martaberrocal.org\/es\/wp-json\/wp\/v2\/users\/1"}],"replies":[{"embeddable":true,"href":"https:\/\/martaberrocal.org\/es\/wp-json\/wp\/v2\/comments?post=843"}],"version-history":[{"count":7,"href":"https:\/\/martaberrocal.org\/es\/wp-json\/wp\/v2\/pages\/843\/revisions"}],"predecessor-version":[{"id":1708,"href":"https:\/\/martaberrocal.org\/es\/wp-json\/wp\/v2\/pages\/843\/revisions\/1708"}],"wp:attachment":[{"href":"https:\/\/martaberrocal.org\/es\/wp-json\/wp\/v2\/media?parent=843"}],"curies":[{"name":"wp","href":"https:\/\/api.w.org\/{rel}","templated":true}]}}