
{"id":90,"date":"2016-05-10T07:42:26","date_gmt":"2016-05-10T07:42:26","guid":{"rendered":"http:\/\/marta.ecoresiduos.es\/?page_id=90"},"modified":"2017-05-30T10:52:27","modified_gmt":"2017-05-30T10:52:27","slug":"publicaciones-libros","status":"publish","type":"page","link":"https:\/\/martaberrocal.org\/es\/publicaciones-libros\/","title":{"rendered":"Libros"},"content":{"rendered":"<p>&nbsp;<\/p>\n<h5 style=\"text-align: right;\"><span style=\"color: #000000;\">Autora<\/span><\/h5>\n<hr \/>\n<p><img loading=\"lazy\" decoding=\"async\" class=\"wp-image-251 alignleft\" src=\"https:\/\/martaberrocal.org\/es\/wp-content\/uploads\/2016\/05\/DSC03759-Copiar-219x300.jpg\" alt=\"DSC03759 (Copiar)\" width=\"200\" height=\"274\" srcset=\"https:\/\/martaberrocal.org\/es\/wp-content\/uploads\/2016\/05\/DSC03759-Copiar-219x300.jpg 219w, https:\/\/martaberrocal.org\/es\/wp-content\/uploads\/2016\/05\/DSC03759-Copiar.jpg 351w\" sizes=\"auto, (max-width: 200px) 100vw, 200px\" \/><\/p>\n<p>&nbsp;<\/p>\n<p>&nbsp;<\/p>\n<p><strong><em>Ens ho passem molt b\u00e9, l\u2019\u00e0via i jo<\/em><\/strong>. Barcelona: Ediciones Baula. Colecci\u00f3n Ala Delta. Noviembre de 1997.<\/p>\n<p>&nbsp;<\/p>\n<p>&nbsp;<\/p>\n<p>&nbsp;<\/p>\n<p>Se trata de una <strong>novela infantil que aborda la muerte de las personas mayores<\/strong>. Si se lee conjuntamente (adultos y ni\u00f1os), facilita poder hablar en torno a un tema que a todos nos preocupa y no es f\u00e1cil abordar. De hecho, la novela pone de relieve lo complejo que resulta a veces para los adultos dar explicaciones a los ni\u00f1os cuando se produce una muerte en la familia, que en este caso es natural y debida a la vejez, y que a menudo conlleva tambi\u00e9n enfermedad. En ocasiones se esquiva el tema o se recurre a argumentos fantasiosos con la intenci\u00f3n de evitar sufrimiento y tambi\u00e9n se evita hablar de todas las emociones que la p\u00e9rdida hace emerger en los miembros de la familia. \u00a0Ello da lugar a equ\u00edvocos y a decepciones. Es preferible compartir l\u00e1grimas y sentimientos, hay que vivir el duelo para poder dejarlo atr\u00e1s. La negaci\u00f3n, la ocultaci\u00f3n y las falsas explicaciones no ayudan a hacerlo.<\/p>\n<p>El valor de la amistad tambi\u00e9n tiene\u00a0 un papel relevante en la novela.<\/p>\n<p>Actualmente\u00a0est\u00e1 descatalogada, pero puede encontrarse en algunas bibliotecas de Catalu\u00f1a.<\/p>\n<p>&nbsp;<\/p>\n<h5 style=\"text-align: right;\"><span style=\"color: #000000;\">Colaboraciones<\/span><\/h5>\n<hr \/>\n<p>&nbsp;<\/p>\n<p><img loading=\"lazy\" decoding=\"async\" class=\" wp-image-252 alignleft\" src=\"https:\/\/martaberrocal.org\/es\/wp-content\/uploads\/2016\/05\/DSC03761-Copiar-1-215x300.jpg\" alt=\"DSC03761 (Copiar)\" width=\"200\" height=\"279\" srcset=\"https:\/\/martaberrocal.org\/es\/wp-content\/uploads\/2016\/05\/DSC03761-Copiar-1-215x300.jpg 215w, https:\/\/martaberrocal.org\/es\/wp-content\/uploads\/2016\/05\/DSC03761-Copiar-1.jpg 293w\" sizes=\"auto, (max-width: 200px) 100vw, 200px\" \/><\/p>\n<p>&nbsp;<\/p>\n<p>&nbsp;<\/p>\n<p><strong>Men\u00fas de Educaci\u00f3n Visual y Pl\u00e1stica. Siete propuestas para desarrollar en el aula<\/strong> . M. Berrocal (coord.) Barcelona: Editorial Gra\u00f3. Abril 2005<\/p>\n<p>&nbsp;<\/p>\n<p>&nbsp;<\/p>\n<p><a href=\"https:\/\/martaberrocal.org\/es\/?page_id=94\"><strong>Ganador del Primer Premio\u00a0<\/strong><\/a>ex aequo en la categor\u00eda de <strong>Pr\u00e1ctica Educativa<\/strong>, en la 1\u00aa edici\u00f3n de los <strong>PREMIOS AULA, al Mejor\u00a0Libro de Educaci\u00f3n<\/strong>. Madrid, marzo 2006.<\/p>\n<p>Coordin\u00e9 y particip\u00e9 en la redacci\u00f3n de este libro dedicado a la educaci\u00f3n visual y pl\u00e1stica, escrito por maestros y profesores cuya trayectoria vital y profesional est\u00e1 vinculada a la educaci\u00f3n art\u00edstica. Fue el resultado de un <strong>trabajo en equipo<\/strong> en el que a partir de una estructura <strong>que enfatiza la idea de secuencia, proceso y progresi\u00f3n<\/strong>, cada cual aport\u00f3 una propuesta con puntos de partida diferentes, que se resume de forma gr\u00e1fica al inicio de cada cap\u00edtulo. Estos dibujos est\u00e1n hechos por Merc\u00e8 Gaja, una de las autoras del libro. A continuaci\u00f3n, hay una muestra:<\/p>\n<div id='gallery-1' class='gallery galleryid-90 gallery-columns-3 gallery-size-full'><figure class='gallery-item'>\n\t\t\t<div class='gallery-icon landscape'>\n\t\t\t\t<a href='https:\/\/martaberrocal.org\/es\/wp-content\/uploads\/2016\/05\/R-DSC05525-Copiar.jpg'><img loading=\"lazy\" decoding=\"async\" width=\"800\" height=\"476\" src=\"https:\/\/martaberrocal.org\/es\/wp-content\/uploads\/2016\/05\/R-DSC05525-Copiar.jpg\" class=\"attachment-full size-full\" alt=\"\" aria-describedby=\"gallery-1-1607\" srcset=\"https:\/\/martaberrocal.org\/es\/wp-content\/uploads\/2016\/05\/R-DSC05525-Copiar.jpg 800w, https:\/\/martaberrocal.org\/es\/wp-content\/uploads\/2016\/05\/R-DSC05525-Copiar-300x179.jpg 300w, https:\/\/martaberrocal.org\/es\/wp-content\/uploads\/2016\/05\/R-DSC05525-Copiar-768x457.jpg 768w\" sizes=\"auto, (max-width: 800px) 100vw, 800px\" \/><\/a>\n\t\t\t<\/div>\n\t\t\t\t<figcaption class='wp-caption-text gallery-caption' id='gallery-1-1607'>\n\t\t\t\tEsquema cap\u00edtulo 5\n\t\t\t\t<\/figcaption><\/figure><figure class='gallery-item'>\n\t\t\t<div class='gallery-icon landscape'>\n\t\t\t\t<a href='https:\/\/martaberrocal.org\/es\/wp-content\/uploads\/2016\/05\/R-DSC05524-Copiar.jpg'><img loading=\"lazy\" decoding=\"async\" width=\"800\" height=\"427\" src=\"https:\/\/martaberrocal.org\/es\/wp-content\/uploads\/2016\/05\/R-DSC05524-Copiar.jpg\" class=\"attachment-full size-full\" alt=\"\" aria-describedby=\"gallery-1-1606\" srcset=\"https:\/\/martaberrocal.org\/es\/wp-content\/uploads\/2016\/05\/R-DSC05524-Copiar.jpg 800w, https:\/\/martaberrocal.org\/es\/wp-content\/uploads\/2016\/05\/R-DSC05524-Copiar-300x160.jpg 300w, https:\/\/martaberrocal.org\/es\/wp-content\/uploads\/2016\/05\/R-DSC05524-Copiar-768x410.jpg 768w\" sizes=\"auto, (max-width: 800px) 100vw, 800px\" \/><\/a>\n\t\t\t<\/div>\n\t\t\t\t<figcaption class='wp-caption-text gallery-caption' id='gallery-1-1606'>\n\t\t\t\tEsquema cap\u00edtulo 2\n\t\t\t\t<\/figcaption><\/figure><figure class='gallery-item'>\n\t\t\t<div class='gallery-icon landscape'>\n\t\t\t\t<a href='https:\/\/martaberrocal.org\/es\/wp-content\/uploads\/2016\/05\/R-DSC05527-Copiar.jpg'><img loading=\"lazy\" decoding=\"async\" width=\"800\" height=\"278\" src=\"https:\/\/martaberrocal.org\/es\/wp-content\/uploads\/2016\/05\/R-DSC05527-Copiar.jpg\" class=\"attachment-full size-full\" alt=\"\" aria-describedby=\"gallery-1-1609\" srcset=\"https:\/\/martaberrocal.org\/es\/wp-content\/uploads\/2016\/05\/R-DSC05527-Copiar.jpg 800w, https:\/\/martaberrocal.org\/es\/wp-content\/uploads\/2016\/05\/R-DSC05527-Copiar-300x104.jpg 300w, https:\/\/martaberrocal.org\/es\/wp-content\/uploads\/2016\/05\/R-DSC05527-Copiar-768x267.jpg 768w\" sizes=\"auto, (max-width: 800px) 100vw, 800px\" \/><\/a>\n\t\t\t<\/div>\n\t\t\t\t<figcaption class='wp-caption-text gallery-caption' id='gallery-1-1609'>\n\t\t\t\tEsquema cap\u00edtulo 7\n\t\t\t\t<\/figcaption><\/figure><figure class='gallery-item'>\n\t\t\t<div class='gallery-icon landscape'>\n\t\t\t\t<a href='https:\/\/martaberrocal.org\/es\/wp-content\/uploads\/2016\/05\/R-DSC05526-Copiar.jpg'><img loading=\"lazy\" decoding=\"async\" width=\"800\" height=\"248\" src=\"https:\/\/martaberrocal.org\/es\/wp-content\/uploads\/2016\/05\/R-DSC05526-Copiar.jpg\" class=\"attachment-full size-full\" alt=\"\" aria-describedby=\"gallery-1-1608\" srcset=\"https:\/\/martaberrocal.org\/es\/wp-content\/uploads\/2016\/05\/R-DSC05526-Copiar.jpg 800w, https:\/\/martaberrocal.org\/es\/wp-content\/uploads\/2016\/05\/R-DSC05526-Copiar-300x93.jpg 300w, https:\/\/martaberrocal.org\/es\/wp-content\/uploads\/2016\/05\/R-DSC05526-Copiar-768x238.jpg 768w\" sizes=\"auto, (max-width: 800px) 100vw, 800px\" \/><\/a>\n\t\t\t<\/div>\n\t\t\t\t<figcaption class='wp-caption-text gallery-caption' id='gallery-1-1608'>\n\t\t\t\tEsquema cap\u00edtulo 6\n\t\t\t\t<\/figcaption><\/figure>\n\t\t<\/div>\n\n<p>Utilizamos un s\u00edmil gastron\u00f3mico para titular el libro, para manifestar nuestra <strong>oposici\u00f3n a la idea de recetario<\/strong> que desgraciadamente\u00a0impera a menudo en relaci\u00f3n\u00a0con esta \u00e1rea de conocimiento y expresi\u00f3n, cuando se buscan recursos para desarrollarla. Sin embargo, <strong>creemos en los men\u00fas<\/strong>, y especialmente en los orientales, en los que se suceden los platos en la mesa. Se van sacando al ritmo adecuado para que los comensales puedan saborearlos y asimilarlos, antes de pasar a los siguientes. Se suceden los contrastes: picante, salado, dulce\u2026 se entremezclan, de forma sutil y refinada, los sabores y los olores, los colores y las texturas, resultando en conjunto una excelente comida, sana y nutritiva, que al ser paladeada activa los sentidos.<\/p>\n<p>De forma similar <strong>invitamos a los maestros a construir men\u00fas, conjuntamente con sus alumnos, y a degustar y nutrirse de todos los platos-actividades que formen parte de las secuencias de ense\u00f1anza-aprendizaje que sean capaces de inventar.<\/strong><\/p>\n<hr \/>\n<p>&nbsp;<\/p>\n<p><img loading=\"lazy\" decoding=\"async\" class=\" wp-image-253 alignleft\" src=\"https:\/\/martaberrocal.org\/es\/wp-content\/uploads\/2016\/05\/DSC03762-Copiar-208x300.jpg\" alt=\"DSC03762 (Copiar)\" width=\"200\" height=\"288\" srcset=\"https:\/\/martaberrocal.org\/es\/wp-content\/uploads\/2016\/05\/DSC03762-Copiar-208x300.jpg 208w, https:\/\/martaberrocal.org\/es\/wp-content\/uploads\/2016\/05\/DSC03762-Copiar.jpg 333w\" sizes=\"auto, (max-width: 200px) 100vw, 200px\" \/><\/p>\n<p>&nbsp;<\/p>\n<p><strong>La Educaci\u00f3n visual y pl\u00e1stica hoy. \u00a0<\/strong><strong>Educar la mirada la mano y el pensamiento<\/strong>. J. Caja (coord.) Barcelona: Editorial Gra\u00f3. Abril 2001.<\/p>\n<p>&nbsp;<\/p>\n<p>&nbsp;<\/p>\n<p>&nbsp;<\/p>\n<p>Particip\u00e9 en este libro contribuyendo con una <strong>propuesta de metodolog\u00eda de planificaci\u00f3n de actividades<\/strong> que se incluye en el primer cap\u00edtulo, junto a las aportaciones de Jordi Caja y Jos\u00e9 M\u00aa Gonz\u00e1lez.<\/p>\n<p>Las p\u00e1ginas dedicadas a describir la propuesta metodol\u00f3gica (p\u00e1g. 34 a 64) nacieron tratando de dar respuesta a una cuesti\u00f3n que muchos maestros hab\u00edan planteado en algunos de los cursos que he impartido: \u00bfc\u00f3mo se generan ideas?<\/p>\n<p>Lo cierto es que dar respuesta a esta pregunta es complejo, pero durante un tiempo me concentr\u00e9 en analizar el proceso que yo misma llevo a cabo con el prop\u00f3sito de inventar actividades, y lo primero que quiero se\u00f1alar es que cuesta.\u00a0 No se trata de un proceso de generaci\u00f3n espont\u00e1nea ni de ning\u00fan tipo de inspiraci\u00f3n divina, si no m\u00e1s bien de lo contrario: el resultado de una gran cantidad de trabajo y esfuerzo previo, que en ocasiones emerge a borbotones.<\/p>\n<p>La propuesta puede resumirse gr\u00e1ficamente as\u00ed:<\/p>\n<div id='gallery-2' class='gallery galleryid-90 gallery-columns-2 gallery-size-full'><figure class='gallery-item'>\n\t\t\t<div class='gallery-icon landscape'>\n\t\t\t\t<a href='https:\/\/martaberrocal.org\/es\/wp-content\/uploads\/2016\/05\/Macroconceptos.jpg'><img loading=\"lazy\" decoding=\"async\" width=\"810\" height=\"609\" src=\"https:\/\/martaberrocal.org\/es\/wp-content\/uploads\/2016\/05\/Macroconceptos.jpg\" class=\"attachment-full size-full\" alt=\"\" aria-describedby=\"gallery-2-1602\" srcset=\"https:\/\/martaberrocal.org\/es\/wp-content\/uploads\/2016\/05\/Macroconceptos.jpg 810w, https:\/\/martaberrocal.org\/es\/wp-content\/uploads\/2016\/05\/Macroconceptos-300x226.jpg 300w, https:\/\/martaberrocal.org\/es\/wp-content\/uploads\/2016\/05\/Macroconceptos-768x577.jpg 768w\" sizes=\"auto, (max-width: 810px) 100vw, 810px\" \/><\/a>\n\t\t\t<\/div>\n\t\t\t\t<figcaption class='wp-caption-text gallery-caption' id='gallery-2-1602'>\n\t\t\t\tMacroconceptos\n\t\t\t\t<\/figcaption><\/figure><figure class='gallery-item'>\n\t\t\t<div class='gallery-icon landscape'>\n\t\t\t\t<a href='https:\/\/martaberrocal.org\/es\/wp-content\/uploads\/2016\/05\/Secuencias.jpg'><img loading=\"lazy\" decoding=\"async\" width=\"811\" height=\"606\" src=\"https:\/\/martaberrocal.org\/es\/wp-content\/uploads\/2016\/05\/Secuencias.jpg\" class=\"attachment-full size-full\" alt=\"\" aria-describedby=\"gallery-2-1604\" srcset=\"https:\/\/martaberrocal.org\/es\/wp-content\/uploads\/2016\/05\/Secuencias.jpg 811w, https:\/\/martaberrocal.org\/es\/wp-content\/uploads\/2016\/05\/Secuencias-300x224.jpg 300w, https:\/\/martaberrocal.org\/es\/wp-content\/uploads\/2016\/05\/Secuencias-768x574.jpg 768w\" sizes=\"auto, (max-width: 811px) 100vw, 811px\" \/><\/a>\n\t\t\t<\/div>\n\t\t\t\t<figcaption class='wp-caption-text gallery-caption' id='gallery-2-1604'>\n\t\t\t\tSecuencias \n\t\t\t\t<\/figcaption><\/figure>\n\t\t<\/div>\n\n<hr \/>\n<p>&nbsp;<\/p>\n<p><img loading=\"lazy\" decoding=\"async\" class=\" wp-image-258 alignleft\" src=\"https:\/\/martaberrocal.org\/es\/wp-content\/uploads\/2016\/05\/DSC03756-Copiar-216x300.jpg\" alt=\"DSC03756 (Copiar)\" width=\"200\" height=\"278\" srcset=\"https:\/\/martaberrocal.org\/es\/wp-content\/uploads\/2016\/05\/DSC03756-Copiar-216x300.jpg 216w, https:\/\/martaberrocal.org\/es\/wp-content\/uploads\/2016\/05\/DSC03756-Copiar.jpg 345w\" sizes=\"auto, (max-width: 200px) 100vw, 200px\" \/><\/p>\n<p>&nbsp;<\/p>\n<p><strong>La educaci\u00f3n art\u00edstica en la escuela<\/strong>. <strong>\u00a0<\/strong>Barcelona: Editorial Gra\u00f3. Septiembre 2007.<\/p>\n<p><strong>\u00a0<\/strong><\/p>\n<p>&nbsp;<\/p>\n<p>&nbsp;<\/p>\n<p>&nbsp;<\/p>\n<p>Este libro aborda la necesidad de ense\u00f1ar y cultivar la educaci\u00f3n art\u00edstica en la escuela como algo imprescindible en la educaci\u00f3n de las personas. Contiene ideas, reflexiones, ejemplos y propuestas para trabajar diferentes lenguajes art\u00edsticos. Est\u00e1 dirigido a las etapas de educaci\u00f3n infantil, primaria y secundaria.<\/p>\n<p>El cap\u00edtulo 12 del libro corresponde al art\u00edculo: <strong>Modelar y trabajar con conceptos: una propuesta multidimensional<\/strong>, que escrib\u00ed para la revista Aula de Innovaci\u00f3n Educativa y fue publicado en enero del 2000 (N\u00ba 88)<\/p>\n<hr \/>\n<p>&nbsp;<\/p>\n<p><b><img loading=\"lazy\" decoding=\"async\" class=\" wp-image-257 alignleft\" src=\"https:\/\/martaberrocal.org\/es\/wp-content\/uploads\/2016\/05\/DSC03755-Copiar-216x300.jpg\" alt=\"DSC03755 (Copiar)\" width=\"200\" height=\"278\" srcset=\"https:\/\/martaberrocal.org\/es\/wp-content\/uploads\/2016\/05\/DSC03755-Copiar-216x300.jpg 216w, https:\/\/martaberrocal.org\/es\/wp-content\/uploads\/2016\/05\/DSC03755-Copiar.jpg 345w\" sizes=\"auto, (max-width: 200px) 100vw, 200px\" \/><\/b><\/p>\n<p>&nbsp;<\/p>\n<p>&nbsp;<\/p>\n<p><b>Figuras, formas, colores: propuestas para trabajar la educaci\u00f3n pl\u00e1stica y visual<\/b>. Barcelona: Editorial Gra\u00f3. 2003<\/p>\n<p>&nbsp;<\/p>\n<p>&nbsp;<\/p>\n<p>Este libro presenta una colecci\u00f3n de textos que ponen de manifiesto\u00a0 que el arte y lo art\u00edstico, como cualquier otra manifestaci\u00f3n del ser humano, se mueve en unos par\u00e1metros determinados, y si pretendemos que se conozcan y se valoren, se deben ense\u00f1ar y aprender, y no hay mejor lugar para hacerlo que el centro escolar.<\/p>\n<p>Colabor\u00e9 con Jordi Caja y J.M Gonz\u00e1lez en la redacci\u00f3n del cap\u00edtulo 4: <strong>Un mundo lleno de im\u00e1genes.<\/strong><\/p>\n<hr \/>\n<p>&nbsp;<\/p>\n<p><img loading=\"lazy\" decoding=\"async\" class=\"alignleft wp-image-255 \" src=\"https:\/\/martaberrocal.org\/es\/wp-content\/uploads\/2016\/05\/DSC03753-Copiar-213x300.jpg\" alt=\"DSC03753 (Copiar)\" width=\"200\" height=\"282\" srcset=\"https:\/\/martaberrocal.org\/es\/wp-content\/uploads\/2016\/05\/DSC03753-Copiar-213x300.jpg 213w, https:\/\/martaberrocal.org\/es\/wp-content\/uploads\/2016\/05\/DSC03753-Copiar.jpg 341w\" sizes=\"auto, (max-width: 200px) 100vw, 200px\" \/><\/p>\n<p>&nbsp;<\/p>\n<p><strong>Entender el arte. Una gu\u00eda para el profesorado<\/strong>. Martin Wenham. Barcelona: Editorial Gra\u00f3. Marzo 2011<\/p>\n<p>&nbsp;<\/p>\n<p>&nbsp;<\/p>\n<p>&nbsp;<\/p>\n<p>&nbsp;<\/p>\n<p>Escrib\u00ed el pr\u00f3logo a la edici\u00f3n en castellano y revis\u00e9 la traducci\u00f3n. El t\u00edtulo\u00a0original en ingl\u00e9s es: <strong><em>Understanding Art. A guide for Teachers.<\/em><\/strong><\/p>\n<p>Este libro constituye una magn\u00edfica gu\u00eda para el profesorado, cuya pretensi\u00f3n deja muy clara el autor en las primeras p\u00e1ginas: ofrecer un punto de partida para poder abordar tanto en educaci\u00f3n infantil, primaria como secundaria, la ense\u00f1anza y el aprendizaje de algunos de los contenidos propios de la educaci\u00f3n art\u00edstica, centr\u00e1ndose en los elementos b\u00e1sicos que componen el lenguaje visual: el punto, la l\u00ednea, el tono, el color, la forma plana, el espacio, la forma tridimensional, la textura y el dise\u00f1o. A cada uno de ellos dedica un cap\u00edtulo.<\/p>\n<hr \/>\n<p>&nbsp;<\/p>\n<p><img loading=\"lazy\" decoding=\"async\" class=\"wp-image-1591 alignleft\" src=\"https:\/\/martaberrocal.org\/es\/wp-content\/uploads\/2016\/05\/DSC03754-Copiar-1-191x300.jpg\" alt=\"dsc03754-copiar\" width=\"177\" height=\"278\" srcset=\"https:\/\/martaberrocal.org\/es\/wp-content\/uploads\/2016\/05\/DSC03754-Copiar-1-191x300.jpg 191w, https:\/\/martaberrocal.org\/es\/wp-content\/uploads\/2016\/05\/DSC03754-Copiar-1.jpg 306w\" sizes=\"auto, (max-width: 177px) 100vw, 177px\" \/><\/p>\n<p>&nbsp;<\/p>\n<p>&nbsp;<\/p>\n<p><strong><em>Aprendre a pensar<\/em><\/strong>. Textos de las ponencias de las XXII Jornadas interdisciplinarias \u201c<a href=\"https:\/\/martaberrocal.org\/es\/?page_id=536\">Aprendre a pensar<\/a>\u201d, celebradas en Barcelona los d\u00edas 3, 10, 17, 24 de noviembre y 1 de diciembre de 2003. Publicado por el <em>\u00c0mbit d\u2019Investigaci\u00f3 i Difusi\u00f3 Maria Corral<\/em>. Editorial Edimurtra, S.A. Barcelona 2004.<\/p>\n<p>El texto de mi ponencia se titula: <strong><em>Crear pensament des de l\u2019educaci\u00f3 art\u00edstica <\/em><\/strong>(p\u00e1ginas 165 a 171).<\/p>\n<p>&nbsp;<\/p>\n","protected":false},"excerpt":{"rendered":"<p>&nbsp; Autora &nbsp; &nbsp; Ens ho passem molt b\u00e9, l\u2019\u00e0via i jo. Barcelona: Ediciones Baula. Colecci\u00f3n Ala Delta. Noviembre de 1997. &nbsp; &nbsp; &nbsp; Se trata de una novela infantil que aborda la muerte de las personas mayores. Si se lee conjuntamente (adultos y ni\u00f1os), facilita poder hablar en torno a un tema que a &hellip; <a href=\"https:\/\/martaberrocal.org\/es\/publicaciones-libros\/\" class=\"more-link\">Seguir leyendo <span class=\"screen-reader-text\">Libros<\/span> <span class=\"meta-nav\">&rarr;<\/span><\/a><\/p>\n","protected":false},"author":1,"featured_media":0,"parent":0,"menu_order":0,"comment_status":"closed","ping_status":"closed","template":"","meta":{"footnotes":""},"class_list":["post-90","page","type-page","status-publish","hentry"],"_links":{"self":[{"href":"https:\/\/martaberrocal.org\/es\/wp-json\/wp\/v2\/pages\/90","targetHints":{"allow":["GET"]}}],"collection":[{"href":"https:\/\/martaberrocal.org\/es\/wp-json\/wp\/v2\/pages"}],"about":[{"href":"https:\/\/martaberrocal.org\/es\/wp-json\/wp\/v2\/types\/page"}],"author":[{"embeddable":true,"href":"https:\/\/martaberrocal.org\/es\/wp-json\/wp\/v2\/users\/1"}],"replies":[{"embeddable":true,"href":"https:\/\/martaberrocal.org\/es\/wp-json\/wp\/v2\/comments?post=90"}],"version-history":[{"count":19,"href":"https:\/\/martaberrocal.org\/es\/wp-json\/wp\/v2\/pages\/90\/revisions"}],"predecessor-version":[{"id":3366,"href":"https:\/\/martaberrocal.org\/es\/wp-json\/wp\/v2\/pages\/90\/revisions\/3366"}],"wp:attachment":[{"href":"https:\/\/martaberrocal.org\/es\/wp-json\/wp\/v2\/media?parent=90"}],"curies":[{"name":"wp","href":"https:\/\/api.w.org\/{rel}","templated":true}]}}